{"id":291732,"date":"2023-01-06T13:57:10","date_gmt":"2023-01-06T13:57:10","guid":{"rendered":"https:\/\/glamuur.ee\/product\/ania-haie-kaevoru\/"},"modified":"2026-04-15T17:08:57","modified_gmt":"2026-04-15T14:08:57","slug":"ania-haie-kaevoru","status":"publish","type":"product","link":"https:\/\/glamuur.ee\/ru\/product\/ania-haie-kaevoru\/","title":{"rendered":"Ania Haie k\u00e4ev\u00f5ru"},"content":{"rendered":"<p>K\u00e4ev\u00f5ru l\u00e4bim\u00f5\u00f5t: 5,5 cm x 4,5 cm<br \/>\n K\u00e4ev\u00f5ru ava: 2cm<br \/>\n Laius: 0,5 cm<\/p>","protected":false},"excerpt":{"rendered":"<p>K\u00e4ev\u00f5ru l\u00e4bim\u00f5\u00f5t: 5,5 cm x 4,5 cm K\u00e4ev\u00f5ru ava: 2cm Laius: 0,5 cm<\/p>","protected":false},"featured_media":291740,"comment_status":"open","ping_status":"closed","template":"","meta":{"jetpack_post_was_ever_published":false},"product_brand":[],"product_cat":[200],"product_tag":[],"giftcard-category":[],"class_list":{"0":"post-291732","1":"product","2":"type-product","3":"status-publish","4":"has-post-thumbnail","6":"product_cat-ania-haie","7":"pa_material-silver","8":"pa_metal-color-yellow-gold","9":"pa_product-brand-ti-sento-milano","10":"pa_stone-color-without-stones","11":"pa_type-category-rings","13":"first","14":"instock","15":"featured","16":"taxable","17":"shipping-taxable","18":"purchasable","19":"product-type-simple"},"bundled_by":[],"bundle_stock_status":"instock","bundle_stock_quantity":4,"bundle_virtual":false,"bundle_layout":"","bundle_add_to_cart_form_location":"","bundle_editable_in_cart":false,"bundle_sold_individually_context":"","bundle_item_grouping":"","bundle_min_size":"","bundle_max_size":"","bundle_price":[],"bundled_items":[],"bundle_sell_ids":[],"etheme_brands":{"errors":{"invalid_taxonomy":["\u041d\u0435\u0432\u0435\u0440\u043d\u0430\u044f \u0442\u0430\u043a\u0441\u043e\u043d\u043e\u043c\u0438\u044f."]},"error_data":[]},"_links":{"self":[{"href":"https:\/\/glamuur.ee\/ru\/wp-json\/wp\/v2\/product\/291732","targetHints":{"allow":["GET"]}}],"collection":[{"href":"https:\/\/glamuur.ee\/ru\/wp-json\/wp\/v2\/product"}],"about":[{"href":"https:\/\/glamuur.ee\/ru\/wp-json\/wp\/v2\/types\/product"}],"replies":[{"embeddable":true,"href":"https:\/\/glamuur.ee\/ru\/wp-json\/wp\/v2\/comments?post=291732"}],"wp:featuredmedia":[{"embeddable":true,"href":"https:\/\/glamuur.ee\/ru\/wp-json\/wp\/v2\/media\/291740"}],"wp:attachment":[{"href":"https:\/\/glamuur.ee\/ru\/wp-json\/wp\/v2\/media?parent=291732"}],"wp:term":[{"taxonomy":"product_brand","embeddable":true,"href":"https:\/\/glamuur.ee\/ru\/wp-json\/wp\/v2\/product_brand?post=291732"},{"taxonomy":"product_cat","embeddable":true,"href":"https:\/\/glamuur.ee\/ru\/wp-json\/wp\/v2\/product_cat?post=291732"},{"taxonomy":"product_tag","embeddable":true,"href":"https:\/\/glamuur.ee\/ru\/wp-json\/wp\/v2\/product_tag?post=291732"},{"taxonomy":"giftcard-category","embeddable":true,"href":"https:\/\/glamuur.ee\/ru\/wp-json\/wp\/v2\/giftcard-category?post=291732"}],"curies":[{"name":"wp","href":"https:\/\/api.w.org\/{rel}","templated":true}]}}