{"id":278109,"date":"2025-06-18T16:50:58","date_gmt":"2025-06-18T13:50:58","guid":{"rendered":"https:\/\/glamuur.ee\/?post_type=product&#038;p=278109"},"modified":"2025-11-09T12:41:09","modified_gmt":"2025-11-09T10:41:09","slug":"bronzallure-earrings-48","status":"publish","type":"product","link":"https:\/\/glamuur.ee\/ru\/product\/bronzallure-earrings-48\/","title":{"rendered":"Bronzallure \u0421\u0435\u0440\u044c\u0433\u0438"},"content":{"rendered":"<p>\u0421\u0435\u0440\u044c\u0433\u0438-\u043f\u043e\u0434\u0432\u0435\u0441\u043a\u0438 Bronzallure \u0438\u0437 \u0441\u043f\u043b\u0430\u0432\u0430 Golden Ros\u00e9, \u043f\u043e\u043a\u0440\u044b\u0442\u0438\u0435 \u0440\u043e\u0437\u043e\u0432\u044b\u043c \u0437\u043e\u043b\u043e\u0442\u043e\u043c 18 \u043a\u0430\u0440\u0430\u0442, \u0443\u043a\u0440\u0430\u0448\u0435\u043d\u044b \u043f\u0430\u0432\u0435 \u0438 \u0434\u0432\u0443\u043c\u044f \u043a\u0432\u0430\u0434\u0440\u0430\u0442\u043d\u044b\u043c\u0438 \u043d\u0430\u043d\u043e\u043a\u0440\u0438\u0441\u0442\u0430\u043b\u043b\u0430\u043c\u0438 (8\u00d78 \u043c\u043c); \u0437\u0430\u0441\u0442\u0435\u0436\u043a\u0430-\u043a\u0440\u044e\u0447\u043e\u043a.<\/p>\n<p>\u0417\u0430\u043f\u0430\u0442\u0435\u043d\u0442\u043e\u0432\u0430\u043d\u043d\u044b\u0439 \u0441\u043f\u043b\u0430\u0432 \"\u0417\u043e\u043b\u043e\u0442\u0430\u044f \u0440\u043e\u0437\u0430<br \/>\n\u0420\u0430\u0437\u0440\u0430\u0431\u043e\u0442\u0430\u043d\u043e \u0438 \u0438\u0437\u0433\u043e\u0442\u043e\u0432\u043b\u0435\u043d\u043e \u0432 \u0418\u0442\u0430\u043b\u0438\u0438<br \/>\n\u041d\u0435 \u0441\u043e\u0434\u0435\u0440\u0436\u0438\u0442 \u043d\u0438\u043a\u0435\u043b\u044f, \u043a\u0430\u0434\u043c\u0438\u044f<br \/>\n\u0413\u0438\u043f\u043e\u0430\u043b\u043b\u0435\u0440\u0433\u0435\u043d\u043d\u044b\u0439<\/p>\n<p>\u041c\u0430\u0442\u0435\u0440\u0438\u0430\u043b: \u0417\u043e\u043b\u043e\u0442\u0430\u044f \u0440\u043e\u0437\u0430<br \/>\n\u0412\u0435\u0441 (\u0433): 3,5<\/p>","protected":false},"excerpt":{"rendered":"<p>Bronzallure pendant earrings made of Golden Ros\u00e9 alloy, 18kt rose gold plated, embellished with pav\u00e9 counter-link and two square nano crystal stones (8&#215;8 mm); hook closure. Patented Golden Ros\u00e9 alloy Designed and made in Italy Nickel free, cadmium free Hypoallergenic Material: Golden Ros\u00e9 Weight (g):&#8230;<\/p>","protected":false},"featured_media":278110,"comment_status":"open","ping_status":"closed","template":"","meta":{"jetpack_post_was_ever_published":false},"product_brand":[],"product_cat":[193,194,931,725,979,939,964,813],"product_tag":[],"giftcard-category":[],"class_list":{"0":"post-278109","1":"product","2":"type-product","3":"status-publish","4":"has-post-thumbnail","6":"product_cat-bronzallure","7":"product_cat-bronzallure-earrings","8":"product_cat-bronzallure-fall-winter24","9":"product_cat-earrings","10":"product_cat-graduation-2025","11":"product_cat-ti-sento-sale-europe","12":"product_cat-summer-sale-ti-sento","13":"product_cat-womens-day","14":"pa_material-golden-rose","15":"pa_metal-color-rose-gold","16":"pa_product-brand-bronzallure","17":"pa_stone-color-red","18":"pa_type-category-earrings","20":"first","21":"outofstock","22":"taxable","23":"shipping-taxable","24":"purchasable","25":"product-type-simple"},"bundled_by":[],"bundle_stock_status":"outofstock","bundle_stock_quantity":0,"bundle_virtual":false,"bundle_layout":"","bundle_add_to_cart_form_location":"","bundle_editable_in_cart":false,"bundle_sold_individually_context":"","bundle_item_grouping":"","bundle_min_size":"","bundle_max_size":"","bundle_price":[],"bundled_items":[],"bundle_sell_ids":[],"etheme_brands":{"errors":{"invalid_taxonomy":["\u041d\u0435\u0432\u0435\u0440\u043d\u0430\u044f \u0442\u0430\u043a\u0441\u043e\u043d\u043e\u043c\u0438\u044f."]},"error_data":[]},"_links":{"self":[{"href":"https:\/\/glamuur.ee\/ru\/wp-json\/wp\/v2\/product\/278109","targetHints":{"allow":["GET"]}}],"collection":[{"href":"https:\/\/glamuur.ee\/ru\/wp-json\/wp\/v2\/product"}],"about":[{"href":"https:\/\/glamuur.ee\/ru\/wp-json\/wp\/v2\/types\/product"}],"replies":[{"embeddable":true,"href":"https:\/\/glamuur.ee\/ru\/wp-json\/wp\/v2\/comments?post=278109"}],"wp:featuredmedia":[{"embeddable":true,"href":"https:\/\/glamuur.ee\/ru\/wp-json\/wp\/v2\/media\/278110"}],"wp:attachment":[{"href":"https:\/\/glamuur.ee\/ru\/wp-json\/wp\/v2\/media?parent=278109"}],"wp:term":[{"taxonomy":"product_brand","embeddable":true,"href":"https:\/\/glamuur.ee\/ru\/wp-json\/wp\/v2\/product_brand?post=278109"},{"taxonomy":"product_cat","embeddable":true,"href":"https:\/\/glamuur.ee\/ru\/wp-json\/wp\/v2\/product_cat?post=278109"},{"taxonomy":"product_tag","embeddable":true,"href":"https:\/\/glamuur.ee\/ru\/wp-json\/wp\/v2\/product_tag?post=278109"},{"taxonomy":"giftcard-category","embeddable":true,"href":"https:\/\/glamuur.ee\/ru\/wp-json\/wp\/v2\/giftcard-category?post=278109"}],"curies":[{"name":"wp","href":"https:\/\/api.w.org\/{rel}","templated":true}]}}