{"id":261367,"date":"2024-06-10T11:45:52","date_gmt":"2024-06-10T08:45:52","guid":{"rendered":"https:\/\/glamuur.ee\/?post_type=product&#038;p=261367"},"modified":"2024-12-02T23:26:05","modified_gmt":"2024-12-02T21:26:05","slug":"kalad-kehaoli","status":"publish","type":"product","link":"https:\/\/glamuur.ee\/ru\/product\/kalad-kehaoli\/","title":{"rendered":"Kalad \u2013 Keha\u00f5li"},"content":{"rendered":"<p><strong>KEHA\u00d5LI 100 \u043c\u043b.<\/strong>\u00a0Siidine ja luksuslik keha\u00f5li on valmistatud t\u00e4hem\u00e4rgile sobivatest \u00f6koloogilistest \u00f5lidest. Kanna keha\u00f5li oma nahale ja lase rikkalikel eeterlikel \u00f5lidel \u00f5rnalt paitada oma keha ja meeli.<\/p>\n<p>KOOSTISOSAD: magusa mandli \u00f5li (prunus amygdalus dulcis)*, sandlipuu eeterlik \u00f5li (santalum austro caledonicum)*, jasmiini eeterlik \u00f5li (jasminum grandiflorum)*, E-vitamiin (tocopherol), farnesol**, linalool**, eugenol**<\/p>\n<p>* koostisaine sertifitseeritud orgaanilisest \u00f5list<br \/>\n** esineb looduslikult<\/p>\n<p>Tooraine p\u00e4ritolu Prantsusmaa<br \/>\n100% julmusevaba\/j\u00e4tkusuutlik\/vegan<\/p>","protected":false},"excerpt":{"rendered":"<p>KEHA\u00d5LI 100ml.\u00a0Siidine ja luksuslik keha\u00f5li on valmistatud t\u00e4hem\u00e4rgile sobivatest \u00f6koloogilistest \u00f5lidest. Kanna keha\u00f5li oma nahale ja lase rikkalikel eeterlikel \u00f5lidel \u00f5rnalt paitada oma keha ja meeli. KOOSTISOSAD: magusa mandli \u00f5li (prunus amygdalus dulcis)*, sandlipuu eeterlik \u00f5li (santalum austro caledonicum)*, jasmiini eeterlik \u00f5li (jasminum grandiflorum)*, E-vitamiin&#8230;<\/p>","protected":false},"featured_media":261323,"comment_status":"open","ping_status":"closed","template":"","meta":{"jetpack_post_was_ever_published":false},"product_brand":[],"product_cat":[842],"product_tag":[935],"giftcard-category":[],"class_list":{"0":"post-261367","1":"product","2":"type-product","3":"status-publish","4":"has-post-thumbnail","6":"product_cat-zodiacs","7":"product_tag-special-collections","9":"first","10":"outofstock","11":"taxable","12":"shipping-taxable","13":"purchasable","14":"product-type-simple"},"bundled_by":[],"bundle_stock_status":"outofstock","bundle_stock_quantity":0,"bundle_virtual":false,"bundle_layout":"","bundle_add_to_cart_form_location":"","bundle_editable_in_cart":false,"bundle_sold_individually_context":"","bundle_item_grouping":"","bundle_min_size":"","bundle_max_size":"","bundle_price":[],"bundled_items":[],"bundle_sell_ids":[],"etheme_brands":{"errors":{"invalid_taxonomy":["\u041d\u0435\u0432\u0435\u0440\u043d\u0430\u044f \u0442\u0430\u043a\u0441\u043e\u043d\u043e\u043c\u0438\u044f."]},"error_data":[]},"_links":{"self":[{"href":"https:\/\/glamuur.ee\/ru\/wp-json\/wp\/v2\/product\/261367","targetHints":{"allow":["GET"]}}],"collection":[{"href":"https:\/\/glamuur.ee\/ru\/wp-json\/wp\/v2\/product"}],"about":[{"href":"https:\/\/glamuur.ee\/ru\/wp-json\/wp\/v2\/types\/product"}],"replies":[{"embeddable":true,"href":"https:\/\/glamuur.ee\/ru\/wp-json\/wp\/v2\/comments?post=261367"}],"wp:featuredmedia":[{"embeddable":true,"href":"https:\/\/glamuur.ee\/ru\/wp-json\/wp\/v2\/media\/261323"}],"wp:attachment":[{"href":"https:\/\/glamuur.ee\/ru\/wp-json\/wp\/v2\/media?parent=261367"}],"wp:term":[{"taxonomy":"product_brand","embeddable":true,"href":"https:\/\/glamuur.ee\/ru\/wp-json\/wp\/v2\/product_brand?post=261367"},{"taxonomy":"product_cat","embeddable":true,"href":"https:\/\/glamuur.ee\/ru\/wp-json\/wp\/v2\/product_cat?post=261367"},{"taxonomy":"product_tag","embeddable":true,"href":"https:\/\/glamuur.ee\/ru\/wp-json\/wp\/v2\/product_tag?post=261367"},{"taxonomy":"giftcard-category","embeddable":true,"href":"https:\/\/glamuur.ee\/ru\/wp-json\/wp\/v2\/giftcard-category?post=261367"}],"curies":[{"name":"wp","href":"https:\/\/api.w.org\/{rel}","templated":true}]}}