{"id":240282,"date":"2023-09-21T10:50:11","date_gmt":"2023-09-21T10:50:11","guid":{"rendered":"https:\/\/glamuur.ee\/product\/bronzallure-necklace-wsbz02210-whi-cz\/"},"modified":"2025-04-30T16:51:45","modified_gmt":"2025-04-30T13:51:45","slug":"%d0%be%d0%b6%d0%b5%d1%80%d0%b5%d0%bb%d1%8c%d0%b5-%d0%b8%d0%b7-%d0%b1%d1%80%d0%be%d0%bd%d0%b7%d0%be%d0%b2%d0%be%d0%b3%d0%be-%d1%81%d0%bf%d0%bb%d0%b0%d0%b2%d0%b0-wsbz02210-whi-cz","status":"publish","type":"product","link":"https:\/\/glamuur.ee\/ru\/product\/bronzallure-necklace-wsbz02210-whi-cz\/","title":{"rendered":"Bronzallure \u041e\u0436\u0435\u0440\u0435\u043b\u044c\u0435"},"content":{"rendered":"<p>\u0414\u043b\u0438\u043d\u043d\u043e\u0435 \u043a\u043e\u043b\u044c\u0435 Bronzallure \u0438\u0437 \u0441\u043f\u043b\u0430\u0432\u0430 \"\u0437\u043e\u043b\u043e\u0442\u0430\u044f \u0440\u043e\u0437\u0430\", \u043f\u043e\u043a\u0440\u044b\u0442\u043e\u0433\u043e \u0440\u043e\u0437\u043e\u0432\u044b\u043c \u0437\u043e\u043b\u043e\u0442\u043e\u043c 18 \u043a\u0430\u0440\u0430\u0442, \u0441 \u0446\u0435\u043f\u043e\u0447\u043a\u043e\u0439 \u0444\u043e\u0440\u0437\u0430\u0442\u0438\u043d\u0430, \u0443\u043a\u0440\u0430\u0448\u0435\u043d\u043d\u043e\u0439 \u0447\u0435\u0442\u044b\u0440\u044c\u043c\u044f \u0441\u0442\u0430\u043d\u0446\u0438\u044f\u043c\u0438 \u00e9toiles (19,5\u00d715,5 \u043c\u043c), \u0432\u043a\u043b\u044e\u0447\u0430\u044f \u0434\u0432\u0435 \u0438\u0437 \u043f\u0435\u0440\u0444\u043e\u0440\u0438\u0440\u043e\u0432\u0430\u043d\u043d\u043e\u0439 \u0437\u043e\u043b\u043e\u0442\u043e\u0439 \u0440\u043e\u0437\u044b \u0438 \u0434\u0432\u0435 \u0438\u0437 \u044d\u043c\u0430\u043b\u0438 \u0441 \u043a\u0443\u0431\u0438\u0447\u0435\u0441\u043a\u0438\u043c \u0446\u0438\u0440\u043a\u043e\u043d\u0438\u0435\u043c pav\u00e9, \u043a\u0430\u0447\u0435\u0441\u0442\u0432\u043e \u0441\u0432\u0435\u0447\u0435\u043d\u0438\u044f; \u0437\u0430\u0441\u0442\u0435\u0436\u043a\u0430-\u043b\u043e\u0431\u0441\u0442\u0435\u0440.<\/p>\n<p>\u0417\u0430\u043f\u0430\u0442\u0435\u043d\u0442\u043e\u0432\u0430\u043d\u043d\u044b\u0439 \u0441\u043f\u043b\u0430\u0432 \"\u0417\u043e\u043b\u043e\u0442\u0430\u044f \u0440\u043e\u0437\u0430<\/p>\n<p>\u0420\u0430\u0437\u0440\u0430\u0431\u043e\u0442\u0430\u043d\u043e \u0438 \u0438\u0437\u0433\u043e\u0442\u043e\u0432\u043b\u0435\u043d\u043e \u0432 \u0418\u0442\u0430\u043b\u0438\u0438<\/p>\n<p>\u041d\u0435 \u0441\u043e\u0434\u0435\u0440\u0436\u0438\u0442 \u043d\u0438\u043a\u0435\u043b\u044f, \u043a\u0430\u0434\u043c\u0438\u044f<\/p>\n<p>\u0413\u0438\u043f\u043e\u0430\u043b\u043b\u0435\u0440\u0433\u0435\u043d\u043d\u044b\u0439<\/p>\n<p>\u041c\u0430\u0442\u0435\u0440\u0438\u0430\u043b: \u0417\u043e\u043b\u043e\u0442\u044b\u0435 \u0440\u043e\u0437\u044b<br \/>\n\u0414\u043b\u0438\u043d\u0430 (\u0441\u043c): 85.3<br \/>\n\u0412\u0435\u0441 (\u0433): 20.5<\/p>","protected":false},"excerpt":{"rendered":"<p>Bronzallure long necklace made of Golden Ros\u00e9 alloy, 18kt rose gold plated, with forzatina chain embellished with four \u00e9toiles stations (19.5&#215;15.5 mm) including two in perforated golden ros\u00e9 and two enamelled with cubic zirconia pav\u00e9, luminous quality; lobster clasp closure. Golden Ros\u00e9 patented alloy Designed&#8230;<\/p>","protected":false},"featured_media":240283,"comment_status":"open","ping_status":"closed","template":"","meta":{"jetpack_post_was_ever_published":false},"product_brand":[],"product_cat":[193,195,727,939,964],"product_tag":[],"giftcard-category":[],"class_list":{"0":"post-240282","1":"product","2":"type-product","3":"status-publish","4":"has-post-thumbnail","6":"product_cat-bronzallure","7":"product_cat-bronzallure-necklaces","8":"product_cat-necklaces","9":"product_cat-ti-sento-sale-europe","10":"product_cat-summer-sale-ti-sento","11":"pa_material-golden-rose","12":"pa_metal-color-rose-gold","13":"pa_product-brand-bronzallure","14":"pa_stone-color-white","15":"pa_type-category-necklaces","17":"first","18":"instock","19":"taxable","20":"shipping-taxable","21":"purchasable","22":"product-type-simple"},"bundled_by":[],"bundle_stock_status":"instock","bundle_stock_quantity":1,"bundle_virtual":false,"bundle_layout":"","bundle_add_to_cart_form_location":"","bundle_editable_in_cart":false,"bundle_sold_individually_context":"","bundle_item_grouping":"","bundle_min_size":"","bundle_max_size":"","bundle_price":[],"bundled_items":[],"bundle_sell_ids":[],"etheme_brands":{"errors":{"invalid_taxonomy":["\u041d\u0435\u0432\u0435\u0440\u043d\u0430\u044f \u0442\u0430\u043a\u0441\u043e\u043d\u043e\u043c\u0438\u044f."]},"error_data":[]},"_links":{"self":[{"href":"https:\/\/glamuur.ee\/ru\/wp-json\/wp\/v2\/product\/240282","targetHints":{"allow":["GET"]}}],"collection":[{"href":"https:\/\/glamuur.ee\/ru\/wp-json\/wp\/v2\/product"}],"about":[{"href":"https:\/\/glamuur.ee\/ru\/wp-json\/wp\/v2\/types\/product"}],"replies":[{"embeddable":true,"href":"https:\/\/glamuur.ee\/ru\/wp-json\/wp\/v2\/comments?post=240282"}],"wp:featuredmedia":[{"embeddable":true,"href":"https:\/\/glamuur.ee\/ru\/wp-json\/wp\/v2\/media\/240283"}],"wp:attachment":[{"href":"https:\/\/glamuur.ee\/ru\/wp-json\/wp\/v2\/media?parent=240282"}],"wp:term":[{"taxonomy":"product_brand","embeddable":true,"href":"https:\/\/glamuur.ee\/ru\/wp-json\/wp\/v2\/product_brand?post=240282"},{"taxonomy":"product_cat","embeddable":true,"href":"https:\/\/glamuur.ee\/ru\/wp-json\/wp\/v2\/product_cat?post=240282"},{"taxonomy":"product_tag","embeddable":true,"href":"https:\/\/glamuur.ee\/ru\/wp-json\/wp\/v2\/product_tag?post=240282"},{"taxonomy":"giftcard-category","embeddable":true,"href":"https:\/\/glamuur.ee\/ru\/wp-json\/wp\/v2\/giftcard-category?post=240282"}],"curies":[{"name":"wp","href":"https:\/\/api.w.org\/{rel}","templated":true}]}}