{"id":240102,"date":"2023-09-21T10:40:48","date_gmt":"2023-09-21T10:40:48","guid":{"rendered":"https:\/\/glamuur.ee\/product\/bronzallure-earrings-wsbz02209-blk-cz\/"},"modified":"2026-02-13T22:15:04","modified_gmt":"2026-02-13T20:15:04","slug":"bronzallure-earrings-wsbz02209-blk-cz","status":"publish","type":"product","link":"https:\/\/glamuur.ee\/ru\/product\/bronzallure-earrings-wsbz02209-blk-cz\/","title":{"rendered":"Bronzallure \u0421\u0435\u0440\u044c\u0433\u0438"},"content":{"rendered":"<p>\u0421\u0435\u0440\u044c\u0433\u0438-\u043f\u043e\u0434\u0432\u0435\u0441\u043a\u0438 Bronzallure \u0438\u0437 \u0441\u043f\u043b\u0430\u0432\u0430 Golden Ros\u00e9, \u043f\u043e\u043a\u0440\u044b\u0442\u0438\u0435 \u0440\u043e\u0437\u043e\u0432\u044b\u043c \u0437\u043e\u043b\u043e\u0442\u043e\u043c 18 \u043a\u0430\u0440\u0430\u0442, \u0443\u043a\u0440\u0430\u0448\u0435\u043d\u044b \u0434\u0432\u0443\u043c\u044f \u044d\u043b\u0435\u043c\u0435\u043d\u0442\u0430\u043c\u0438 \u00e9toile, \u043c\u0430\u043b\u0435\u043d\u044c\u043a\u0438\u043c \u0438\u0437 \u0437\u043e\u043b\u043e\u0442\u043e\u0439 \u0440\u043e\u0437\u044b (14,5\u00d711,5 \u043c\u043c) \u0438 \u0431\u043e\u043b\u044c\u0448\u0438\u043c (19,5\u00d715,5 \u043c\u043c) \u0438\u0437 \u043d\u0430\u0442\u0443\u0440\u0430\u043b\u044c\u043d\u043e\u0433\u043e \u043a\u0430\u043c\u043d\u044f, \u0447\u0435\u0440\u043d\u043e\u0433\u043e \u043e\u043d\u0438\u043a\u0441\u0430 \u0438\u043b\u0438 \u0431\u0435\u043b\u043e\u0433\u043e \u043f\u0435\u0440\u043b\u0430\u043c\u0443\u0442\u0440\u0430, \u0441 \u043a\u0443\u0431\u0438\u0447\u0435\u0441\u043a\u0438\u043c \u0446\u0438\u0440\u043a\u043e\u043d\u0438\u0435\u043c \u043f\u0430\u0432\u0435, \u043a\u0430\u0447\u0435\u0441\u0442\u0432\u043e \u0441\u0432\u0435\u0447\u0435\u043d\u0438\u044f; \u0437\u0430\u0441\u0442\u0435\u0436\u043a\u0430-\u0448\u043f\u0438\u043b\u044c\u043a\u0430 \u0438 \u0431\u0430\u0431\u043e\u0447\u043a\u0430.<\/p>\n<p>\u0417\u0430\u043f\u0430\u0442\u0435\u043d\u0442\u043e\u0432\u0430\u043d\u043d\u044b\u0439 \u0441\u043f\u043b\u0430\u0432 \"\u0417\u043e\u043b\u043e\u0442\u0430\u044f \u0440\u043e\u0437\u0430<br \/>\n\u0420\u0430\u0437\u0440\u0430\u0431\u043e\u0442\u0430\u043d\u043e \u0438 \u0438\u0437\u0433\u043e\u0442\u043e\u0432\u043b\u0435\u043d\u043e \u0432 \u0418\u0442\u0430\u043b\u0438\u0438<br \/>\n\u041e\u0442\u0431\u043e\u0440\u043d\u044b\u0435 \u043d\u0430\u0442\u0443\u0440\u0430\u043b\u044c\u043d\u044b\u0435 \u043a\u0430\u043c\u043d\u0438<br \/>\n\u041d\u0435 \u0441\u043e\u0434\u0435\u0440\u0436\u0438\u0442 \u043d\u0438\u043a\u0435\u043b\u044f, \u043a\u0430\u0434\u043c\u0438\u044f<br \/>\n\u0413\u0438\u043f\u043e\u0430\u043b\u043b\u0435\u0440\u0433\u0435\u043d\u043d\u044b\u0439<\/p>\n<p>\u041c\u0430\u0442\u0435\u0440\u0438\u0430\u043b: \u0417\u043e\u043b\u043e\u0442\u044b\u0435 \u0440\u043e\u0437\u044b<br \/>\n\u0412\u0435\u0441 (\u0433): 8.8<\/p>","protected":false},"excerpt":{"rendered":"<p>Bronzallure pendant earrings made of Golden Ros\u00e9 alloy, 18kt rose gold plated, embellished with two \u00e9toile elements, a small one in golden ros\u00e9 (14.5&#215;11.5 mm) and a large one (19.5&#215;15.5 mm) in natural stone, black onyx or white mother-of-pearl, with cubic zirconia pav\u00e9, luminous quality;&#8230;<\/p>","protected":false},"featured_media":240103,"comment_status":"open","ping_status":"closed","template":"","meta":{"jetpack_post_was_ever_published":false},"product_brand":[],"product_cat":[193,194,725],"product_tag":[],"giftcard-category":[],"class_list":{"0":"post-240102","1":"product","2":"type-product","3":"status-publish","4":"has-post-thumbnail","6":"product_cat-bronzallure","7":"product_cat-bronzallure-earrings","8":"product_cat-earrings","9":"pa_material-golden-rose","10":"pa_metal-color-rose-gold","11":"pa_product-brand-bronzallure","12":"pa_stone-color-black","13":"pa_type-category-earrings","15":"first","16":"instock","17":"taxable","18":"shipping-taxable","19":"purchasable","20":"product-type-simple"},"bundled_by":[],"bundle_stock_status":"instock","bundle_stock_quantity":1,"bundle_virtual":false,"bundle_layout":"","bundle_add_to_cart_form_location":"","bundle_editable_in_cart":false,"bundle_sold_individually_context":"","bundle_item_grouping":"","bundle_min_size":"","bundle_max_size":"","bundle_price":[],"bundled_items":[],"bundle_sell_ids":[],"etheme_brands":{"errors":{"invalid_taxonomy":["\u041d\u0435\u0432\u0435\u0440\u043d\u0430\u044f \u0442\u0430\u043a\u0441\u043e\u043d\u043e\u043c\u0438\u044f."]},"error_data":[]},"_links":{"self":[{"href":"https:\/\/glamuur.ee\/ru\/wp-json\/wp\/v2\/product\/240102","targetHints":{"allow":["GET"]}}],"collection":[{"href":"https:\/\/glamuur.ee\/ru\/wp-json\/wp\/v2\/product"}],"about":[{"href":"https:\/\/glamuur.ee\/ru\/wp-json\/wp\/v2\/types\/product"}],"replies":[{"embeddable":true,"href":"https:\/\/glamuur.ee\/ru\/wp-json\/wp\/v2\/comments?post=240102"}],"wp:featuredmedia":[{"embeddable":true,"href":"https:\/\/glamuur.ee\/ru\/wp-json\/wp\/v2\/media\/240103"}],"wp:attachment":[{"href":"https:\/\/glamuur.ee\/ru\/wp-json\/wp\/v2\/media?parent=240102"}],"wp:term":[{"taxonomy":"product_brand","embeddable":true,"href":"https:\/\/glamuur.ee\/ru\/wp-json\/wp\/v2\/product_brand?post=240102"},{"taxonomy":"product_cat","embeddable":true,"href":"https:\/\/glamuur.ee\/ru\/wp-json\/wp\/v2\/product_cat?post=240102"},{"taxonomy":"product_tag","embeddable":true,"href":"https:\/\/glamuur.ee\/ru\/wp-json\/wp\/v2\/product_tag?post=240102"},{"taxonomy":"giftcard-category","embeddable":true,"href":"https:\/\/glamuur.ee\/ru\/wp-json\/wp\/v2\/giftcard-category?post=240102"}],"curies":[{"name":"wp","href":"https:\/\/api.w.org\/{rel}","templated":true}]}}