{"id":291856,"date":"2025-01-23T16:18:04","date_gmt":"2025-01-23T14:18:04","guid":{"rendered":"https:\/\/glamuur.ee\/valentinipaev-2025\/"},"modified":"2025-06-30T17:39:23","modified_gmt":"2025-06-30T14:39:23","slug":"valentinipaev-2025","status":"publish","type":"page","link":"https:\/\/glamuur.ee\/ru\/valentinipaev-2025\/","title":{"rendered":"\u0412\u0430\u043b\u0435\u043d\u0442\u0438\u043d\u0438\u043f\u044f\u0435\u0432 2025"},"content":{"rendered":"<section class=\"wpb-content-wrapper\"><div class=\"vc_row wpb_row vc_row-fluid et_custom_uniqid_69f3684a6b6a7\"><div class=\"wpb_column vc_column_container vc_col-sm-12 et_custom_uniqid_69f3684a6b650\"><div class=\"vc_column-inner\"><div class=\"wpb_wrapper\">\n\t\t<div class=\" title-617 title \">\n\t\t\t<h2 style=\"text-align: center;font-family:Abril Fatface;font-weight:400;font-style:normal\" class=\"vc_custom_heading banner-title\" >Valentinip\u00e4eva kingitused<\/h2><h4 style=\"text-align: center;font-family:Abril Fatface;font-weight:400;font-style:normal\" class=\"vc_custom_heading banner-subtitle\" >TEMALE<\/h4>\n\t\t<\/div>\n\n\t\t<\/div><\/div><\/div><\/div><div class=\"vc_row wpb_row vc_row-fluid et_custom_uniqid_69f3684a6b6a7\"><div class=\"wpb_column vc_column_container vc_col-sm-12 et_custom_uniqid_69f3684a6b650\"><div class=\"vc_column-inner\"><div class=\"wpb_wrapper\">\n\t<div class=\"wpb_text_column wpb_content_element \" >\n\t\t<div class=\"wpb_wrapper\">\n\t\t\t<p class=\"p1\" style=\"text-align: center;\"><span class=\"s1\">Meie<\/span> <span class=\"s2\">erilised valentinip\u00e4eva TI SENTO komplektid<\/span> <span class=\"s1\">on Eesti naiste seas \u00fclimad lemmikud!<\/span><\/p>\n<p class=\"p1\" style=\"text-align: center;\"><span class=\"s1\">Uimastavate kujunduste ja vahetatavate ripatsidega!<\/span><\/p>\n\n\t\t<\/div>\n\t<\/div>\n<\/div><\/div><\/div><\/div><div class=\"vc_row wpb_row vc_row-fluid et_custom_uniqid_69f3684a6b6a7\"><div class=\"wpb_column vc_column_container vc_col-sm-12 et_custom_uniqid_69f3684a6b650\"><div class=\"vc_column-inner\"><div class=\"wpb_wrapper\"><div  class=\"wpb_widgetised_column wpb_content_element\">\n\t\t<div class=\"wpb_wrapper\">\n\t\t\t<h2 class=\"wpb_heading wpb_widgetised_column_heading\">filtrid<\/h2>\n\t\t\t\n\t\t<\/div>\n\t<\/div>\n<\/div><\/div><\/div><\/div><div class=\"vc_row wpb_row vc_row-fluid et_custom_uniqid_69f3684a6b6a7\"><div class=\"wpb_column vc_column_container vc_col-sm-12 vc_col-lg-offset-0 vc_col-lg-12 vc_col-md-offset-0 vc_col-md-12 vc_col-xs-12 et_custom_uniqid_new_67924f769137f\"><div class=\"vc_column-inner\"><div class=\"wpb_wrapper\"><div class=\"vc_separator wpb_content_element vc_separator_align_center vc_sep_width_100 vc_sep_pos_align_center align-align_center vc_separator-has-text\" ><span class=\"vc_sep_holder vc_sep_holder_l\"><span style=\"border-color:#ed84c6;\" class=\"vc_sep_line\"><\/span><\/span><h4>Ti Sento komplektid<\/h4><span class=\"vc_sep_holder vc_sep_holder_r\"><span style=\"border-color:#ed84c6;\" class=\"vc_sep_line\"><\/span><\/span>\n<\/div>\n\t\t\t<div class=\"et-load-block lazy-loading et-ajax-element type-element\" data-type=\"element\" data-extra=\"\" data-element=\"etheme_products\">\n\t\t\t\t<!--googleoff: index-->\n\t\t\t\t<!--noindex-->\n\t\t\t\t<div class=\"et-loader no-lqip\"><svg class=\"loader-circular\" viewBox=\"25 25 50 50\" width=\"30\" height=\"30\"><circle class=\"loader-path\" cx=\"50\" cy=\"50\" r=\"20\" fill=\"none\" stroke-width=\"2\" stroke-miterlimit=\"10\"><\/circle><\/svg><\/div>\n\t\t\t\t<span class=\"hidden et-element-args\"><!--[if IE 6] --[et-ajax]--{\"ids\":\"\",\"columns\":\"4\",\"shop_link\":1,\"limit\":\"12\",\"taxonomies\":\"744\",\"brands\":\"\",\"product_tags\":\"\",\"type\":\"grid\",\"navigation\":\"off\",\"per_iteration\":\"\",\"style\":\"default\",\"show_counter\":\"\",\"show_stock\":\"\",\"show_category\":true,\"products\":\"\",\"title\":\"\",\"hide_out_stock\":\"yes\",\"large\":4,\"notebook\":3,\"tablet_land\":2,\"tablet_portrait\":2,\"mobile\":1,\"slider_autoplay\":false,\"slider_interval\":3000,\"slider_speed\":300,\"slider_loop\":false,\"slider_stop_on_hover\":false,\"pagination_type\":\"hide\",\"nav_color\":\"\",\"arrows_bg_color\":\"\",\"default_color\":\"#e1e1e1\",\"active_color\":\"#222\",\"hide_fo\":\"\",\"hide_buttons\":false,\"navigation_type\":\"arrow\",\"navigation_position_style\":\"arrows-hover\",\"navigation_style\":\"\",\"navigation_position\":\"middle\",\"hide_buttons_for\":\"\",\"orderby\":\"date\",\"no_spacing\":\"\",\"show_image\":true,\"image_position\":\"left\",\"order\":\"DESC\",\"product_view\":\"\",\"product_view_color\":\"\",\"product_img_hover\":\"\",\"product_img_size\":\"\",\"show_excerpt\":false,\"excerpt_length\":120,\"custom_template\":\"\",\"custom_template_list\":\"\",\"per_move\":1,\"autoheight\":false,\"ajax\":\"true\",\"ajax_loaded\":false,\"no_spacing_grid\":false,\"bordered_layout\":false,\"hover_shadow\":false,\"class\":\"\",\"css\":\"\",\"is_preview\":false,\"product_content_custom_elements\":false,\"product_content_elements\":\"\",\"product_add_to_cart_quantity\":false,\"elementor\":false}--[!et-ajax]-- ![endif]--><\/span>\n\t\t\t\t\n\t\t\t\t<!--\/noindex-->\n\t\t\t\t<!--googleon: index-->\n\t\t\t<\/div>\n\t\t<\/div><\/div><\/div><\/div><div class=\"vc_row wpb_row vc_row-fluid et_custom_uniqid_69f3684a6b6a7\"><div class=\"wpb_column vc_column_container vc_col-sm-12 et_custom_uniqid_69f3684a6b650\"><div class=\"vc_column-inner\"><div class=\"wpb_wrapper\"><div class=\"vc_empty_space\"   style=\"height: 32px\"><span class=\"vc_empty_space_inner\"><\/span><\/div><\/div><\/div><\/div><\/div><div class=\"vc_row wpb_row vc_row-fluid et_custom_uniqid_69f3684a6b6a7\"><div class=\"wpb_column vc_column_container vc_col-sm-12 et_custom_uniqid_69f3684a6b650\"><div class=\"vc_column-inner\"><div class=\"wpb_wrapper\">\n\t<div class=\"wpb_text_column wpb_content_element \" >\n\t\t<div class=\"wpb_wrapper\">\n\t\t\t<p class=\"p1\" style=\"text-align: center;\"><span class=\"s1\">Kas otsite rohkem ideid? Avastage meie kaunist s\u00fcdamekujuliste toodete valikut   <\/span><span class=\"s2\">Valentinip\u00e4eva tooted<\/span> <span class=\"s1\">\u2013 ajatutest kaelakeedest s\u00e4delevate k\u00f5rvar\u00f5ngasteni \u2013 igale maitsele ja stiilile midagi.<\/span><\/p>\n\n\t\t<\/div>\n\t<\/div>\n<\/div><\/div><\/div><\/div><div class=\"vc_row wpb_row vc_row-fluid et_custom_uniqid_69f3684a6b6a7\"><div class=\"wpb_column vc_column_container vc_col-sm-12 et_custom_uniqid_69f3684a6b650\"><div class=\"vc_column-inner\"><div class=\"wpb_wrapper\"><div class=\"vc_separator wpb_content_element vc_separator_align_center vc_sep_width_100 vc_sep_pos_align_center align-align_center vc_separator-has-text\" ><span class=\"vc_sep_holder vc_sep_holder_l\"><span style=\"border-color:#ed84c6;\" class=\"vc_sep_line\"><\/span><\/span><h4>K\u00f5ik tooted<\/h4><span class=\"vc_sep_holder vc_sep_holder_r\"><span style=\"border-color:#ed84c6;\" class=\"vc_sep_line\"><\/span><\/span>\n<\/div>\n\t\t\t<div class=\"et-load-block lazy-loading et-ajax-element type-element\" data-type=\"element\" data-extra=\"\" data-element=\"etheme_products\">\n\t\t\t\t<!--googleoff: index-->\n\t\t\t\t<!--noindex-->\n\t\t\t\t<div class=\"et-loader no-lqip\"><svg class=\"loader-circular\" viewBox=\"25 25 50 50\" width=\"30\" height=\"30\"><circle class=\"loader-path\" cx=\"50\" cy=\"50\" r=\"20\" fill=\"none\" stroke-width=\"2\" stroke-miterlimit=\"10\"><\/circle><\/svg><\/div>\n\t\t\t\t<span class=\"hidden et-element-args\"><!--[if IE 6] --[et-ajax]--{\"ids\":\"\",\"columns\":\"4\",\"shop_link\":1,\"limit\":\"180\",\"taxonomies\":\"942\",\"brands\":\"\",\"product_tags\":\"\",\"type\":\"grid\",\"navigation\":\"lazy\",\"per_iteration\":\"12\",\"style\":\"default\",\"show_counter\":\"\",\"show_stock\":\"\",\"show_category\":true,\"products\":\"\",\"title\":\"\",\"hide_out_stock\":\"yes\",\"large\":4,\"notebook\":3,\"tablet_land\":2,\"tablet_portrait\":2,\"mobile\":1,\"slider_autoplay\":false,\"slider_interval\":3000,\"slider_speed\":300,\"slider_loop\":false,\"slider_stop_on_hover\":false,\"pagination_type\":\"hide\",\"nav_color\":\"\",\"arrows_bg_color\":\"\",\"default_color\":\"#e1e1e1\",\"active_color\":\"#222\",\"hide_fo\":\"\",\"hide_buttons\":false,\"navigation_type\":\"arrow\",\"navigation_position_style\":\"arrows-hover\",\"navigation_style\":\"\",\"navigation_position\":\"middle\",\"hide_buttons_for\":\"\",\"orderby\":\"date\",\"no_spacing\":\"\",\"show_image\":true,\"image_position\":\"left\",\"order\":\"DESC\",\"product_view\":\"\",\"product_view_color\":\"\",\"product_img_hover\":\"\",\"product_img_size\":\"\",\"show_excerpt\":false,\"excerpt_length\":120,\"custom_template\":\"\",\"custom_template_list\":\"\",\"per_move\":1,\"autoheight\":false,\"ajax\":\"true\",\"ajax_loaded\":false,\"no_spacing_grid\":false,\"bordered_layout\":false,\"hover_shadow\":false,\"class\":\"\",\"css\":\"\",\"is_preview\":false,\"product_content_custom_elements\":false,\"product_content_elements\":\"\",\"product_add_to_cart_quantity\":false,\"elementor\":false}--[!et-ajax]-- ![endif]--><\/span>\n\t\t\t\t\n\t\t\t\t<!--\/noindex-->\n\t\t\t\t<!--googleon: index-->\n\t\t\t<\/div>\n\t\t<\/div><\/div><\/div><\/div>\n<\/section>","protected":false},"excerpt":{"rendered":"Valentinip\u00e4eva kingitusedTEMALE Meie erilised valentinip\u00e4eva TI SENTO komplektid on Eesti naiste seas \u00fclimad lemmikud! Uimastavate kujunduste ja vahetatavate ripatsidega! filtrid Ti Sento komplektid Kas otsite rohkem ideid? Avastage meie kaunist s\u00fcdamekujuliste toodete valikut Valentinip\u00e4eva tooted \u2013 ajatutest kaelakeedest s\u00e4delevate k\u00f5rvar\u00f5ngasteni \u2013 igale maitsele ja stiilile...","protected":false},"author":6526,"featured_media":0,"parent":0,"menu_order":0,"comment_status":"closed","ping_status":"closed","template":"","meta":{"jetpack_post_was_ever_published":false,"footnotes":""},"class_list":["post-291856","page","type-page","status-publish","hentry"],"_links":{"self":[{"href":"https:\/\/glamuur.ee\/ru\/wp-json\/wp\/v2\/pages\/291856","targetHints":{"allow":["GET"]}}],"collection":[{"href":"https:\/\/glamuur.ee\/ru\/wp-json\/wp\/v2\/pages"}],"about":[{"href":"https:\/\/glamuur.ee\/ru\/wp-json\/wp\/v2\/types\/page"}],"author":[{"embeddable":true,"href":"https:\/\/glamuur.ee\/ru\/wp-json\/wp\/v2\/users\/6526"}],"replies":[{"embeddable":true,"href":"https:\/\/glamuur.ee\/ru\/wp-json\/wp\/v2\/comments?post=291856"}],"version-history":[{"count":0,"href":"https:\/\/glamuur.ee\/ru\/wp-json\/wp\/v2\/pages\/291856\/revisions"}],"wp:attachment":[{"href":"https:\/\/glamuur.ee\/ru\/wp-json\/wp\/v2\/media?parent=291856"}],"curies":[{"name":"wp","href":"https:\/\/api.w.org\/{rel}","templated":true}]}}