{"id":291658,"date":"2022-10-18T06:53:08","date_gmt":"2022-10-18T03:53:08","guid":{"rendered":"https:\/\/glamuur.ee\/naidisleht\/"},"modified":"2025-06-30T15:31:33","modified_gmt":"2025-06-30T12:31:33","slug":"naidisleht","status":"publish","type":"page","link":"https:\/\/glamuur.ee\/ru\/naidisleht\/","title":{"rendered":"N\u00e4idisleht"},"content":{"rendered":"<p>Vaata n\u00e4idislehest. Postitustelehest see selepoolest, et seisab paigal ja seda n\u00e4itab lehe peamen\u00fc\u00fcs (enamiku teemade korral). K\u00f5ige rohkem inimesi alustab tutvustuslehega, n\u00e4iteks nii:  <\/p>\n\n<blockquote class=\"wp-block-quote is-layout-flow wp-block-quote-is-layout-flow\"><p>Ahoi! Ma olen p\u00e4eval jalgrattakuller ja \u00f5htuti algaja n\u00e4itleja, see on minu veebileht. Ma elan Los Angelesis, mul on vahva koer nimega Jack ning ma armastan pi\u00f1a coladat. (Ja vihma k\u00e4tte j\u00e4\u00e4mist ka.)   <\/p><\/blockquote>\n\n<p>&#8230; v\u00f5i siis midagi sellist:<\/p>\n\n<blockquote class=\"wp-block-quote is-layout-flow wp-block-quote-is-layout-flow\"><p>Tilulilufirma XYZ asutati 1971. aastal ning on sealt alates toonud rahvale kvaliteetset tilulilu. XYZ asub Gothami linnas, annab t\u00f6\u00f6d \u00fcle 2000 inimesele ja teeb Gothami elanikele igasuguseid \u00e4gedaid asju.  <\/p><\/blockquote>\n\n<p>Uue WordPressi kasutajana minema <a href=\"https:\/\/glamuur.ee\/wp-admin\/\">enda t\u00f6\u00f6lauale<\/a> , kustutama selle lehe ja looma omaenese veebisisu. J\u00f5udu! <\/p>","protected":false},"excerpt":{"rendered":"<p>Vaata n\u00e4idislehest. Postitustelehest see selepoolest, et seisab paigal ja seda n\u00e4itab lehe peamen\u00fc\u00fcs (enamiku teemade korral). K\u00f5ige rohkem inimesi alustab tutvustuslehega, n\u00e4iteks nii: Ahoi! Ma olen p\u00e4eval jalgrattakuller ja \u00f5htuti algaja n\u00e4itleja, see on minu veebileht. Ma elan Los Angelesis, mul on vahva koer nimega&#8230;<\/p>","protected":false},"author":1,"featured_media":0,"parent":0,"menu_order":0,"comment_status":"closed","ping_status":"open","template":"","meta":{"jetpack_post_was_ever_published":false,"footnotes":""},"class_list":["post-291658","page","type-page","status-publish","hentry"],"_links":{"self":[{"href":"https:\/\/glamuur.ee\/ru\/wp-json\/wp\/v2\/pages\/291658","targetHints":{"allow":["GET"]}}],"collection":[{"href":"https:\/\/glamuur.ee\/ru\/wp-json\/wp\/v2\/pages"}],"about":[{"href":"https:\/\/glamuur.ee\/ru\/wp-json\/wp\/v2\/types\/page"}],"author":[{"embeddable":true,"href":"https:\/\/glamuur.ee\/ru\/wp-json\/wp\/v2\/users\/1"}],"replies":[{"embeddable":true,"href":"https:\/\/glamuur.ee\/ru\/wp-json\/wp\/v2\/comments?post=291658"}],"version-history":[{"count":0,"href":"https:\/\/glamuur.ee\/ru\/wp-json\/wp\/v2\/pages\/291658\/revisions"}],"wp:attachment":[{"href":"https:\/\/glamuur.ee\/ru\/wp-json\/wp\/v2\/media?parent=291658"}],"curies":[{"name":"wp","href":"https:\/\/api.w.org\/{rel}","templated":true}]}}