{"id":252562,"date":"2024-01-18T15:03:54","date_gmt":"2024-01-18T13:03:54","guid":{"rendered":"https:\/\/glamuur.ee\/?page_id=252562"},"modified":"2025-10-13T14:48:30","modified_gmt":"2025-10-13T11:48:30","slug":"esto-payment-methods","status":"publish","type":"page","link":"https:\/\/glamuur.ee\/ru\/esto-payment-methods\/","title":{"rendered":"\u0421\u043f\u043e\u0441\u043e\u0431\u044b \u043e\u043f\u043b\u0430\u0442\u044b ESTO"},"content":{"rendered":"<h2>Ei soovi maksta kogu summat korraga? Maksa osamaksete kaupa!<\/h2>\n<p><img decoding=\"async\" class=\"alignnone wp-image-252563 size-full\" src=\"https:\/\/glamuur.ee\/wp-content\/uploads\/2024\/01\/ESTO-HP-banner.jpg\" alt=\"\" width=\"1000\" height=\"523\" srcset=\"https:\/\/glamuur.ee\/wp-content\/uploads\/2024\/01\/ESTO-HP-banner.jpg 1000w, https:\/\/glamuur.ee\/wp-content\/uploads\/2024\/01\/ESTO-HP-banner-300x157.jpg 300w, https:\/\/glamuur.ee\/wp-content\/uploads\/2024\/01\/ESTO-HP-banner-768x402.jpg 768w, https:\/\/glamuur.ee\/wp-content\/uploads\/2024\/01\/ESTO-HP-banner-18x9.jpg 18w, https:\/\/glamuur.ee\/wp-content\/uploads\/2024\/01\/ESTO-HP-banner-1x1.jpg 1w, https:\/\/glamuur.ee\/wp-content\/uploads\/2024\/01\/ESTO-HP-banner-10x5.jpg 10w\" sizes=\"(max-width: 1000px) 100vw, 1000px\" \/><\/p>\n<p>ESTO j\u00e4relmaksu puhul on tegemist \u00fclimalt kiire ning mugava makselahendusega, mis aitab koostada sulle sinu poolt valitud perioodi alusel maksegraafiku. Makselahendus teeb otsuse reaalajas ning aitab ostu sooritada v\u00e4hem kui 60 sekundiga.<br \/>\nLisa sobivad tooted ostukorvi, kinnita oma tellimus ning vali makseviisidest ESTO j\u00e4relmaks. Ostu kinnitamisel vali endale sobiv periood, igakuise osamakse suurus ning digiallkirjasta mugavalt ID-kaardi, Smart-ID v\u00f5i Mobiili-ID abil.<\/p>\n<p>\u2981 ESTO j\u00e4relmaksu saavad taotleda k\u00f5ik 18-70-aastased Eesti Vabariigi kodanikud.<br \/>\n\u2981 ESTO j\u00e4relmaks on v\u00f5imalik vormistada kiirelt ja mugavalt ka juriidilisele isikule.<br \/>\n\u2981 ESTO j\u00e4relmaksu pakub ja haldab ESTO AS.<\/p>\n<p><strong>T\u00c4HELEPANU!<\/strong> Iga j\u00e4relmaks on finantskohustus. Enne j\u00e4relmaksulepingu s\u00f5lmimist tutvuge vastava teenuse tingimustega ning vajadusel konsulteerige asjatundjaga. Iga finantsotsusega kaasnevad riskid ja kohustused, mist\u00f5ttu palume laenutoodete tarbimise vajadus hoolikalt l\u00e4bi m\u00f5elda. N\u00e4iteks 1290-eurose laenusumma puhul 24 kuuks fikseeritud intressiga 14.90% aastas ja lepingutasuga 0 eurot on krediidi kulukuse m\u00e4\u00e4r 31.62%, kuumakse suurus 70.67 eurot ning tarbija poolt tagasimakstav kogusumma 1696.08 eurot. J\u00e4relmaks on finantskohustus ning enne otsuse tegemist tutvuge p\u00f5hjalikult lepingutingimustega ja vajadusel pidage n\u00f5u ESTO AS t\u00f6\u00f6tajaga v\u00f5i muu asjatundjaga. J\u00e4relmaksu pakub ja haldab ESTO AS.<\/p>\n<p><strong>______________________________________________________________________________<\/strong><\/p>\n<h2>ESTO 3 makseviis on innovatiivne lahendus, mis v\u00f5imaldab ostu kinnitada ja tasuda mugavalt ning kiirelt - kolmes v\u00f5rdses osas, ilma lisatasudeta!<\/h2>\n<p><img decoding=\"async\" class=\"alignnone size-full wp-image-252564\" src=\"https:\/\/glamuur.ee\/wp-content\/uploads\/2024\/01\/ESTO3-banner.png\" alt=\"\" width=\"975\" height=\"510\" srcset=\"https:\/\/glamuur.ee\/wp-content\/uploads\/2024\/01\/ESTO3-banner.png 975w, https:\/\/glamuur.ee\/wp-content\/uploads\/2024\/01\/ESTO3-banner-300x157.png 300w, https:\/\/glamuur.ee\/wp-content\/uploads\/2024\/01\/ESTO3-banner-768x402.png 768w, https:\/\/glamuur.ee\/wp-content\/uploads\/2024\/01\/ESTO3-banner-18x9.png 18w, https:\/\/glamuur.ee\/wp-content\/uploads\/2024\/01\/ESTO3-banner-1x1.png 1w, https:\/\/glamuur.ee\/wp-content\/uploads\/2024\/01\/ESTO3-banner-10x5.png 10w\" sizes=\"(max-width: 975px) 100vw, 975px\" \/><\/p>\n<p>Vali e-poe kassas oma ostude eest tasumiseks \u00fclimalt populaarne ESTO 3-osaline makseviis!<\/p>\n<p>ESTO 3 aitab jagada ostusumma kuni 3-ks v\u00f5rdseks osaks.<\/p>\n<p>\u2981 \u00dchtegi lisatasu ei lisandu.<br \/>\n\u2981 Lihtsalt kolm v\u00f5rdses osas makset, kolme kuu jooksul.<br \/>\n\u2981 Esimene makse on alles j\u00e4rgmise kuu 15. kuup\u00e4eval.<\/p>\n<p>ESTO 3 makseviisi pakub ja haldab ESTO AS.<\/p>\n<p><strong>______________________________________________________________________________<\/strong><\/p>\n<h2>Ole nutikas ja vali ostude eest tasumiseks ESTO maksa hiljem!<\/h2>\n<p><img decoding=\"async\" class=\"alignnone wp-image-252560 size-large\" src=\"https:\/\/glamuur.ee\/wp-content\/uploads\/2024\/01\/maksahiljem-1024x657.jpg\" alt=\"\" width=\"1024\" height=\"657\" srcset=\"https:\/\/glamuur.ee\/wp-content\/uploads\/2024\/01\/maksahiljem-1024x657.jpg 1024w, https:\/\/glamuur.ee\/wp-content\/uploads\/2024\/01\/maksahiljem-1800x1154.jpg 1800w, https:\/\/glamuur.ee\/wp-content\/uploads\/2024\/01\/maksahiljem-300x192.jpg 300w, https:\/\/glamuur.ee\/wp-content\/uploads\/2024\/01\/maksahiljem-768x492.jpg 768w, https:\/\/glamuur.ee\/wp-content\/uploads\/2024\/01\/maksahiljem-1536x985.jpg 1536w, https:\/\/glamuur.ee\/wp-content\/uploads\/2024\/01\/maksahiljem-18x12.jpg 18w, https:\/\/glamuur.ee\/wp-content\/uploads\/2024\/01\/maksahiljem-1x1.jpg 1w, https:\/\/glamuur.ee\/wp-content\/uploads\/2024\/01\/maksahiljem-10x6.jpg 10w, https:\/\/glamuur.ee\/wp-content\/uploads\/2024\/01\/maksahiljem.jpg 1920w\" sizes=\"(max-width: 1024px) 100vw, 1024px\" \/><\/p>\n<p>Vali oma ostude eest tasumiseks ESTO maksa hiljem. Kinnita ost vaid paari klikiga, saa tellimus k\u00e4tte ning maksa tagasi ilma \u00fchegi lisakuluta 30 p\u00e4eva jooksul!<\/p>\n<p>Maksa hiljem on nutikate inimeste makseviis - saa kaup kohe k\u00e4tte ning maksa tagasi paindliku tagasimaksegraafiku alusel.<\/p>\n<p>Soeta paari klikiga just seda, mida vajad - puudub intress, lisatasu ja sissemakse!<\/p>\n<p><img decoding=\"async\" class=\"alignnone wp-image-252565 size-large\" src=\"https:\/\/glamuur.ee\/wp-content\/uploads\/2024\/01\/maksahiljem2-1024x204.jpg\" alt=\"\" width=\"1024\" height=\"204\" srcset=\"https:\/\/glamuur.ee\/wp-content\/uploads\/2024\/01\/maksahiljem2-1024x204.jpg 1024w, https:\/\/glamuur.ee\/wp-content\/uploads\/2024\/01\/maksahiljem2-1800x358.jpg 1800w, https:\/\/glamuur.ee\/wp-content\/uploads\/2024\/01\/maksahiljem2-300x60.jpg 300w, https:\/\/glamuur.ee\/wp-content\/uploads\/2024\/01\/maksahiljem2-768x153.jpg 768w, https:\/\/glamuur.ee\/wp-content\/uploads\/2024\/01\/maksahiljem2-1536x306.jpg 1536w, https:\/\/glamuur.ee\/wp-content\/uploads\/2024\/01\/maksahiljem2-18x4.jpg 18w, https:\/\/glamuur.ee\/wp-content\/uploads\/2024\/01\/maksahiljem2-1x1.jpg 1w, https:\/\/glamuur.ee\/wp-content\/uploads\/2024\/01\/maksahiljem2-10x2.jpg 10w, https:\/\/glamuur.ee\/wp-content\/uploads\/2024\/01\/maksahiljem2.jpg 1920w\" sizes=\"(max-width: 1024px) 100vw, 1024px\" \/><\/p>\n<p><strong>Maksa hiljem makseviisi pakub ja haldab ESTO AS.<\/strong><\/p>\n<p><strong>MIS ON ESTO?<\/strong> ESTO on finantsteenuseid pakkuv ettev\u00f5te, mille algusaeg ulatub aastasse 2016. Br\u00e4nd sai alguse vajadusest uue generatsiooni makselahenduste j\u00e4rele, mis oleksid sobilikud nii l\u00f5pptarbijale kui ka m\u00fc\u00fcjale. T\u00e4na pakub ESTO k\u00f5ige suuremat valikut erinevaid makselahendusi Baltikumis ning ESTO partnerv\u00f5rgustikku kuulub \u00fcle 2600 koost\u00f6\u00f6partneri ja kaupluse ning \u00fcle 300 000 kliendi.<\/p>\n<p>Tutvu tingimustega siin: www.esto.ee<\/p>\n<p>Vajadusel kontakteeruge ESTO AS t\u00f6\u00f6tajaga - info@esto.ee v\u00f5i www.esto.ee LIVE chat-aknas.<\/p>","protected":false},"excerpt":{"rendered":"<p>Ei soovi maksta kogu summat korraga? Maksa osamaksete kaupa! ESTO j\u00e4relmaksu puhul on tegemist \u00fclimalt kiire ning mugava makselahendusega, mis aitab koostada sulle sinu poolt valitud perioodi alusel maksegraafiku. Makselahendus teeb otsuse reaalajas ning aitab ostu sooritada v\u00e4hem kui 60 sekundiga. Lisa sobivad tooted ostukorvi,&#8230;<\/p>","protected":false},"author":1,"featured_media":0,"parent":0,"menu_order":0,"comment_status":"closed","ping_status":"closed","template":"","meta":{"jetpack_post_was_ever_published":false,"footnotes":""},"class_list":["post-252562","page","type-page","status-publish","hentry"],"_links":{"self":[{"href":"https:\/\/glamuur.ee\/ru\/wp-json\/wp\/v2\/pages\/252562","targetHints":{"allow":["GET"]}}],"collection":[{"href":"https:\/\/glamuur.ee\/ru\/wp-json\/wp\/v2\/pages"}],"about":[{"href":"https:\/\/glamuur.ee\/ru\/wp-json\/wp\/v2\/types\/page"}],"author":[{"embeddable":true,"href":"https:\/\/glamuur.ee\/ru\/wp-json\/wp\/v2\/users\/1"}],"replies":[{"embeddable":true,"href":"https:\/\/glamuur.ee\/ru\/wp-json\/wp\/v2\/comments?post=252562"}],"version-history":[{"count":0,"href":"https:\/\/glamuur.ee\/ru\/wp-json\/wp\/v2\/pages\/252562\/revisions"}],"wp:attachment":[{"href":"https:\/\/glamuur.ee\/ru\/wp-json\/wp\/v2\/media?parent=252562"}],"curies":[{"name":"wp","href":"https:\/\/api.w.org\/{rel}","templated":true}]}}