{"id":9939,"date":"2023-12-27T14:27:46","date_gmt":"2023-12-27T12:27:46","guid":{"rendered":"https:\/\/dev.glamuur.ee\/product\/ti-sento-milano-bracelet-2941zy\/"},"modified":"2026-02-16T13:52:44","modified_gmt":"2026-02-16T11:52:44","slug":"ti-sento-milano-kaevoru-2941zy","status":"publish","type":"product","link":"https:\/\/glamuur.ee\/et\/product\/ti-sento-milano-bracelet-2941zy\/","title":{"rendered":"TI SENTO \u2013 Milano K\u00e4ekett"},"content":{"rendered":"<p>Sellel TI SENTO - Milano h\u00f5bedast k\u00e4ev\u00f5rul 2941ZY on kolm kullatud ketast, mille keskel on graveeritud t\u00e4hed ja valged tsirkoonid. Kanna neid s\u00e4ravaid juhtivaid t\u00e4hti endaga kaasas ja \u00e4ra kunagi unusta oma pead taevasse suunata. Selle turvalukk hoiab selle kalliskivi kogu aeg kaasas.<\/p>","protected":false},"excerpt":{"rendered":"<h2>K\u00e4ev\u00f5ru standardpikkus on 16 cm. Sellel on 4 cm pikkune pikendust\u00fckk, mis v\u00f5imaldab kanda seda 3 erinevas pikkuses: 16 cm, 18 cm ja 20 cm.<\/h2>","protected":false},"featured_media":9940,"comment_status":"open","ping_status":"closed","template":"","meta":{"jetpack_post_was_ever_published":false},"product_brand":[],"product_cat":[726,599,72,147],"product_tag":[],"giftcard-category":[],"class_list":{"0":"post-9939","1":"product","2":"type-product","3":"status-publish","4":"has-post-thumbnail","6":"product_cat-bracelets","7":"product_cat-sale","8":"product_cat-ti-sento-milano","9":"product_cat-ti-sento-milano-bracelets","10":"pa_material-silver","11":"pa_metal-color-yellow-gold","12":"pa_product-brand-ti-sento-milano","13":"pa_stone-color-without-stones","14":"pa_type-category-bracelets","16":"first","17":"instock","18":"featured","19":"taxable","20":"shipping-taxable","21":"purchasable","22":"product-type-simple"},"bundled_by":[],"bundle_stock_status":"instock","bundle_stock_quantity":11,"bundle_virtual":false,"bundle_layout":"","bundle_add_to_cart_form_location":"","bundle_editable_in_cart":false,"bundle_sold_individually_context":"","bundle_item_grouping":"","bundle_min_size":"","bundle_max_size":"","bundle_price":[],"bundled_items":[],"bundle_sell_ids":[],"etheme_brands":{"errors":{"invalid_taxonomy":["Lubamatu taksonoomia."]},"error_data":[]},"_links":{"self":[{"href":"https:\/\/glamuur.ee\/et\/wp-json\/wp\/v2\/product\/9939","targetHints":{"allow":["GET"]}}],"collection":[{"href":"https:\/\/glamuur.ee\/et\/wp-json\/wp\/v2\/product"}],"about":[{"href":"https:\/\/glamuur.ee\/et\/wp-json\/wp\/v2\/types\/product"}],"replies":[{"embeddable":true,"href":"https:\/\/glamuur.ee\/et\/wp-json\/wp\/v2\/comments?post=9939"}],"wp:featuredmedia":[{"embeddable":true,"href":"https:\/\/glamuur.ee\/et\/wp-json\/wp\/v2\/media\/9940"}],"wp:attachment":[{"href":"https:\/\/glamuur.ee\/et\/wp-json\/wp\/v2\/media?parent=9939"}],"wp:term":[{"taxonomy":"product_brand","embeddable":true,"href":"https:\/\/glamuur.ee\/et\/wp-json\/wp\/v2\/product_brand?post=9939"},{"taxonomy":"product_cat","embeddable":true,"href":"https:\/\/glamuur.ee\/et\/wp-json\/wp\/v2\/product_cat?post=9939"},{"taxonomy":"product_tag","embeddable":true,"href":"https:\/\/glamuur.ee\/et\/wp-json\/wp\/v2\/product_tag?post=9939"},{"taxonomy":"giftcard-category","embeddable":true,"href":"https:\/\/glamuur.ee\/et\/wp-json\/wp\/v2\/giftcard-category?post=9939"}],"curies":[{"name":"wp","href":"https:\/\/api.w.org\/{rel}","templated":true}]}}