{"id":9730,"date":"2024-09-26T18:34:23","date_gmt":"2024-09-26T15:34:23","guid":{"rendered":"https:\/\/dev.glamuur.ee\/product\/ti-sento-milano-bracelet-2892zi\/"},"modified":"2026-02-16T13:52:01","modified_gmt":"2026-02-16T11:52:01","slug":"ti-sento-milano-kaevoru-2892zi","status":"publish","type":"product","link":"https:\/\/glamuur.ee\/et\/product\/ti-sento-milano-bracelet-2892zi\/","title":{"rendered":"TI SENTO \u2013 Milano K\u00e4ekett"},"content":{"rendered":"<p>The TI SENTO Bracelet 2892ZI is crafted with Silver platinum plated. The colour of this bracelet is Zirconia white. All TI SENTO jewels are gift-wrapped with infinite love and care.<\/p>","protected":false},"excerpt":{"rendered":"<h2>See k\u00e4ev\u00f5ru on suurus M ja sobib randmetele m\u00f5\u00f5tudega 15.6cm - 17.4cm.<\/h2>","protected":false},"featured_media":9731,"comment_status":"open","ping_status":"closed","template":"","meta":{"jetpack_post_was_ever_published":false},"product_brand":[1057],"product_cat":[726,979,939,964,72,147,976],"product_tag":[],"giftcard-category":[],"class_list":{"0":"post-9730","1":"product","2":"type-product","3":"status-publish","4":"has-post-thumbnail","6":"product_brand-ti-sento","7":"product_cat-bracelets","8":"product_cat-graduation-2025","9":"product_cat-ti-sento-sale-europe","10":"product_cat-summer-sale-ti-sento","11":"product_cat-ti-sento-milano","12":"product_cat-ti-sento-milano-bracelets","13":"product_cat-wedding-season","14":"pa_material-silver","15":"pa_metal-color-silver","16":"pa_product-brand-ti-sento-milano","17":"pa_stone-color-white","18":"pa_type-category-bracelets","20":"first","21":"instock","22":"featured","23":"taxable","24":"shipping-taxable","25":"purchasable","26":"product-type-simple"},"bundled_by":[],"bundle_stock_status":"instock","bundle_stock_quantity":2,"bundle_virtual":false,"bundle_layout":"","bundle_add_to_cart_form_location":"","bundle_editable_in_cart":false,"bundle_sold_individually_context":"","bundle_item_grouping":"","bundle_min_size":"","bundle_max_size":"","bundle_price":[],"bundled_items":[],"bundle_sell_ids":[],"etheme_brands":{"errors":{"invalid_taxonomy":["Lubamatu taksonoomia."]},"error_data":[]},"_links":{"self":[{"href":"https:\/\/glamuur.ee\/et\/wp-json\/wp\/v2\/product\/9730","targetHints":{"allow":["GET"]}}],"collection":[{"href":"https:\/\/glamuur.ee\/et\/wp-json\/wp\/v2\/product"}],"about":[{"href":"https:\/\/glamuur.ee\/et\/wp-json\/wp\/v2\/types\/product"}],"replies":[{"embeddable":true,"href":"https:\/\/glamuur.ee\/et\/wp-json\/wp\/v2\/comments?post=9730"}],"wp:featuredmedia":[{"embeddable":true,"href":"https:\/\/glamuur.ee\/et\/wp-json\/wp\/v2\/media\/9731"}],"wp:attachment":[{"href":"https:\/\/glamuur.ee\/et\/wp-json\/wp\/v2\/media?parent=9730"}],"wp:term":[{"taxonomy":"product_brand","embeddable":true,"href":"https:\/\/glamuur.ee\/et\/wp-json\/wp\/v2\/product_brand?post=9730"},{"taxonomy":"product_cat","embeddable":true,"href":"https:\/\/glamuur.ee\/et\/wp-json\/wp\/v2\/product_cat?post=9730"},{"taxonomy":"product_tag","embeddable":true,"href":"https:\/\/glamuur.ee\/et\/wp-json\/wp\/v2\/product_tag?post=9730"},{"taxonomy":"giftcard-category","embeddable":true,"href":"https:\/\/glamuur.ee\/et\/wp-json\/wp\/v2\/giftcard-category?post=9730"}],"curies":[{"name":"wp","href":"https:\/\/api.w.org\/{rel}","templated":true}]}}