{"id":9644,"date":"2024-09-26T18:17:48","date_gmt":"2024-09-26T15:17:48","guid":{"rendered":"https:\/\/dev.glamuur.ee\/product\/ti-sento-milano-bracelet-2790zi\/"},"modified":"2026-04-30T19:13:08","modified_gmt":"2026-04-30T16:13:08","slug":"ti-sento-milano-kaevoru-2790zi","status":"publish","type":"product","link":"https:\/\/glamuur.ee\/et\/product\/ti-sento-milano-bracelet-2790zi\/","title":{"rendered":"TI SENTO \u2013 Milano K\u00e4ekett"},"content":{"rendered":"<p>TI SENTO  friendship bracelet. The bracelet is made of rhodium plated sterling silver. In the middle of the bracelet are two entwined circles: one smooth silver, the other set with zirconias. The bracelet can be adjusted to the required length using the extension at the clasp. <\/p>\n<p>K\u00e4ev\u00f5ru standardpikkus on 16 cm. Sellel on 4 cm pikkune pikendust\u00fckk, mis v\u00f5imaldab kanda seda 3 erinevas pikkuses: 16 cm, 18 cm ja 20 cm.<\/p>","protected":false},"excerpt":{"rendered":"<h2>K\u00e4ev\u00f5ru standardpikkus on 16 cm. Sellel on 4 cm pikkune pikendust\u00fckk, mis v\u00f5imaldab kanda seda 3 erinevas pikkuses: 16 cm, 18 cm ja 20 cm.<\/h2>","protected":false},"featured_media":9645,"comment_status":"open","ping_status":"closed","template":"","meta":{"jetpack_post_was_ever_published":false},"product_brand":[],"product_cat":[726,838,794,979,939,964,72,147,976],"product_tag":[],"giftcard-category":[],"class_list":{"0":"post-9644","1":"product","2":"type-product","3":"status-publish","4":"has-post-thumbnail","6":"product_cat-bracelets","7":"product_cat-gift-ideas-for-graduates","8":"product_cat-gift-ideas-up-to-100e","9":"product_cat-graduation-2025","10":"product_cat-ti-sento-sale-europe","11":"product_cat-summer-sale-ti-sento","12":"product_cat-ti-sento-milano","13":"product_cat-ti-sento-milano-bracelets","14":"product_cat-wedding-season","15":"pa_material-silver","16":"pa_metal-color-silver","17":"pa_product-brand-ti-sento-milano","18":"pa_stone-color-white","19":"pa_type-category-bracelets","21":"first","22":"instock","23":"sale","24":"featured","25":"taxable","26":"shipping-taxable","27":"purchasable","28":"product-type-simple"},"bundled_by":[],"bundle_stock_status":"instock","bundle_stock_quantity":3,"bundle_virtual":false,"bundle_layout":"","bundle_add_to_cart_form_location":"","bundle_editable_in_cart":false,"bundle_sold_individually_context":"","bundle_item_grouping":"","bundle_min_size":"","bundle_max_size":"","bundle_price":[],"bundled_items":[],"bundle_sell_ids":[],"etheme_brands":{"errors":{"invalid_taxonomy":["Lubamatu taksonoomia."]},"error_data":[]},"_links":{"self":[{"href":"https:\/\/glamuur.ee\/et\/wp-json\/wp\/v2\/product\/9644","targetHints":{"allow":["GET"]}}],"collection":[{"href":"https:\/\/glamuur.ee\/et\/wp-json\/wp\/v2\/product"}],"about":[{"href":"https:\/\/glamuur.ee\/et\/wp-json\/wp\/v2\/types\/product"}],"replies":[{"embeddable":true,"href":"https:\/\/glamuur.ee\/et\/wp-json\/wp\/v2\/comments?post=9644"}],"wp:featuredmedia":[{"embeddable":true,"href":"https:\/\/glamuur.ee\/et\/wp-json\/wp\/v2\/media\/9645"}],"wp:attachment":[{"href":"https:\/\/glamuur.ee\/et\/wp-json\/wp\/v2\/media?parent=9644"}],"wp:term":[{"taxonomy":"product_brand","embeddable":true,"href":"https:\/\/glamuur.ee\/et\/wp-json\/wp\/v2\/product_brand?post=9644"},{"taxonomy":"product_cat","embeddable":true,"href":"https:\/\/glamuur.ee\/et\/wp-json\/wp\/v2\/product_cat?post=9644"},{"taxonomy":"product_tag","embeddable":true,"href":"https:\/\/glamuur.ee\/et\/wp-json\/wp\/v2\/product_tag?post=9644"},{"taxonomy":"giftcard-category","embeddable":true,"href":"https:\/\/glamuur.ee\/et\/wp-json\/wp\/v2\/giftcard-category?post=9644"}],"curies":[{"name":"wp","href":"https:\/\/api.w.org\/{rel}","templated":true}]}}