{"id":8689,"date":"2023-06-27T19:09:17","date_gmt":"2023-06-27T19:09:17","guid":{"rendered":"https:\/\/dev.glamuur.ee\/product\/ti-sento-milano-earrings-7210zr\/"},"modified":"2026-04-16T18:20:04","modified_gmt":"2026-04-16T15:20:04","slug":"ti-sento-milano-korvarongad-7210zr","status":"publish","type":"product","link":"https:\/\/glamuur.ee\/et\/product\/ti-sento-milano-earrings-7210zr\/","title":{"rendered":"TI SENTO - Milano k\u00f5rvar\u00f5ngad"},"content":{"rendered":"<p>See paar TI SENTO - Milano k\u00f5rvar\u00f5ngaid on valmistatud roodiumiga kaetud h\u00f5bedast ja roosakullatud h\u00f5bedast. Kreooli k\u00f5rvar\u00f5ngad sobivad teiste CZ-ehetega samast TI SENTO sarjast, sobides br\u00e4ndi Mix &amp; Match eetikaga.<\/p>\n<p>Suurus 14mm<\/p>","protected":false},"excerpt":{"rendered":"<p>This pair of TI SENTO &#8211; Milano earrings are made from rhodium plated sterling silver and rose gold plated. The creole earrings are suitable to accessorise with other CZ jewelry from the same TI SENTO range, fitting in with the brand&#8217;s Mix &#038; Match ethos&#8230;.<\/p>","protected":false},"featured_media":9534,"comment_status":"open","ping_status":"closed","template":"","meta":{"jetpack_post_was_ever_published":false},"product_brand":[],"product_cat":[725,794,150],"product_tag":[],"giftcard-category":[],"class_list":{"0":"post-8689","1":"product","2":"type-product","3":"status-publish","4":"has-post-thumbnail","6":"product_cat-earrings","7":"product_cat-gift-ideas-up-to-100e","8":"product_cat-ti-sento-milano-basic-earrings","9":"pa_material-silver","10":"pa_metal-color-rose-gold","11":"pa_product-brand-ti-sento-milano","12":"pa_stone-color-white","13":"pa_type-category-earrings","15":"first","16":"instock","17":"featured","18":"taxable","19":"shipping-taxable","20":"purchasable","21":"product-type-simple"},"bundled_by":["260603","255005","255003","246612"],"bundle_stock_status":"instock","bundle_stock_quantity":10,"bundle_virtual":false,"bundle_layout":"","bundle_add_to_cart_form_location":"","bundle_editable_in_cart":false,"bundle_sold_individually_context":"","bundle_item_grouping":"","bundle_min_size":"","bundle_max_size":"","bundle_price":[],"bundled_items":[],"bundle_sell_ids":[],"etheme_brands":{"errors":{"invalid_taxonomy":["Lubamatu taksonoomia."]},"error_data":[]},"_links":{"self":[{"href":"https:\/\/glamuur.ee\/et\/wp-json\/wp\/v2\/product\/8689","targetHints":{"allow":["GET"]}}],"collection":[{"href":"https:\/\/glamuur.ee\/et\/wp-json\/wp\/v2\/product"}],"about":[{"href":"https:\/\/glamuur.ee\/et\/wp-json\/wp\/v2\/types\/product"}],"replies":[{"embeddable":true,"href":"https:\/\/glamuur.ee\/et\/wp-json\/wp\/v2\/comments?post=8689"}],"wp:featuredmedia":[{"embeddable":true,"href":"https:\/\/glamuur.ee\/et\/wp-json\/wp\/v2\/media\/9534"}],"wp:attachment":[{"href":"https:\/\/glamuur.ee\/et\/wp-json\/wp\/v2\/media?parent=8689"}],"wp:term":[{"taxonomy":"product_brand","embeddable":true,"href":"https:\/\/glamuur.ee\/et\/wp-json\/wp\/v2\/product_brand?post=8689"},{"taxonomy":"product_cat","embeddable":true,"href":"https:\/\/glamuur.ee\/et\/wp-json\/wp\/v2\/product_cat?post=8689"},{"taxonomy":"product_tag","embeddable":true,"href":"https:\/\/glamuur.ee\/et\/wp-json\/wp\/v2\/product_tag?post=8689"},{"taxonomy":"giftcard-category","embeddable":true,"href":"https:\/\/glamuur.ee\/et\/wp-json\/wp\/v2\/giftcard-category?post=8689"}],"curies":[{"name":"wp","href":"https:\/\/api.w.org\/{rel}","templated":true}]}}