{"id":78324,"date":"2023-02-16T16:54:33","date_gmt":"2023-02-16T16:54:33","guid":{"rendered":"https:\/\/dev.glamuur.ee\/product\/engelsrufer-earrings-ere-alohaheart-bi-cr\/"},"modified":"2026-01-26T15:50:35","modified_gmt":"2026-01-26T13:50:35","slug":"engelsrufer-korvarongad-ere-alohaheart-bi-cr","status":"publish","type":"product","link":"https:\/\/glamuur.ee\/et\/product\/engelsrufer-earrings-ere-alohaheart-bi-cr\/","title":{"rendered":"Engelsrufer K\u00f5rvar\u00f5ngad"},"content":{"rendered":"<p>K\u00f5rvar\u00f5ngad Aloha Herz | 925er Sterlingsilber rhodiniert \/ Kullatud | K\u00f5rvar\u00f5ngad 14 mm + 10 mm<\/p>","protected":false},"excerpt":{"rendered":"<p>K\u00f5rvar\u00f5ngad Aloha Herz | 925er Sterlingsilber rhodiniert \/ Kullatud | K\u00f5rvar\u00f5ngad 14 mm + 10 mm<\/p>","protected":false},"featured_media":58316,"comment_status":"open","ping_status":"closed","template":"","meta":{"jetpack_post_was_ever_published":false},"product_brand":[],"product_cat":[725,210,214,838,794,941],"product_tag":[942],"giftcard-category":[],"class_list":{"0":"post-78324","1":"product","2":"type-product","3":"status-publish","4":"has-post-thumbnail","6":"product_cat-earrings","7":"product_cat-engelsrufer","8":"product_cat-engelsrufer-earrings","9":"product_cat-gift-ideas-for-graduates","10":"product_cat-gift-ideas-up-to-100e","11":"product_cat-valentines-day","12":"product_tag-valentines-day","13":"pa_material-silver","14":"pa_metal-color-silver","15":"pa_product-brand-engelsrufer","16":"pa_stone-color-multicolor","17":"pa_type-category-earrings","19":"first","20":"instock","21":"featured","22":"taxable","23":"shipping-taxable","24":"purchasable","25":"product-type-simple"},"bundled_by":[],"bundle_stock_status":"instock","bundle_stock_quantity":6,"bundle_virtual":false,"bundle_layout":"","bundle_add_to_cart_form_location":"","bundle_editable_in_cart":false,"bundle_sold_individually_context":"","bundle_item_grouping":"","bundle_min_size":"","bundle_max_size":"","bundle_price":[],"bundled_items":[],"bundle_sell_ids":[],"etheme_brands":{"errors":{"invalid_taxonomy":["Lubamatu taksonoomia."]},"error_data":[]},"_links":{"self":[{"href":"https:\/\/glamuur.ee\/et\/wp-json\/wp\/v2\/product\/78324","targetHints":{"allow":["GET"]}}],"collection":[{"href":"https:\/\/glamuur.ee\/et\/wp-json\/wp\/v2\/product"}],"about":[{"href":"https:\/\/glamuur.ee\/et\/wp-json\/wp\/v2\/types\/product"}],"replies":[{"embeddable":true,"href":"https:\/\/glamuur.ee\/et\/wp-json\/wp\/v2\/comments?post=78324"}],"wp:featuredmedia":[{"embeddable":true,"href":"https:\/\/glamuur.ee\/et\/wp-json\/wp\/v2\/media\/58316"}],"wp:attachment":[{"href":"https:\/\/glamuur.ee\/et\/wp-json\/wp\/v2\/media?parent=78324"}],"wp:term":[{"taxonomy":"product_brand","embeddable":true,"href":"https:\/\/glamuur.ee\/et\/wp-json\/wp\/v2\/product_brand?post=78324"},{"taxonomy":"product_cat","embeddable":true,"href":"https:\/\/glamuur.ee\/et\/wp-json\/wp\/v2\/product_cat?post=78324"},{"taxonomy":"product_tag","embeddable":true,"href":"https:\/\/glamuur.ee\/et\/wp-json\/wp\/v2\/product_tag?post=78324"},{"taxonomy":"giftcard-category","embeddable":true,"href":"https:\/\/glamuur.ee\/et\/wp-json\/wp\/v2\/giftcard-category?post=78324"}],"curies":[{"name":"wp","href":"https:\/\/api.w.org\/{rel}","templated":true}]}}