{"id":77819,"date":"2023-02-16T16:42:48","date_gmt":"2023-02-16T16:42:48","guid":{"rendered":"https:\/\/dev.glamuur.ee\/product\/engelsrufer-necklaces-ern-pearls\/"},"modified":"2026-01-26T16:05:23","modified_gmt":"2026-01-26T14:05:23","slug":"engelsrufer-kaelakeedrid-ern-parlid","status":"publish","type":"product","link":"https:\/\/glamuur.ee\/et\/product\/engelsrufer-necklaces-ern-pearls\/","title":{"rendered":"Engelsrufer Kaelakee"},"content":{"rendered":"<p>Kaelakee P\u00e4rlid | 925 h\u00f5bedast roodiumiga kaetud | karbip\u00e4rlid | 21 mm | pikkus 42 + 4 + 4 cm <\/p>","protected":false},"excerpt":{"rendered":"<p>Kaelakee P\u00e4rlid | 925 h\u00f5bedast roodiumiga kaetud | karbip\u00e4rlid | 21 mm | pikkus 42 + 4 + 4 cm<\/p>","protected":false},"featured_media":77820,"comment_status":"open","ping_status":"closed","template":"","meta":{"jetpack_post_was_ever_published":false},"product_brand":[],"product_cat":[210,215,794,968,945,729],"product_tag":[],"giftcard-category":[],"class_list":{"0":"post-77819","1":"product","2":"type-product","3":"status-publish","4":"has-post-thumbnail","6":"product_cat-engelsrufer","7":"product_cat-engelsrufer-pendants-necklaces","8":"product_cat-gift-ideas-up-to-100e","9":"product_cat-mothers-day-2025-ti-sento","10":"product_cat-pearls","11":"product_cat-pendants","12":"pa_material-silver","13":"pa_metal-color-silver","14":"pa_product-brand-engelsrufer","15":"pa_stone-color-pearl","16":"pa_stone-color-without-stones","17":"pa_type-category-necklaces","19":"first","20":"instock","21":"sale","22":"featured","23":"taxable","24":"shipping-taxable","25":"purchasable","26":"product-type-simple"},"bundled_by":[],"bundle_stock_status":"instock","bundle_stock_quantity":4,"bundle_virtual":false,"bundle_layout":"","bundle_add_to_cart_form_location":"","bundle_editable_in_cart":false,"bundle_sold_individually_context":"","bundle_item_grouping":"","bundle_min_size":"","bundle_max_size":"","bundle_price":[],"bundled_items":[],"bundle_sell_ids":[],"etheme_brands":{"errors":{"invalid_taxonomy":["Lubamatu taksonoomia."]},"error_data":[]},"_links":{"self":[{"href":"https:\/\/glamuur.ee\/et\/wp-json\/wp\/v2\/product\/77819","targetHints":{"allow":["GET"]}}],"collection":[{"href":"https:\/\/glamuur.ee\/et\/wp-json\/wp\/v2\/product"}],"about":[{"href":"https:\/\/glamuur.ee\/et\/wp-json\/wp\/v2\/types\/product"}],"replies":[{"embeddable":true,"href":"https:\/\/glamuur.ee\/et\/wp-json\/wp\/v2\/comments?post=77819"}],"wp:featuredmedia":[{"embeddable":true,"href":"https:\/\/glamuur.ee\/et\/wp-json\/wp\/v2\/media\/77820"}],"wp:attachment":[{"href":"https:\/\/glamuur.ee\/et\/wp-json\/wp\/v2\/media?parent=77819"}],"wp:term":[{"taxonomy":"product_brand","embeddable":true,"href":"https:\/\/glamuur.ee\/et\/wp-json\/wp\/v2\/product_brand?post=77819"},{"taxonomy":"product_cat","embeddable":true,"href":"https:\/\/glamuur.ee\/et\/wp-json\/wp\/v2\/product_cat?post=77819"},{"taxonomy":"product_tag","embeddable":true,"href":"https:\/\/glamuur.ee\/et\/wp-json\/wp\/v2\/product_tag?post=77819"},{"taxonomy":"giftcard-category","embeddable":true,"href":"https:\/\/glamuur.ee\/et\/wp-json\/wp\/v2\/giftcard-category?post=77819"}],"curies":[{"name":"wp","href":"https:\/\/api.w.org\/{rel}","templated":true}]}}