{"id":77433,"date":"2023-02-16T16:35:00","date_gmt":"2023-02-16T16:35:00","guid":{"rendered":"https:\/\/dev.glamuur.ee\/product\/engelsrufer-earrings-ere-te-cr\/"},"modified":"2026-01-26T16:05:43","modified_gmt":"2026-01-26T14:05:43","slug":"engelsrufer-korvarongad-ere-te-cr","status":"publish","type":"product","link":"https:\/\/glamuur.ee\/et\/product\/engelsrufer-earrings-ere-te-cr\/","title":{"rendered":"Engelsrufer K\u00f5rvar\u00f5ngad"},"content":{"rendered":"<p>R\u00f5ngad Powerful Stone with Tiger Eye | 925 Sterling h\u00f5be roodiumiga | R\u00f5ngad 13 mm + 6 mm<\/p>","protected":false},"excerpt":{"rendered":"<p>R\u00f5ngad Powerful Stone with Tiger Eye | 925 Sterling h\u00f5be roodiumiga | R\u00f5ngad 13 mm + 6 mm<\/p>","protected":false},"featured_media":52584,"comment_status":"open","ping_status":"closed","template":"","meta":{"jetpack_post_was_ever_published":false},"product_brand":[],"product_cat":[725,210,214,794,842],"product_tag":[935],"giftcard-category":[],"class_list":{"0":"post-77433","1":"product","2":"type-product","3":"status-publish","4":"has-post-thumbnail","6":"product_cat-earrings","7":"product_cat-engelsrufer","8":"product_cat-engelsrufer-earrings","9":"product_cat-gift-ideas-up-to-100e","10":"product_cat-zodiacs","11":"product_tag-special-collections","12":"pa_material-silver","13":"pa_metal-color-silver","14":"pa_product-brand-engelsrufer","15":"pa_stone-color-brown","16":"pa_type-category-earrings","18":"first","19":"instock","20":"featured","21":"taxable","22":"shipping-taxable","23":"purchasable","24":"product-type-simple"},"bundled_by":[],"bundle_stock_status":"instock","bundle_stock_quantity":3,"bundle_virtual":false,"bundle_layout":"","bundle_add_to_cart_form_location":"","bundle_editable_in_cart":false,"bundle_sold_individually_context":"","bundle_item_grouping":"","bundle_min_size":"","bundle_max_size":"","bundle_price":[],"bundled_items":[],"bundle_sell_ids":[],"etheme_brands":{"errors":{"invalid_taxonomy":["Lubamatu taksonoomia."]},"error_data":[]},"_links":{"self":[{"href":"https:\/\/glamuur.ee\/et\/wp-json\/wp\/v2\/product\/77433","targetHints":{"allow":["GET"]}}],"collection":[{"href":"https:\/\/glamuur.ee\/et\/wp-json\/wp\/v2\/product"}],"about":[{"href":"https:\/\/glamuur.ee\/et\/wp-json\/wp\/v2\/types\/product"}],"replies":[{"embeddable":true,"href":"https:\/\/glamuur.ee\/et\/wp-json\/wp\/v2\/comments?post=77433"}],"wp:featuredmedia":[{"embeddable":true,"href":"https:\/\/glamuur.ee\/et\/wp-json\/wp\/v2\/media\/52584"}],"wp:attachment":[{"href":"https:\/\/glamuur.ee\/et\/wp-json\/wp\/v2\/media?parent=77433"}],"wp:term":[{"taxonomy":"product_brand","embeddable":true,"href":"https:\/\/glamuur.ee\/et\/wp-json\/wp\/v2\/product_brand?post=77433"},{"taxonomy":"product_cat","embeddable":true,"href":"https:\/\/glamuur.ee\/et\/wp-json\/wp\/v2\/product_cat?post=77433"},{"taxonomy":"product_tag","embeddable":true,"href":"https:\/\/glamuur.ee\/et\/wp-json\/wp\/v2\/product_tag?post=77433"},{"taxonomy":"giftcard-category","embeddable":true,"href":"https:\/\/glamuur.ee\/et\/wp-json\/wp\/v2\/giftcard-category?post=77433"}],"curies":[{"name":"wp","href":"https:\/\/api.w.org\/{rel}","templated":true}]}}