{"id":77404,"date":"2023-02-16T16:34:17","date_gmt":"2023-02-16T16:34:17","guid":{"rendered":"https:\/\/dev.glamuur.ee\/product\/engelsrufer-earrings-ere-paradise-tri-st\/"},"modified":"2025-04-30T17:03:07","modified_gmt":"2025-04-30T14:03:07","slug":"engelsrufer-korvarongad-ere-paradise-tri-st","status":"publish","type":"product","link":"https:\/\/glamuur.ee\/et\/product\/engelsrufer-earrings-ere-paradise-tri-st\/","title":{"rendered":"Engelsrufer K\u00f5rvar\u00f5ngad"},"content":{"rendered":"<p>K\u00f5rvar\u00f5ngad Paradise 925 Sterling h\u00f5be roodium \/ kullatud \/ roosaga kaetud | 10 mm<\/p>","protected":false},"excerpt":{"rendered":"<p>K\u00f5rvar\u00f5ngad Paradise 925 Sterling h\u00f5be roodium \/ kullatud \/ roosaga kaetud | 10 mm<\/p>","protected":false},"featured_media":264548,"comment_status":"open","ping_status":"closed","template":"","meta":{"jetpack_post_was_ever_published":false},"product_brand":[],"product_cat":[725,210,214],"product_tag":[],"giftcard-category":[],"class_list":{"0":"post-77404","1":"product","2":"type-product","3":"status-publish","4":"has-post-thumbnail","6":"product_cat-earrings","7":"product_cat-engelsrufer","8":"product_cat-engelsrufer-earrings","9":"pa_material-silver","10":"pa_metal-color-multicolor","11":"pa_product-brand-engelsrufer","12":"pa_stone-color-without-stones","13":"pa_type-category-earrings","15":"first","16":"instock","17":"featured","18":"taxable","19":"shipping-taxable","20":"purchasable","21":"product-type-simple"},"bundled_by":[],"bundle_stock_status":"instock","bundle_stock_quantity":1,"bundle_virtual":false,"bundle_layout":"","bundle_add_to_cart_form_location":"","bundle_editable_in_cart":false,"bundle_sold_individually_context":"","bundle_item_grouping":"","bundle_min_size":"","bundle_max_size":"","bundle_price":[],"bundled_items":[],"bundle_sell_ids":[],"etheme_brands":{"errors":{"invalid_taxonomy":["Lubamatu taksonoomia."]},"error_data":[]},"_links":{"self":[{"href":"https:\/\/glamuur.ee\/et\/wp-json\/wp\/v2\/product\/77404","targetHints":{"allow":["GET"]}}],"collection":[{"href":"https:\/\/glamuur.ee\/et\/wp-json\/wp\/v2\/product"}],"about":[{"href":"https:\/\/glamuur.ee\/et\/wp-json\/wp\/v2\/types\/product"}],"replies":[{"embeddable":true,"href":"https:\/\/glamuur.ee\/et\/wp-json\/wp\/v2\/comments?post=77404"}],"wp:featuredmedia":[{"embeddable":true,"href":"https:\/\/glamuur.ee\/et\/wp-json\/wp\/v2\/media\/264548"}],"wp:attachment":[{"href":"https:\/\/glamuur.ee\/et\/wp-json\/wp\/v2\/media?parent=77404"}],"wp:term":[{"taxonomy":"product_brand","embeddable":true,"href":"https:\/\/glamuur.ee\/et\/wp-json\/wp\/v2\/product_brand?post=77404"},{"taxonomy":"product_cat","embeddable":true,"href":"https:\/\/glamuur.ee\/et\/wp-json\/wp\/v2\/product_cat?post=77404"},{"taxonomy":"product_tag","embeddable":true,"href":"https:\/\/glamuur.ee\/et\/wp-json\/wp\/v2\/product_tag?post=77404"},{"taxonomy":"giftcard-category","embeddable":true,"href":"https:\/\/glamuur.ee\/et\/wp-json\/wp\/v2\/giftcard-category?post=77404"}],"curies":[{"name":"wp","href":"https:\/\/api.w.org\/{rel}","templated":true}]}}