{"id":77252,"date":"2023-02-16T16:30:52","date_gmt":"2023-02-16T16:30:52","guid":{"rendered":"https:\/\/dev.glamuur.ee\/product\/engelsrufer-earrings-ere-emma-zi-g-cr-13\/"},"modified":"2026-03-23T11:05:08","modified_gmt":"2026-03-23T09:05:08","slug":"engelsrufer-korvarongad-ere-emma-zi-g-cr-13","status":"publish","type":"product","link":"https:\/\/glamuur.ee\/et\/product\/engelsrufer-earrings-ere-emma-zi-g-cr-13\/","title":{"rendered":"Engelsrufer K\u00f5rvar\u00f5ngad"},"content":{"rendered":"<p>K\u00f5rvar\u00f5ngad Emma 24 Valge s\u00fcntesaator. Zirkonia | 925er Sterlingsilber kullatud | 13 mm<\/p>","protected":false},"excerpt":{"rendered":"<p>K\u00f5rvar\u00f5ngad Emma 24 Valge s\u00fcntesaator. Zirkonia | 925er Sterlingsilber kullatud | 13 mm<\/p>","protected":false},"featured_media":53232,"comment_status":"open","ping_status":"closed","template":"","meta":{"jetpack_post_was_ever_published":false},"product_brand":[],"product_cat":[725,210,214,794],"product_tag":[],"giftcard-category":[],"class_list":{"0":"post-77252","1":"product","2":"type-product","3":"status-publish","4":"has-post-thumbnail","6":"product_cat-earrings","7":"product_cat-engelsrufer","8":"product_cat-engelsrufer-earrings","9":"product_cat-gift-ideas-up-to-100e","10":"pa_material-silver","11":"pa_metal-color-silver","12":"pa_product-brand-engelsrufer","13":"pa_stone-color-white","14":"pa_type-category-earrings","16":"first","17":"instock","18":"featured","19":"taxable","20":"shipping-taxable","21":"purchasable","22":"product-type-simple"},"bundled_by":[],"bundle_stock_status":"instock","bundle_stock_quantity":5,"bundle_virtual":false,"bundle_layout":"","bundle_add_to_cart_form_location":"","bundle_editable_in_cart":false,"bundle_sold_individually_context":"","bundle_item_grouping":"","bundle_min_size":"","bundle_max_size":"","bundle_price":[],"bundled_items":[],"bundle_sell_ids":[],"etheme_brands":{"errors":{"invalid_taxonomy":["Lubamatu taksonoomia."]},"error_data":[]},"_links":{"self":[{"href":"https:\/\/glamuur.ee\/et\/wp-json\/wp\/v2\/product\/77252","targetHints":{"allow":["GET"]}}],"collection":[{"href":"https:\/\/glamuur.ee\/et\/wp-json\/wp\/v2\/product"}],"about":[{"href":"https:\/\/glamuur.ee\/et\/wp-json\/wp\/v2\/types\/product"}],"replies":[{"embeddable":true,"href":"https:\/\/glamuur.ee\/et\/wp-json\/wp\/v2\/comments?post=77252"}],"wp:featuredmedia":[{"embeddable":true,"href":"https:\/\/glamuur.ee\/et\/wp-json\/wp\/v2\/media\/53232"}],"wp:attachment":[{"href":"https:\/\/glamuur.ee\/et\/wp-json\/wp\/v2\/media?parent=77252"}],"wp:term":[{"taxonomy":"product_brand","embeddable":true,"href":"https:\/\/glamuur.ee\/et\/wp-json\/wp\/v2\/product_brand?post=77252"},{"taxonomy":"product_cat","embeddable":true,"href":"https:\/\/glamuur.ee\/et\/wp-json\/wp\/v2\/product_cat?post=77252"},{"taxonomy":"product_tag","embeddable":true,"href":"https:\/\/glamuur.ee\/et\/wp-json\/wp\/v2\/product_tag?post=77252"},{"taxonomy":"giftcard-category","embeddable":true,"href":"https:\/\/glamuur.ee\/et\/wp-json\/wp\/v2\/giftcard-category?post=77252"}],"curies":[{"name":"wp","href":"https:\/\/api.w.org\/{rel}","templated":true}]}}