{"id":50508,"date":"2024-09-26T18:33:31","date_gmt":"2024-09-26T15:33:31","guid":{"rendered":"https:\/\/dev.glamuur.ee\/product\/ti-sento-milano-bracelet-23022zy\/"},"modified":"2026-03-09T17:07:38","modified_gmt":"2026-03-09T15:07:38","slug":"ti-sento-milano-kaevoru-23022zy","status":"publish","type":"product","link":"https:\/\/glamuur.ee\/et\/product\/ti-sento-milano-bracelet-23022zy\/","title":{"rendered":"TI SENTO \u2013 Milano K\u00e4ekett"},"content":{"rendered":"<p>This TI SENTO  gold-plated silver bracelet 23022ZY flaunts gold-plated, silver and pav\u00e9 tokens. Classic with an edge, this piece adds a touch of dainty elegance to any outfit. The white cubic zirconia (CA) pav\u00e9 shimmers however you wear it. Entirely crafted from the highest quality 925 sterling silver, some of the tokens are plated with yellow gold. Beauty lies in the details. The length of the bracelet is adjustable to make sure it&#8217;ll fit just right. All of our bracelets are nickel-free and hypoallergenic. <\/p>\n<p>K\u00e4ev\u00f5ru standardpikkus on 16 cm. Sellel on 4 cm pikkune pikendust\u00fckk, mis v\u00f5imaldab kanda seda 3 erinevas pikkuses: 16 cm, 18 cm ja 20 cm.<\/p>","protected":false},"excerpt":{"rendered":"<h2>K\u00e4ev\u00f5ru standardpikkus on 16 cm. Sellel on 4 cm pikkune pikendust\u00fckk, mis v\u00f5imaldab kanda seda 3 erinevas pikkuses: 16 cm, 18 cm ja 20 cm.<\/h2>","protected":false},"featured_media":50509,"comment_status":"open","ping_status":"closed","template":"","meta":{"jetpack_post_was_ever_published":false},"product_brand":[],"product_cat":[726,979,808,939,964,72,147],"product_tag":[],"giftcard-category":[],"class_list":{"0":"post-50508","1":"product","2":"type-product","3":"status-publish","4":"has-post-thumbnail","6":"product_cat-bracelets","7":"product_cat-graduation-2025","8":"product_cat-modern-classic","9":"product_cat-ti-sento-sale-europe","10":"product_cat-summer-sale-ti-sento","11":"product_cat-ti-sento-milano","12":"product_cat-ti-sento-milano-bracelets","13":"pa_material-silver","14":"pa_metal-color-yellow-gold","15":"pa_product-brand-ti-sento-milano","16":"pa_stone-color-white","17":"pa_type-category-bracelets","19":"first","20":"instock","21":"featured","22":"taxable","23":"shipping-taxable","24":"purchasable","25":"product-type-simple"},"bundled_by":[],"bundle_stock_status":"instock","bundle_stock_quantity":2,"bundle_virtual":false,"bundle_layout":"","bundle_add_to_cart_form_location":"","bundle_editable_in_cart":false,"bundle_sold_individually_context":"","bundle_item_grouping":"","bundle_min_size":"","bundle_max_size":"","bundle_price":[],"bundled_items":[],"bundle_sell_ids":[],"etheme_brands":{"errors":{"invalid_taxonomy":["Lubamatu taksonoomia."]},"error_data":[]},"_links":{"self":[{"href":"https:\/\/glamuur.ee\/et\/wp-json\/wp\/v2\/product\/50508","targetHints":{"allow":["GET"]}}],"collection":[{"href":"https:\/\/glamuur.ee\/et\/wp-json\/wp\/v2\/product"}],"about":[{"href":"https:\/\/glamuur.ee\/et\/wp-json\/wp\/v2\/types\/product"}],"replies":[{"embeddable":true,"href":"https:\/\/glamuur.ee\/et\/wp-json\/wp\/v2\/comments?post=50508"}],"wp:featuredmedia":[{"embeddable":true,"href":"https:\/\/glamuur.ee\/et\/wp-json\/wp\/v2\/media\/50509"}],"wp:attachment":[{"href":"https:\/\/glamuur.ee\/et\/wp-json\/wp\/v2\/media?parent=50508"}],"wp:term":[{"taxonomy":"product_brand","embeddable":true,"href":"https:\/\/glamuur.ee\/et\/wp-json\/wp\/v2\/product_brand?post=50508"},{"taxonomy":"product_cat","embeddable":true,"href":"https:\/\/glamuur.ee\/et\/wp-json\/wp\/v2\/product_cat?post=50508"},{"taxonomy":"product_tag","embeddable":true,"href":"https:\/\/glamuur.ee\/et\/wp-json\/wp\/v2\/product_tag?post=50508"},{"taxonomy":"giftcard-category","embeddable":true,"href":"https:\/\/glamuur.ee\/et\/wp-json\/wp\/v2\/giftcard-category?post=50508"}],"curies":[{"name":"wp","href":"https:\/\/api.w.org\/{rel}","templated":true}]}}