{"id":47032,"date":"2023-01-17T14:48:32","date_gmt":"2023-01-17T12:48:32","guid":{"rendered":"https:\/\/dev.glamuur.ee\/product\/ania-haie-ring-r045-01h-cz\/"},"modified":"2026-02-05T22:33:49","modified_gmt":"2026-02-05T20:33:49","slug":"ania-haie-ring-r045-01h-cz","status":"publish","type":"product","link":"https:\/\/glamuur.ee\/et\/product\/ania-haie-ring-r045-01h-cz\/","title":{"rendered":"Ania Haie Ring R045-01H-CZ"},"content":{"rendered":"<p>R\u00f5nga laius = 1.8mm<br \/>\nKuubilise tsirkooniumi suurus = 2.1mm<br \/>\nKogus = 1<br \/>\nRihma stiil = avatud\/ reguleeritav<br \/>\nUS 5.5 UK L EUR 50 - US 8.5 UK P EUR 58<br \/>\nSisemine l\u00e4bim\u00f5\u00f5t 1.61 - 1.86cm<\/p>","protected":false},"excerpt":{"rendered":"<p>S\u00f5rmuse laius = 1.8mm Tsirkooniumi suurus = 2.1mm Kogus = 1 Rihma stiil = avatud\/ reguleeritav US 5.5 UK L EUR 50 - US 8.5 UK P EUR 58 Sise diameeter 1.61 - 1.86cm.<\/p>","protected":false},"featured_media":264349,"comment_status":"open","ping_status":"closed","template":"","meta":{"jetpack_post_was_ever_published":false},"product_brand":[],"product_cat":[200,205,730],"product_tag":[],"giftcard-category":[],"class_list":{"0":"post-47032","1":"product","2":"type-product","3":"status-publish","4":"has-post-thumbnail","6":"product_cat-ania-haie","7":"product_cat-ania-haie-rings","8":"product_cat-rings","9":"pa_material-silver","10":"pa_metal-color-silver","11":"pa_product-brand-ania-haie","12":"pa_stone-color-white","13":"pa_type-category-rings","15":"first","16":"instock","17":"featured","18":"taxable","19":"shipping-taxable","20":"purchasable","21":"product-type-simple"},"bundled_by":[],"bundle_stock_status":"instock","bundle_stock_quantity":1,"bundle_virtual":false,"bundle_layout":"","bundle_add_to_cart_form_location":"","bundle_editable_in_cart":false,"bundle_sold_individually_context":"","bundle_item_grouping":"","bundle_min_size":"","bundle_max_size":"","bundle_price":[],"bundled_items":[],"bundle_sell_ids":[],"etheme_brands":{"errors":{"invalid_taxonomy":["Lubamatu taksonoomia."]},"error_data":[]},"_links":{"self":[{"href":"https:\/\/glamuur.ee\/et\/wp-json\/wp\/v2\/product\/47032","targetHints":{"allow":["GET"]}}],"collection":[{"href":"https:\/\/glamuur.ee\/et\/wp-json\/wp\/v2\/product"}],"about":[{"href":"https:\/\/glamuur.ee\/et\/wp-json\/wp\/v2\/types\/product"}],"replies":[{"embeddable":true,"href":"https:\/\/glamuur.ee\/et\/wp-json\/wp\/v2\/comments?post=47032"}],"wp:featuredmedia":[{"embeddable":true,"href":"https:\/\/glamuur.ee\/et\/wp-json\/wp\/v2\/media\/264349"}],"wp:attachment":[{"href":"https:\/\/glamuur.ee\/et\/wp-json\/wp\/v2\/media?parent=47032"}],"wp:term":[{"taxonomy":"product_brand","embeddable":true,"href":"https:\/\/glamuur.ee\/et\/wp-json\/wp\/v2\/product_brand?post=47032"},{"taxonomy":"product_cat","embeddable":true,"href":"https:\/\/glamuur.ee\/et\/wp-json\/wp\/v2\/product_cat?post=47032"},{"taxonomy":"product_tag","embeddable":true,"href":"https:\/\/glamuur.ee\/et\/wp-json\/wp\/v2\/product_tag?post=47032"},{"taxonomy":"giftcard-category","embeddable":true,"href":"https:\/\/glamuur.ee\/et\/wp-json\/wp\/v2\/giftcard-category?post=47032"}],"curies":[{"name":"wp","href":"https:\/\/api.w.org\/{rel}","templated":true}]}}