{"id":46117,"date":"2023-01-17T14:21:33","date_gmt":"2023-01-17T12:21:33","guid":{"rendered":"https:\/\/dev.glamuur.ee\/product\/ania-haie-ring-r044-01g\/"},"modified":"2026-02-05T22:33:47","modified_gmt":"2026-02-05T20:33:47","slug":"ania-haie-ring-r044-01g","status":"publish","type":"product","link":"https:\/\/glamuur.ee\/et\/product\/ania-haie-ring-r044-01g\/","title":{"rendered":"Ania Haie Ring R044-01G"},"content":{"rendered":"<p>R\u00f5nga laius = 1~1.6mM<br \/>\nS\u00fcnteetiline t\u00fcrkiis suurus = 6.5*4.5mm<br \/>\nKogus = 1<br \/>\nRihma stiil = avatud\/ reguleeritav<br \/>\nUS 5.5 UK L EUR 50 - US 8.5 UK P EUR 58<br \/>\nSisemine l\u00e4bim\u00f5\u00f5t 1.61 - 1.86cm<\/p>","protected":false},"excerpt":{"rendered":"<p>Ring Width = 1~1.6mM Synthetic Turquoise Size = 6.5*4.5mm Quantity = 1 Band style = Open\/ Adjustable US 5.5 UK L EUR 50 \u2013 US 8.5 UK P EUR 58 Internal diameter 1.61 &#8211; 1.86cm<\/p>","protected":false},"featured_media":46118,"comment_status":"open","ping_status":"closed","template":"","meta":{"jetpack_post_was_ever_published":false},"product_brand":[],"product_cat":[200,205,980,730,964],"product_tag":[],"giftcard-category":[],"class_list":{"0":"post-46117","1":"product","2":"type-product","3":"status-publish","4":"has-post-thumbnail","6":"product_cat-ania-haie","7":"product_cat-ania-haie-rings","8":"product_cat-ready-for-vacation","9":"product_cat-rings","10":"product_cat-summer-sale-ti-sento","11":"pa_material-silver","12":"pa_metal-color-yellow-gold","13":"pa_product-brand-ania-haie","14":"pa_stone-color-turquoise","15":"pa_type-category-rings","17":"first","18":"instock","19":"featured","20":"taxable","21":"shipping-taxable","22":"purchasable","23":"product-type-simple"},"bundled_by":[],"bundle_stock_status":"instock","bundle_stock_quantity":1,"bundle_virtual":false,"bundle_layout":"","bundle_add_to_cart_form_location":"","bundle_editable_in_cart":false,"bundle_sold_individually_context":"","bundle_item_grouping":"","bundle_min_size":"","bundle_max_size":"","bundle_price":[],"bundled_items":[],"bundle_sell_ids":[],"etheme_brands":{"errors":{"invalid_taxonomy":["Lubamatu taksonoomia."]},"error_data":[]},"_links":{"self":[{"href":"https:\/\/glamuur.ee\/et\/wp-json\/wp\/v2\/product\/46117","targetHints":{"allow":["GET"]}}],"collection":[{"href":"https:\/\/glamuur.ee\/et\/wp-json\/wp\/v2\/product"}],"about":[{"href":"https:\/\/glamuur.ee\/et\/wp-json\/wp\/v2\/types\/product"}],"replies":[{"embeddable":true,"href":"https:\/\/glamuur.ee\/et\/wp-json\/wp\/v2\/comments?post=46117"}],"wp:featuredmedia":[{"embeddable":true,"href":"https:\/\/glamuur.ee\/et\/wp-json\/wp\/v2\/media\/46118"}],"wp:attachment":[{"href":"https:\/\/glamuur.ee\/et\/wp-json\/wp\/v2\/media?parent=46117"}],"wp:term":[{"taxonomy":"product_brand","embeddable":true,"href":"https:\/\/glamuur.ee\/et\/wp-json\/wp\/v2\/product_brand?post=46117"},{"taxonomy":"product_cat","embeddable":true,"href":"https:\/\/glamuur.ee\/et\/wp-json\/wp\/v2\/product_cat?post=46117"},{"taxonomy":"product_tag","embeddable":true,"href":"https:\/\/glamuur.ee\/et\/wp-json\/wp\/v2\/product_tag?post=46117"},{"taxonomy":"giftcard-category","embeddable":true,"href":"https:\/\/glamuur.ee\/et\/wp-json\/wp\/v2\/giftcard-category?post=46117"}],"curies":[{"name":"wp","href":"https:\/\/api.w.org\/{rel}","templated":true}]}}