{"id":42951,"date":"2023-01-17T13:34:52","date_gmt":"2023-01-17T11:34:52","guid":{"rendered":"https:\/\/dev.glamuur.ee\/product\/ania-haie-earrings-e034-05h\/"},"modified":"2026-04-09T20:00:04","modified_gmt":"2026-04-09T17:00:04","slug":"ania-haie-earrings-e034-05h","status":"publish","type":"product","link":"https:\/\/glamuur.ee\/et\/product\/ania-haie-earrings-e034-05h\/","title":{"rendered":"Ania Haie Earrings E034-05H"},"content":{"rendered":"<p>K\u00f5rvar\u00f5nga l\u00e4bim\u00f5\u00f5t = 12mm<br \/>\nK\u00f5rvar\u00f5nga laius = 3.5mm<br \/>\nKyoto Opal Size = 1.5mm, Quantity = 2<br \/>\nKuubilise tsirkooniumi suurus = 1.1mm, kogus = 2<br \/>\nCubic Zirconia Size = 1mm, Quantity = 4<\/p>","protected":false},"excerpt":{"rendered":"<p>K\u00f5rvar\u00f5nga l\u00e4bim\u00f5\u00f5t = 12mm K\u00f5rvar\u00f5nga laius = 3.5mm Kyoto opaali suurus = 1.5mm, kogus = 2 kuubilise tsirkooniaga suurus = 1.1mm, kogus = 2 kuubilise tsirkooniaga suurus = 1mm, kogus = 4<\/p>","protected":false},"featured_media":42953,"comment_status":"open","ping_status":"closed","template":"","meta":{"jetpack_post_was_ever_published":false},"product_brand":[],"product_cat":[200,201],"product_tag":[],"giftcard-category":[],"class_list":{"0":"post-42951","1":"product","2":"type-product","3":"status-publish","4":"has-post-thumbnail","6":"product_cat-ania-haie","7":"product_cat-ania-haie-earrings","8":"pa_material-silver","9":"pa_metal-color-silver","10":"pa_product-brand-ania-haie","11":"pa_stone-color-white","12":"pa_type-category-earrings","14":"first","15":"instock","16":"featured","17":"taxable","18":"shipping-taxable","19":"purchasable","20":"product-type-simple"},"bundled_by":[],"bundle_stock_status":"instock","bundle_stock_quantity":1,"bundle_virtual":false,"bundle_layout":"","bundle_add_to_cart_form_location":"","bundle_editable_in_cart":false,"bundle_sold_individually_context":"","bundle_item_grouping":"","bundle_min_size":"","bundle_max_size":"","bundle_price":[],"bundled_items":[],"bundle_sell_ids":[],"etheme_brands":{"errors":{"invalid_taxonomy":["Lubamatu taksonoomia."]},"error_data":[]},"_links":{"self":[{"href":"https:\/\/glamuur.ee\/et\/wp-json\/wp\/v2\/product\/42951","targetHints":{"allow":["GET"]}}],"collection":[{"href":"https:\/\/glamuur.ee\/et\/wp-json\/wp\/v2\/product"}],"about":[{"href":"https:\/\/glamuur.ee\/et\/wp-json\/wp\/v2\/types\/product"}],"replies":[{"embeddable":true,"href":"https:\/\/glamuur.ee\/et\/wp-json\/wp\/v2\/comments?post=42951"}],"wp:featuredmedia":[{"embeddable":true,"href":"https:\/\/glamuur.ee\/et\/wp-json\/wp\/v2\/media\/42953"}],"wp:attachment":[{"href":"https:\/\/glamuur.ee\/et\/wp-json\/wp\/v2\/media?parent=42951"}],"wp:term":[{"taxonomy":"product_brand","embeddable":true,"href":"https:\/\/glamuur.ee\/et\/wp-json\/wp\/v2\/product_brand?post=42951"},{"taxonomy":"product_cat","embeddable":true,"href":"https:\/\/glamuur.ee\/et\/wp-json\/wp\/v2\/product_cat?post=42951"},{"taxonomy":"product_tag","embeddable":true,"href":"https:\/\/glamuur.ee\/et\/wp-json\/wp\/v2\/product_tag?post=42951"},{"taxonomy":"giftcard-category","embeddable":true,"href":"https:\/\/glamuur.ee\/et\/wp-json\/wp\/v2\/giftcard-category?post=42951"}],"curies":[{"name":"wp","href":"https:\/\/api.w.org\/{rel}","templated":true}]}}