{"id":42850,"date":"2025-08-27T13:12:35","date_gmt":"2025-08-27T10:12:35","guid":{"rendered":"https:\/\/dev.glamuur.ee\/product\/ania-haie-earrings-e034-01h\/"},"modified":"2026-05-01T13:40:54","modified_gmt":"2026-05-01T10:40:54","slug":"ania-haie-earrings-e034-01h","status":"publish","type":"product","link":"https:\/\/glamuur.ee\/et\/product\/ania-haie-earrings-e034-01h\/","title":{"rendered":"Ania Haie Earrings E034-01H"},"content":{"rendered":"<p>K\u00f5rvar\u00f5nga l\u00e4bim\u00f5\u00f5t = 4mm<br \/>\nKyoto Opal Size = 3mm, Quantity = 1<br \/>\nPosti paksus = 18Gauge (1.0mm)<br \/>\nPosti pikkus = 7.5mm<br \/>\nTagumise palli l\u00e4bim\u00f5\u00f5t = 3mm<br \/>\nM\u00fc\u00fcakse individuaalselt<\/p>","protected":false},"excerpt":{"rendered":"<p>Earring Diameter = 4mm Kyoto Opal Size = 3mm, Quantity = 1 Post Thickness = 18Gauge (1.0mm) Post Length = 7.5mm Back Ball Diameter = 3mm Sold Individually<\/p>","protected":false},"featured_media":42851,"comment_status":"open","ping_status":"closed","template":"","meta":{"jetpack_post_was_ever_published":true},"product_brand":[],"product_cat":[200,201,630,725,793,1626],"product_tag":[1058],"giftcard-category":[],"class_list":{"0":"post-42850","1":"product","2":"type-product","3":"status-publish","4":"has-post-thumbnail","6":"product_cat-ania-haie","7":"product_cat-ania-haie-earrings","8":"product_cat-ania-haie-single-earrings","9":"product_cat-earrings","10":"product_cat-gift-ideas-up-to-50e","11":"product_cat-under-40","12":"product_tag-alla-30","13":"pa_material-silver","14":"pa_metal-color-silver","15":"pa_product-brand-ania-haie","16":"pa_stone-color-white","17":"pa_type-category-earrings","19":"first","20":"instock","21":"sale","22":"featured","23":"taxable","24":"shipping-taxable","25":"purchasable","26":"product-type-simple"},"bundled_by":[],"bundle_stock_status":"instock","bundle_stock_quantity":2,"bundle_virtual":false,"bundle_layout":"","bundle_add_to_cart_form_location":"","bundle_editable_in_cart":false,"bundle_sold_individually_context":"","bundle_item_grouping":"","bundle_min_size":"","bundle_max_size":"","bundle_price":[],"bundled_items":[],"bundle_sell_ids":[],"etheme_brands":{"errors":{"invalid_taxonomy":["Lubamatu taksonoomia."]},"error_data":[]},"_links":{"self":[{"href":"https:\/\/glamuur.ee\/et\/wp-json\/wp\/v2\/product\/42850","targetHints":{"allow":["GET"]}}],"collection":[{"href":"https:\/\/glamuur.ee\/et\/wp-json\/wp\/v2\/product"}],"about":[{"href":"https:\/\/glamuur.ee\/et\/wp-json\/wp\/v2\/types\/product"}],"replies":[{"embeddable":true,"href":"https:\/\/glamuur.ee\/et\/wp-json\/wp\/v2\/comments?post=42850"}],"wp:featuredmedia":[{"embeddable":true,"href":"https:\/\/glamuur.ee\/et\/wp-json\/wp\/v2\/media\/42851"}],"wp:attachment":[{"href":"https:\/\/glamuur.ee\/et\/wp-json\/wp\/v2\/media?parent=42850"}],"wp:term":[{"taxonomy":"product_brand","embeddable":true,"href":"https:\/\/glamuur.ee\/et\/wp-json\/wp\/v2\/product_brand?post=42850"},{"taxonomy":"product_cat","embeddable":true,"href":"https:\/\/glamuur.ee\/et\/wp-json\/wp\/v2\/product_cat?post=42850"},{"taxonomy":"product_tag","embeddable":true,"href":"https:\/\/glamuur.ee\/et\/wp-json\/wp\/v2\/product_tag?post=42850"},{"taxonomy":"giftcard-category","embeddable":true,"href":"https:\/\/glamuur.ee\/et\/wp-json\/wp\/v2\/giftcard-category?post=42850"}],"curies":[{"name":"wp","href":"https:\/\/api.w.org\/{rel}","templated":true}]}}