{"id":303220,"date":"2026-01-06T15:25:37","date_gmt":"2026-01-06T13:25:37","guid":{"rendered":"https:\/\/glamuur.ee\/?post_type=product&#038;p=303220"},"modified":"2026-04-16T15:56:07","modified_gmt":"2026-04-16T12:56:07","slug":"ania-haie-earrings-e075-03g","status":"publish","type":"product","link":"https:\/\/glamuur.ee\/et\/product\/ania-haie-earrings-e075-03g\/","title":{"rendered":"Ania Haie Earrings E075-03G"},"content":{"rendered":"<p>R\u00f5nga l\u00e4bim\u00f5\u00f5t = 6.5mm<br \/>\nR\u00f5nga laius = 1.5mm<br \/>\nHoop Thickness = 1.5~1.7mm<br \/>\nKuubilise tsirkooniumi suurus = 1.4mm, kogus = 2<br \/>\nKuubilise tsirkooniumi suurus = 1.6mm, kogus = 2<br \/>\nKuubilise tsirkooniumi suurus = 2mm, kogus = 2<br \/>\nKuubilise tsirkooniumi suurus = 2.4mm, kogus = 2<br \/>\nKuubilise tsirkooniumi suurus = 2.8mm, kogus = 2<\/p>","protected":false},"excerpt":{"rendered":"<p>Hoop Diameter = 6.5mm Hoop Width = 1.5mm Hoop Thickness = 1.5~1.7mm Cubic Zirconia Size = 1.4mm, Quantity = 2 Cubic Zirconia Size = 1.6mm, Quantity = 2 Cubic Zirconia Size = 2mm, Quantity = 2 Cubic Zirconia Size = 2.4mm, Quantity = 2 Cubic&#8230;<\/p>","protected":false},"featured_media":303643,"comment_status":"open","ping_status":"closed","template":"","meta":{"jetpack_post_was_ever_published":false},"product_brand":[1498],"product_cat":[200,201,1506],"product_tag":[],"giftcard-category":[],"class_list":{"0":"post-303220","1":"product","2":"type-product","3":"status-publish","4":"has-post-thumbnail","6":"product_brand-ania-haie","7":"product_cat-ania-haie","8":"product_cat-ania-haie-earrings","9":"product_cat-ania-haie-ss26","10":"pa_material-silver","11":"pa_metal-color-yellow-gold","12":"pa_product-brand-ania-haie","13":"pa_stone-color-white","14":"pa_type-category-earrings","16":"first","17":"instock","18":"taxable","19":"shipping-taxable","20":"purchasable","21":"product-type-simple"},"bundled_by":[],"bundle_stock_status":"instock","bundle_stock_quantity":3,"bundle_virtual":false,"bundle_layout":"","bundle_add_to_cart_form_location":"","bundle_editable_in_cart":false,"bundle_sold_individually_context":"","bundle_item_grouping":"","bundle_min_size":"","bundle_max_size":"","bundle_price":[],"bundled_items":[],"bundle_sell_ids":[],"etheme_brands":{"errors":{"invalid_taxonomy":["Lubamatu taksonoomia."]},"error_data":[]},"_links":{"self":[{"href":"https:\/\/glamuur.ee\/et\/wp-json\/wp\/v2\/product\/303220","targetHints":{"allow":["GET"]}}],"collection":[{"href":"https:\/\/glamuur.ee\/et\/wp-json\/wp\/v2\/product"}],"about":[{"href":"https:\/\/glamuur.ee\/et\/wp-json\/wp\/v2\/types\/product"}],"replies":[{"embeddable":true,"href":"https:\/\/glamuur.ee\/et\/wp-json\/wp\/v2\/comments?post=303220"}],"wp:featuredmedia":[{"embeddable":true,"href":"https:\/\/glamuur.ee\/et\/wp-json\/wp\/v2\/media\/303643"}],"wp:attachment":[{"href":"https:\/\/glamuur.ee\/et\/wp-json\/wp\/v2\/media?parent=303220"}],"wp:term":[{"taxonomy":"product_brand","embeddable":true,"href":"https:\/\/glamuur.ee\/et\/wp-json\/wp\/v2\/product_brand?post=303220"},{"taxonomy":"product_cat","embeddable":true,"href":"https:\/\/glamuur.ee\/et\/wp-json\/wp\/v2\/product_cat?post=303220"},{"taxonomy":"product_tag","embeddable":true,"href":"https:\/\/glamuur.ee\/et\/wp-json\/wp\/v2\/product_tag?post=303220"},{"taxonomy":"giftcard-category","embeddable":true,"href":"https:\/\/glamuur.ee\/et\/wp-json\/wp\/v2\/giftcard-category?post=303220"}],"curies":[{"name":"wp","href":"https:\/\/api.w.org\/{rel}","templated":true}]}}