{"id":298531,"date":"2025-10-17T15:32:48","date_gmt":"2025-10-17T12:32:48","guid":{"rendered":"https:\/\/glamuur.ee\/?post_type=product&#038;p=298531"},"modified":"2026-04-15T17:05:36","modified_gmt":"2026-04-15T14:05:36","slug":"298531","status":"publish","type":"product","link":"https:\/\/glamuur.ee\/et\/product\/298531\/","title":{"rendered":"Aamen k\u00e4ev\u00f5ru BRFIBOBBZ2"},"content":{"rendered":"","protected":false},"excerpt":{"rendered":"<p>H\u00f5bedast k\u00e4ev\u00f5ru valge tsirkooniumiga - roodium - pikkus 16 + 3 cm - Charm \u00d8 7 mm - tsirkoonium \u00d8 2 mm<\/p>","protected":false},"featured_media":298512,"comment_status":"open","ping_status":"closed","template":"","meta":{"jetpack_post_was_ever_published":false},"product_brand":[],"product_cat":[1462,1465],"product_tag":[],"giftcard-category":[],"class_list":{"0":"post-298531","1":"product","2":"type-product","3":"status-publish","4":"has-post-thumbnail","6":"product_cat-amen","7":"product_cat-amen-bracelets","8":"pa_material-silver","9":"pa_metal-color-silver","10":"pa_product-brand-amen","11":"pa_stone-color-white","13":"first","14":"instock","15":"taxable","16":"shipping-taxable","17":"purchasable","18":"product-type-simple"},"bundled_by":[],"bundle_stock_status":"instock","bundle_stock_quantity":1,"bundle_virtual":false,"bundle_layout":"","bundle_add_to_cart_form_location":"","bundle_editable_in_cart":false,"bundle_sold_individually_context":"","bundle_item_grouping":"","bundle_min_size":"","bundle_max_size":"","bundle_price":[],"bundled_items":[],"bundle_sell_ids":[],"etheme_brands":{"errors":{"invalid_taxonomy":["Lubamatu taksonoomia."]},"error_data":[]},"_links":{"self":[{"href":"https:\/\/glamuur.ee\/et\/wp-json\/wp\/v2\/product\/298531","targetHints":{"allow":["GET"]}}],"collection":[{"href":"https:\/\/glamuur.ee\/et\/wp-json\/wp\/v2\/product"}],"about":[{"href":"https:\/\/glamuur.ee\/et\/wp-json\/wp\/v2\/types\/product"}],"replies":[{"embeddable":true,"href":"https:\/\/glamuur.ee\/et\/wp-json\/wp\/v2\/comments?post=298531"}],"wp:featuredmedia":[{"embeddable":true,"href":"https:\/\/glamuur.ee\/et\/wp-json\/wp\/v2\/media\/298512"}],"wp:attachment":[{"href":"https:\/\/glamuur.ee\/et\/wp-json\/wp\/v2\/media?parent=298531"}],"wp:term":[{"taxonomy":"product_brand","embeddable":true,"href":"https:\/\/glamuur.ee\/et\/wp-json\/wp\/v2\/product_brand?post=298531"},{"taxonomy":"product_cat","embeddable":true,"href":"https:\/\/glamuur.ee\/et\/wp-json\/wp\/v2\/product_cat?post=298531"},{"taxonomy":"product_tag","embeddable":true,"href":"https:\/\/glamuur.ee\/et\/wp-json\/wp\/v2\/product_tag?post=298531"},{"taxonomy":"giftcard-category","embeddable":true,"href":"https:\/\/glamuur.ee\/et\/wp-json\/wp\/v2\/giftcard-category?post=298531"}],"curies":[{"name":"wp","href":"https:\/\/api.w.org\/{rel}","templated":true}]}}