{"id":298371,"date":"2025-10-07T15:13:40","date_gmt":"2025-10-07T12:13:40","guid":{"rendered":"https:\/\/glamuur.ee\/?post_type=product&#038;p=298371"},"modified":"2026-03-10T19:21:12","modified_gmt":"2026-03-10T17:21:12","slug":"ti-sento-huggie-hoops","status":"publish","type":"product","link":"https:\/\/glamuur.ee\/et\/product\/ti-sento-huggie-hoops\/","title":{"rendered":"TI SENTO Huggie Hoops"},"content":{"rendered":"<p>These gorgeous TI SENTO  earrings are crafted in rhodium plated sterling silver for a truly great shine, and set with a row of white zirconia crystals that have been delicately placed. <\/p>\n<p>Pange t\u00e4hele: seda k\u00f5rvar\u00f5ngast ei saa kombineerida \u00fchegi meie k\u00f5rvam\u00e4rkidega.<\/p>","protected":false},"excerpt":{"rendered":"<p>These gorgeous TI SENTO earrings are crafted in rhodium plated sterling silver for a truly great shine, and set with a row of white zirconia crystals that have been delicately placed. Please note: this earring cannot be combined with any of our Ear Charms<\/p>","protected":false},"featured_media":298375,"comment_status":"open","ping_status":"closed","template":"","meta":{"jetpack_post_was_ever_published":false},"product_brand":[],"product_cat":[725,838,794,939,964,810,72,150],"product_tag":[],"giftcard-category":[],"class_list":{"0":"post-298371","1":"product","2":"type-product","3":"status-publish","4":"has-post-thumbnail","6":"product_cat-earrings","7":"product_cat-gift-ideas-for-graduates","8":"product_cat-gift-ideas-up-to-100e","9":"product_cat-ti-sento-sale-europe","10":"product_cat-summer-sale-ti-sento","11":"product_cat-the-minimalist","12":"product_cat-ti-sento-milano","13":"product_cat-ti-sento-milano-basic-earrings","14":"pa_material-silver","15":"pa_metal-color-silver","16":"pa_product-brand-ti-sento-milano","17":"pa_stone-color-white","18":"pa_type-category-earrings","20":"first","21":"instock","22":"featured","23":"taxable","24":"shipping-taxable","25":"purchasable","26":"product-type-simple"},"bundled_by":[],"bundle_stock_status":"instock","bundle_stock_quantity":4,"bundle_virtual":false,"bundle_layout":"","bundle_add_to_cart_form_location":"","bundle_editable_in_cart":false,"bundle_sold_individually_context":"","bundle_item_grouping":"","bundle_min_size":"","bundle_max_size":"","bundle_price":[],"bundled_items":[],"bundle_sell_ids":[],"etheme_brands":{"errors":{"invalid_taxonomy":["Lubamatu taksonoomia."]},"error_data":[]},"_links":{"self":[{"href":"https:\/\/glamuur.ee\/et\/wp-json\/wp\/v2\/product\/298371","targetHints":{"allow":["GET"]}}],"collection":[{"href":"https:\/\/glamuur.ee\/et\/wp-json\/wp\/v2\/product"}],"about":[{"href":"https:\/\/glamuur.ee\/et\/wp-json\/wp\/v2\/types\/product"}],"replies":[{"embeddable":true,"href":"https:\/\/glamuur.ee\/et\/wp-json\/wp\/v2\/comments?post=298371"}],"wp:featuredmedia":[{"embeddable":true,"href":"https:\/\/glamuur.ee\/et\/wp-json\/wp\/v2\/media\/298375"}],"wp:attachment":[{"href":"https:\/\/glamuur.ee\/et\/wp-json\/wp\/v2\/media?parent=298371"}],"wp:term":[{"taxonomy":"product_brand","embeddable":true,"href":"https:\/\/glamuur.ee\/et\/wp-json\/wp\/v2\/product_brand?post=298371"},{"taxonomy":"product_cat","embeddable":true,"href":"https:\/\/glamuur.ee\/et\/wp-json\/wp\/v2\/product_cat?post=298371"},{"taxonomy":"product_tag","embeddable":true,"href":"https:\/\/glamuur.ee\/et\/wp-json\/wp\/v2\/product_tag?post=298371"},{"taxonomy":"giftcard-category","embeddable":true,"href":"https:\/\/glamuur.ee\/et\/wp-json\/wp\/v2\/giftcard-category?post=298371"}],"curies":[{"name":"wp","href":"https:\/\/api.w.org\/{rel}","templated":true}]}}