{"id":298295,"date":"2025-10-01T17:46:04","date_gmt":"2025-10-01T14:46:04","guid":{"rendered":"https:\/\/glamuur.ee\/?post_type=product&#038;p=298295"},"modified":"2026-02-16T14:06:33","modified_gmt":"2026-02-16T12:06:33","slug":"ti-sento-milano-korvarongad-17","status":"publish","type":"product","link":"https:\/\/glamuur.ee\/et\/product\/ti-sento-milano-earrings-17\/","title":{"rendered":"TI SENTO - Milano k\u00f5rvar\u00f5ngad"},"content":{"rendered":"<p>Need TI SENTO - Milano k\u00f5rvar\u00f5ngad 7818MC on kaetud paksu 18k kuldkihiga. Need pisikesed k\u00f5rvar\u00f5ngad istuvad keeruliselt tihedalt k\u00f5rva k\u00fclge. Tagak\u00fcljel on paks roodiumikiht, mis kaitseb neid ja hoiab need s\u00e4ravatena. Kanna neid \u00fcksinda v\u00f5i kinnita oma lemmik Ear Charms'i k\u00fclge, et murda j\u00e4\u00e4!<\/p>","protected":false},"excerpt":{"rendered":"<p>These TI SENTO &#8211; Milano earrings 7818MC are plated with a thick layer of 18k gold. These tiny ear hoops sophisticatedly snug fit to your ear. The back side has a thick layer of rhodium to protect them and keep them shining. Wear them alone&#8230;<\/p>","protected":false},"featured_media":298296,"comment_status":"open","ping_status":"closed","template":"","meta":{"jetpack_post_was_ever_published":false},"product_brand":[],"product_cat":[725,838,794,979,939,964,810,72,150],"product_tag":[],"giftcard-category":[],"class_list":{"0":"post-298295","1":"product","2":"type-product","3":"status-publish","4":"has-post-thumbnail","6":"product_cat-earrings","7":"product_cat-gift-ideas-for-graduates","8":"product_cat-gift-ideas-up-to-100e","9":"product_cat-graduation-2025","10":"product_cat-ti-sento-sale-europe","11":"product_cat-summer-sale-ti-sento","12":"product_cat-the-minimalist","13":"product_cat-ti-sento-milano","14":"product_cat-ti-sento-milano-basic-earrings","15":"pa_material-silver","16":"pa_metal-color-yellow-gold","17":"pa_product-brand-ti-sento-milano","18":"pa_stone-color-multicolor","19":"pa_type-category-earrings","21":"first","22":"instock","23":"featured","24":"taxable","25":"shipping-taxable","26":"purchasable","27":"product-type-simple"},"bundled_by":[],"bundle_stock_status":"instock","bundle_stock_quantity":21,"bundle_virtual":false,"bundle_layout":"","bundle_add_to_cart_form_location":"","bundle_editable_in_cart":false,"bundle_sold_individually_context":"","bundle_item_grouping":"","bundle_min_size":"","bundle_max_size":"","bundle_price":[],"bundled_items":[],"bundle_sell_ids":[],"etheme_brands":{"errors":{"invalid_taxonomy":["Lubamatu taksonoomia."]},"error_data":[]},"_links":{"self":[{"href":"https:\/\/glamuur.ee\/et\/wp-json\/wp\/v2\/product\/298295","targetHints":{"allow":["GET"]}}],"collection":[{"href":"https:\/\/glamuur.ee\/et\/wp-json\/wp\/v2\/product"}],"about":[{"href":"https:\/\/glamuur.ee\/et\/wp-json\/wp\/v2\/types\/product"}],"replies":[{"embeddable":true,"href":"https:\/\/glamuur.ee\/et\/wp-json\/wp\/v2\/comments?post=298295"}],"wp:featuredmedia":[{"embeddable":true,"href":"https:\/\/glamuur.ee\/et\/wp-json\/wp\/v2\/media\/298296"}],"wp:attachment":[{"href":"https:\/\/glamuur.ee\/et\/wp-json\/wp\/v2\/media?parent=298295"}],"wp:term":[{"taxonomy":"product_brand","embeddable":true,"href":"https:\/\/glamuur.ee\/et\/wp-json\/wp\/v2\/product_brand?post=298295"},{"taxonomy":"product_cat","embeddable":true,"href":"https:\/\/glamuur.ee\/et\/wp-json\/wp\/v2\/product_cat?post=298295"},{"taxonomy":"product_tag","embeddable":true,"href":"https:\/\/glamuur.ee\/et\/wp-json\/wp\/v2\/product_tag?post=298295"},{"taxonomy":"giftcard-category","embeddable":true,"href":"https:\/\/glamuur.ee\/et\/wp-json\/wp\/v2\/giftcard-category?post=298295"}],"curies":[{"name":"wp","href":"https:\/\/api.w.org\/{rel}","templated":true}]}}