{"id":29423,"date":"2023-01-10T14:08:40","date_gmt":"2023-01-10T14:08:40","guid":{"rendered":"https:\/\/dev.glamuur.ee\/product\/engelsrufer-set-ero-soundball-s-01\/"},"modified":"2026-05-01T13:41:00","modified_gmt":"2026-05-01T10:41:00","slug":"engelsrufer-set-ero-soundball-s-01","status":"publish","type":"product","link":"https:\/\/glamuur.ee\/et\/product\/engelsrufer-set-ero-soundball-s-01\/","title":{"rendered":"Engelsrufer Komplekt"},"content":{"rendered":"<p>Engelsrufer komplekt ERO-SOUNDBALL-S-01<\/p>\n<div class=\"prod-description show-attribute\">\n<div class=\"product-desc-value\">Meie transformatsioonikunstnikele Engelsrufer - Classic, Paradise ja Skystrears suuruses S oleme kokku pannud neljast kellast koosneva komplekti v\u00e4rvides valge, must, punane ja roosa suuruses S 14 mm. Meie taevalikud ehted saab avada ja varustada eri v\u00e4rvi Engelsrufer-kellukestega. Ripatsite peen muster seab iga sisemise kellam\u00e4ngu suurep\u00e4raselt esile. Eriline on see, et igal helikehal on oma unikaalne, eksimatu helit\u00e4mber ja konkreetne v\u00e4rviline t\u00e4hendus. Oma \u00f5rnade helidega kutsuvad nad teie enda kaitseingli enda juurde ning pakuvad harmooniat ja tasakaalu. T\u00e4nu paljudele v\u00f5imalikele variatsioonidele saate iga p\u00e4ev uue ilme.<\/div>\n<\/div>\n<ul>\n<li class=\"materialLegierung show-attribute\"><span class=\"attribute-label\">materjal: <\/span><span class=\"materialLegierung-value\">Soundbody k\u00f5rgekvaliteediline lakitud<\/span><\/li>\n<li class=\"prod-color show-attribute\"><span class=\"attribute-label\">v\u00e4rv: <\/span><span class=\"color-value\">valge, must, punane, roosa<\/span><\/li>\n<li class=\"funktion show-attribute\"><span class=\"attribute-label\">funktsioon: <\/span><span class=\"function-value\">Helid l\u00e4bi liikumise<\/span><\/li>\n<li class=\"durchmesser_hoehe show-attribute\"><span class=\"attribute-label\">m\u00f5\u00f5de: <\/span><span class=\"durchmesser_hoehe-value\">\u00d8 14 mm<\/span><\/li>\n<li class=\"prod-size show-attribute\"><span class=\"attribute-label\">suurus: <\/span><span class=\"size-value\">S<\/span><\/li>\n<li class=\"producttype show-attribute\"><span class=\"attribute-label\">tootet\u00fc\u00fcp: <\/span><span class=\"producttype-value\">Komplekt<\/span><\/li>\n<\/ul>\n<h4 class=\"gray-title klangfarbeLabel\">VALGE, MUST, PUNANE, ROOSA<\/h4>\n<div class=\"klangfarbe\">Valge t\u00e4histab s\u00e4ravat t\u00e4iuslikkust, s\u00fc\u00fctust, puhtust ja surematust. Must domineerib valguses, selle v\u00e4limus on salap\u00e4rane ja elegantne. Punane on soe v\u00e4rv, mis t\u00e4histab j\u00f5udu, tuld, kirge ja armastust. Roosa on \u00f5rn ja \u00f5rn, see annab rasketel aegadel lootust ja rahulikkust.<\/div>","protected":false},"excerpt":{"rendered":"<p>Engelsrufer Set ERO-SOUNDBALL-S-01 For our transformation artists Engelsrufer &#8211; Classic, Paradise and Skystrears in size S we have put together a set of four chimes in the colours white, black, red and rose in size S with 14 mm. Our heavenly pieces of jewellery can&#8230;<\/p>","protected":false},"featured_media":78713,"comment_status":"open","ping_status":"closed","template":"","meta":{"jetpack_post_was_ever_published":false},"product_brand":[],"product_cat":[210,218,1626],"product_tag":[],"giftcard-category":[],"class_list":{"0":"post-29423","1":"product","2":"type-product","3":"status-publish","4":"has-post-thumbnail","6":"product_cat-engelsrufer","7":"product_cat-engelsrufer-sets","8":"product_cat-under-40","9":"pa_material-silver","10":"pa_product-brand-engelsrufer","11":"pa_stone-color-multicolor","12":"pa_type-category-sets","14":"first","15":"instock","16":"sale","17":"featured","18":"taxable","19":"shipping-taxable","20":"purchasable","21":"product-type-simple"},"bundled_by":[],"bundle_stock_status":"instock","bundle_stock_quantity":2,"bundle_virtual":false,"bundle_layout":"","bundle_add_to_cart_form_location":"","bundle_editable_in_cart":false,"bundle_sold_individually_context":"","bundle_item_grouping":"","bundle_min_size":"","bundle_max_size":"","bundle_price":[],"bundled_items":[],"bundle_sell_ids":[],"etheme_brands":{"errors":{"invalid_taxonomy":["Lubamatu taksonoomia."]},"error_data":[]},"_links":{"self":[{"href":"https:\/\/glamuur.ee\/et\/wp-json\/wp\/v2\/product\/29423","targetHints":{"allow":["GET"]}}],"collection":[{"href":"https:\/\/glamuur.ee\/et\/wp-json\/wp\/v2\/product"}],"about":[{"href":"https:\/\/glamuur.ee\/et\/wp-json\/wp\/v2\/types\/product"}],"replies":[{"embeddable":true,"href":"https:\/\/glamuur.ee\/et\/wp-json\/wp\/v2\/comments?post=29423"}],"wp:featuredmedia":[{"embeddable":true,"href":"https:\/\/glamuur.ee\/et\/wp-json\/wp\/v2\/media\/78713"}],"wp:attachment":[{"href":"https:\/\/glamuur.ee\/et\/wp-json\/wp\/v2\/media?parent=29423"}],"wp:term":[{"taxonomy":"product_brand","embeddable":true,"href":"https:\/\/glamuur.ee\/et\/wp-json\/wp\/v2\/product_brand?post=29423"},{"taxonomy":"product_cat","embeddable":true,"href":"https:\/\/glamuur.ee\/et\/wp-json\/wp\/v2\/product_cat?post=29423"},{"taxonomy":"product_tag","embeddable":true,"href":"https:\/\/glamuur.ee\/et\/wp-json\/wp\/v2\/product_tag?post=29423"},{"taxonomy":"giftcard-category","embeddable":true,"href":"https:\/\/glamuur.ee\/et\/wp-json\/wp\/v2\/giftcard-category?post=29423"}],"curies":[{"name":"wp","href":"https:\/\/api.w.org\/{rel}","templated":true}]}}