{"id":29400,"date":"2023-01-10T14:08:28","date_gmt":"2023-01-10T14:08:28","guid":{"rendered":"https:\/\/dev.glamuur.ee\/product\/engelsrufer-set-ern-withlove-04-birerb-withlove-04-bir\/"},"modified":"2025-04-30T17:03:44","modified_gmt":"2025-04-30T14:03:44","slug":"engelsrufer-set-ern-withlove-04-birerb-withlove-04-bir","status":"publish","type":"product","link":"https:\/\/glamuur.ee\/et\/product\/engelsrufer-set-ern-withlove-04-birerb-withlove-04-bir\/","title":{"rendered":"Engelsrufer Komplekt"},"content":{"rendered":"<p>Engelsrufer roosakas kullatud h\u00f5bedast komplekt ERN-WITHLOVE-04-BIR+ERB-WITHLOVE-04-BIR<\/p>\n<p>Armastus on ainus asi, mis loeb. Inimene on rikas, kui teda \u00fcmbritseb armastus. Armastus toob inimesed kokku ja loob n\u00e4htamatu, kuid purunematu sideme.<br \/>\nKahe v\u00e4rvi kombinatsioon roosa ja h\u00f5bedase v\u00e4rviga t\u00e4histab lootust, puhtust ja naiselikkust.<\/p>","protected":false},"excerpt":{"rendered":"<p>Engelsrufer Rose Gold Plated Silver Set ERN-WITHLOVE-04-BIR+ERB-WITHLOVE-04-BIR Love is the only thing that matters. One is rich when surrounded with love. Love brings people together and creates an invisible, yet unbreakable bond. The combination of two colors with ros\u00e9 and silver, stand for hope, purity&#8230;<\/p>","protected":false},"featured_media":78683,"comment_status":"open","ping_status":"closed","template":"","meta":{"jetpack_post_was_ever_published":false},"product_brand":[],"product_cat":[210,218,838,941],"product_tag":[],"giftcard-category":[],"class_list":{"0":"post-29400","1":"product","2":"type-product","3":"status-publish","4":"has-post-thumbnail","6":"product_cat-engelsrufer","7":"product_cat-engelsrufer-sets","8":"product_cat-gift-ideas-for-graduates","9":"product_cat-valentines-day","10":"pa_material-silver","11":"pa_metal-color-rose-gold","12":"pa_product-brand-engelsrufer","13":"pa_stone-color-without-stones","14":"pa_type-category-sets","16":"first","17":"outofstock","18":"featured","19":"taxable","20":"shipping-taxable","21":"purchasable","22":"product-type-simple"},"bundled_by":[],"bundle_stock_status":"outofstock","bundle_stock_quantity":0,"bundle_virtual":false,"bundle_layout":"","bundle_add_to_cart_form_location":"","bundle_editable_in_cart":false,"bundle_sold_individually_context":"","bundle_item_grouping":"","bundle_min_size":"","bundle_max_size":"","bundle_price":[],"bundled_items":[],"bundle_sell_ids":[],"etheme_brands":{"errors":{"invalid_taxonomy":["Lubamatu taksonoomia."]},"error_data":[]},"_links":{"self":[{"href":"https:\/\/glamuur.ee\/et\/wp-json\/wp\/v2\/product\/29400","targetHints":{"allow":["GET"]}}],"collection":[{"href":"https:\/\/glamuur.ee\/et\/wp-json\/wp\/v2\/product"}],"about":[{"href":"https:\/\/glamuur.ee\/et\/wp-json\/wp\/v2\/types\/product"}],"replies":[{"embeddable":true,"href":"https:\/\/glamuur.ee\/et\/wp-json\/wp\/v2\/comments?post=29400"}],"wp:featuredmedia":[{"embeddable":true,"href":"https:\/\/glamuur.ee\/et\/wp-json\/wp\/v2\/media\/78683"}],"wp:attachment":[{"href":"https:\/\/glamuur.ee\/et\/wp-json\/wp\/v2\/media?parent=29400"}],"wp:term":[{"taxonomy":"product_brand","embeddable":true,"href":"https:\/\/glamuur.ee\/et\/wp-json\/wp\/v2\/product_brand?post=29400"},{"taxonomy":"product_cat","embeddable":true,"href":"https:\/\/glamuur.ee\/et\/wp-json\/wp\/v2\/product_cat?post=29400"},{"taxonomy":"product_tag","embeddable":true,"href":"https:\/\/glamuur.ee\/et\/wp-json\/wp\/v2\/product_tag?post=29400"},{"taxonomy":"giftcard-category","embeddable":true,"href":"https:\/\/glamuur.ee\/et\/wp-json\/wp\/v2\/giftcard-category?post=29400"}],"curies":[{"name":"wp","href":"https:\/\/api.w.org\/{rel}","templated":true}]}}