{"id":293779,"date":"2025-09-11T17:43:41","date_gmt":"2025-09-11T14:43:41","guid":{"rendered":"https:\/\/glamuur.ee\/?post_type=product&#038;p=293779"},"modified":"2026-02-11T13:35:04","modified_gmt":"2026-02-11T11:35:04","slug":"ti-sento-ring-1953by","status":"publish","type":"product","link":"https:\/\/glamuur.ee\/et\/product\/ti-sento-ring-1953by\/","title":{"rendered":"TI SENTO Ring 1953BY"},"content":{"rendered":"<p>T\u00f5sta toonilist kontrasti h\u00f5bedase trikoloorse TI SENTO s\u00f5rmuse 1953BY abil. Kaks skulptuurset rihma p\u00f5imuvad \u00fcksteise vahele poleeritud 925 h\u00f5bedast: \u00fcks on kaetud s\u00e4rava kollase kullaga, teine on viimistletud musta tsirkooniga. Ristuva siluetiga s\u00f5rmus annab s\u00fcgavust ja liikumist ilma mahukuseta, muutes selle vaevata p\u00e4evast \u00f5htusse kandvaks tunnuseks. Kandke seda \u00fcksi, et saavutada kindel s\u00e4ra, v\u00f5i \u00fchendage see \u00f5hukeste rihmadega, et v\u00f5imendada toonide ja tekstuuride m\u00e4ngu. See on niklivaba ja h\u00fcpoallergeenne, mis tagab mugavuse iga kandmisega.<\/p>","protected":false},"excerpt":{"rendered":"<p>TI SENTO s\u00f5rmus 1953BY Laius: 4 mm - Riba laius alla: 2 mm<\/p>","protected":false},"featured_media":292702,"comment_status":"open","ping_status":"closed","template":"","meta":{"jetpack_post_was_ever_published":false},"product_brand":[1063],"product_cat":[730,1062,145],"product_tag":[],"giftcard-category":[],"class_list":{"0":"post-293779","1":"product","2":"type-product","3":"status-publish","4":"has-post-thumbnail","6":"product_brand-ti-sento-milano","7":"product_cat-rings","8":"product_cat-ti-sento-milano-aw25","9":"product_cat-ti-sento-milano-rings","10":"pa_material-silver","11":"pa_metal-color-yellow-gold","12":"pa_product-brand-ti-sento-milano","13":"pa_size-48-1550","14":"pa_size-50-1600","15":"pa_size-52-1650","16":"pa_size-54-1725","17":"pa_size-56-1775","18":"pa_size-58-1850","19":"pa_size-60-1900","20":"pa_size-62-1950","21":"pa_stone-color-black","22":"pa_type-category-rings","24":"first","25":"instock","26":"taxable","27":"shipping-taxable","28":"purchasable","29":"product-type-variable"},"bundled_by":[],"bundle_stock_status":"instock","bundle_stock_quantity":null,"bundle_virtual":false,"bundle_layout":"","bundle_add_to_cart_form_location":"","bundle_editable_in_cart":false,"bundle_sold_individually_context":"","bundle_item_grouping":"","bundle_min_size":"","bundle_max_size":"","bundle_price":[],"bundled_items":[],"bundle_sell_ids":[],"etheme_brands":{"errors":{"invalid_taxonomy":["Lubamatu taksonoomia."]},"error_data":[]},"_links":{"self":[{"href":"https:\/\/glamuur.ee\/et\/wp-json\/wp\/v2\/product\/293779","targetHints":{"allow":["GET"]}}],"collection":[{"href":"https:\/\/glamuur.ee\/et\/wp-json\/wp\/v2\/product"}],"about":[{"href":"https:\/\/glamuur.ee\/et\/wp-json\/wp\/v2\/types\/product"}],"replies":[{"embeddable":true,"href":"https:\/\/glamuur.ee\/et\/wp-json\/wp\/v2\/comments?post=293779"}],"wp:featuredmedia":[{"embeddable":true,"href":"https:\/\/glamuur.ee\/et\/wp-json\/wp\/v2\/media\/292702"}],"wp:attachment":[{"href":"https:\/\/glamuur.ee\/et\/wp-json\/wp\/v2\/media?parent=293779"}],"wp:term":[{"taxonomy":"product_brand","embeddable":true,"href":"https:\/\/glamuur.ee\/et\/wp-json\/wp\/v2\/product_brand?post=293779"},{"taxonomy":"product_cat","embeddable":true,"href":"https:\/\/glamuur.ee\/et\/wp-json\/wp\/v2\/product_cat?post=293779"},{"taxonomy":"product_tag","embeddable":true,"href":"https:\/\/glamuur.ee\/et\/wp-json\/wp\/v2\/product_tag?post=293779"},{"taxonomy":"giftcard-category","embeddable":true,"href":"https:\/\/glamuur.ee\/et\/wp-json\/wp\/v2\/giftcard-category?post=293779"}],"curies":[{"name":"wp","href":"https:\/\/api.w.org\/{rel}","templated":true}]}}