{"id":293777,"date":"2025-09-11T17:43:01","date_gmt":"2025-09-11T14:43:01","guid":{"rendered":"https:\/\/glamuur.ee\/?post_type=product&#038;p=293777"},"modified":"2026-01-23T12:55:42","modified_gmt":"2026-01-23T10:55:42","slug":"ti-sento-ring-12399db","status":"publish","type":"product","link":"https:\/\/glamuur.ee\/et\/product\/ti-sento-ring-12399db\/","title":{"rendered":"TI SENTO Ring 12399DB"},"content":{"rendered":"<p>Lisage julgelt v\u00e4rviline twist selle TI SENTO kullatud h\u00f5bedast s\u00f5rmusega 12399DB.<br \/>\nSee silmatorkav disain on valmistatud 925 sterlingh\u00f5bedast ja selles on padjakujuline l\u00e4bipaistev tumesinine kivi, mis on asetatud keeratud kollakuldsesse prongide kinnitusse, mis annab skulptuurse, vintage-inspireeritud serva. Plaatinaga kaetud rihm on paveeritud briljantse lihviga valge kuubilise tsirkooniumiga, mis loob rafineeritud kontrasti tooni ja tekstuuri vahel. Selle rikkalik toon ja k\u00f5rgendatud detailid teevad sellest silmapaistva eseme, mida saab kanda nii \u00fcksi kui ka mitmekihiliselt. See on niklivaba ja h\u00fcpoallergeenne ning pakub kogu p\u00e4eva mugavust ja ajatu elegantsi.<\/p>","protected":false},"excerpt":{"rendered":"<p>TI SENTO s\u00f5rmus 12399DB Laius: 2 mm - Kivi l\u00e4bim\u00f5\u00f5t: 11,5 mm - Riba laius alla: 2 mm<\/p>","protected":false},"featured_media":293099,"comment_status":"open","ping_status":"closed","template":"","meta":{"jetpack_post_was_ever_published":false},"product_brand":[1063],"product_cat":[730,1062,145],"product_tag":[],"giftcard-category":[],"class_list":{"0":"post-293777","1":"product","2":"type-product","3":"status-publish","4":"has-post-thumbnail","6":"product_brand-ti-sento-milano","7":"product_cat-rings","8":"product_cat-ti-sento-milano-aw25","9":"product_cat-ti-sento-milano-rings","10":"pa_material-silver","11":"pa_metal-color-yellow-gold","12":"pa_product-brand-ti-sento-milano","13":"pa_size-48-1550","14":"pa_size-50-1600","15":"pa_size-52-1650","16":"pa_size-54-1725","17":"pa_size-56-1775","18":"pa_size-58-1850","19":"pa_size-60-1900","20":"pa_size-62-1950","21":"pa_stone-color-blue","22":"pa_type-category-rings","24":"first","25":"instock","26":"taxable","27":"shipping-taxable","28":"purchasable","29":"product-type-variable"},"bundled_by":[],"bundle_stock_status":"instock","bundle_stock_quantity":null,"bundle_virtual":false,"bundle_layout":"","bundle_add_to_cart_form_location":"","bundle_editable_in_cart":false,"bundle_sold_individually_context":"","bundle_item_grouping":"","bundle_min_size":"","bundle_max_size":"","bundle_price":[],"bundled_items":[],"bundle_sell_ids":[],"etheme_brands":{"errors":{"invalid_taxonomy":["Lubamatu taksonoomia."]},"error_data":[]},"_links":{"self":[{"href":"https:\/\/glamuur.ee\/et\/wp-json\/wp\/v2\/product\/293777","targetHints":{"allow":["GET"]}}],"collection":[{"href":"https:\/\/glamuur.ee\/et\/wp-json\/wp\/v2\/product"}],"about":[{"href":"https:\/\/glamuur.ee\/et\/wp-json\/wp\/v2\/types\/product"}],"replies":[{"embeddable":true,"href":"https:\/\/glamuur.ee\/et\/wp-json\/wp\/v2\/comments?post=293777"}],"wp:featuredmedia":[{"embeddable":true,"href":"https:\/\/glamuur.ee\/et\/wp-json\/wp\/v2\/media\/293099"}],"wp:attachment":[{"href":"https:\/\/glamuur.ee\/et\/wp-json\/wp\/v2\/media?parent=293777"}],"wp:term":[{"taxonomy":"product_brand","embeddable":true,"href":"https:\/\/glamuur.ee\/et\/wp-json\/wp\/v2\/product_brand?post=293777"},{"taxonomy":"product_cat","embeddable":true,"href":"https:\/\/glamuur.ee\/et\/wp-json\/wp\/v2\/product_cat?post=293777"},{"taxonomy":"product_tag","embeddable":true,"href":"https:\/\/glamuur.ee\/et\/wp-json\/wp\/v2\/product_tag?post=293777"},{"taxonomy":"giftcard-category","embeddable":true,"href":"https:\/\/glamuur.ee\/et\/wp-json\/wp\/v2\/giftcard-category?post=293777"}],"curies":[{"name":"wp","href":"https:\/\/api.w.org\/{rel}","templated":true}]}}