{"id":293776,"date":"2025-09-11T17:42:41","date_gmt":"2025-09-11T14:42:41","guid":{"rendered":"https:\/\/glamuur.ee\/?post_type=product&#038;p=293776"},"modified":"2026-02-12T16:10:03","modified_gmt":"2026-02-12T14:10:03","slug":"ti-sento-ring-12398sq","status":"publish","type":"product","link":"https:\/\/glamuur.ee\/et\/product\/ti-sento-ring-12398sq\/","title":{"rendered":"TI SENTO Ring 12398SQ"},"content":{"rendered":"<p>See TI SENTO kullatud h\u00f5bedast s\u00f5rmus 12398SQ on soe ja elegantne.<br \/>\nSee disain on valmistatud 925 h\u00f5bedast ja sisaldab pehmet padjakujulist l\u00e4bipaistvat suitsupruunist kivi, mis on peensusteni lihvitud, et peegeldada valgust \u00f5rnalt ja s\u00fcgavuti. Kivi on \u00fcmbritsetud sileda kollakuldse raamiga, samas kui plaatinaga kaetud rihm on \u00f5lgadel vooderdatud briljantse lihviga valge tsirkooniumiga. Toonide ja tekstuuri harmooniline kontrast muudab selle mitmek\u00fclgselt kasutatavaks - nii \u00fcksi kui ka koos t\u00e4iendavate s\u00f5rmustega. See on niklivaba ja h\u00fcpoallergeenne ning pakub kauakestvat mugavust ja elegantset viimistlust.<\/p>","protected":false},"excerpt":{"rendered":"<p>TI SENTO s\u00f5rmus 12398SQ Laius: 2 mm - Kivi l\u00e4bim\u00f5\u00f5t: 12 mm - Riba laius alla: 2 mm<\/p>","protected":false},"featured_media":293095,"comment_status":"open","ping_status":"closed","template":"","meta":{"jetpack_post_was_ever_published":false},"product_brand":[1063],"product_cat":[730,1062,145],"product_tag":[],"giftcard-category":[],"class_list":{"0":"post-293776","1":"product","2":"type-product","3":"status-publish","4":"has-post-thumbnail","6":"product_brand-ti-sento-milano","7":"product_cat-rings","8":"product_cat-ti-sento-milano-aw25","9":"product_cat-ti-sento-milano-rings","10":"pa_material-silver","11":"pa_metal-color-yellow-gold","12":"pa_product-brand-ti-sento-milano","13":"pa_size-48-1550","14":"pa_size-50-1600","15":"pa_size-52-1650","16":"pa_size-54-1725","17":"pa_size-56-1775","18":"pa_size-58-1850","19":"pa_size-60-1900","20":"pa_size-62-1950","21":"pa_stone-color-brown","22":"pa_type-category-rings","24":"first","25":"instock","26":"taxable","27":"shipping-taxable","28":"purchasable","29":"product-type-variable"},"bundled_by":[],"bundle_stock_status":"instock","bundle_stock_quantity":null,"bundle_virtual":false,"bundle_layout":"","bundle_add_to_cart_form_location":"","bundle_editable_in_cart":false,"bundle_sold_individually_context":"","bundle_item_grouping":"","bundle_min_size":"","bundle_max_size":"","bundle_price":[],"bundled_items":[],"bundle_sell_ids":[],"etheme_brands":{"errors":{"invalid_taxonomy":["Lubamatu taksonoomia."]},"error_data":[]},"_links":{"self":[{"href":"https:\/\/glamuur.ee\/et\/wp-json\/wp\/v2\/product\/293776","targetHints":{"allow":["GET"]}}],"collection":[{"href":"https:\/\/glamuur.ee\/et\/wp-json\/wp\/v2\/product"}],"about":[{"href":"https:\/\/glamuur.ee\/et\/wp-json\/wp\/v2\/types\/product"}],"replies":[{"embeddable":true,"href":"https:\/\/glamuur.ee\/et\/wp-json\/wp\/v2\/comments?post=293776"}],"wp:featuredmedia":[{"embeddable":true,"href":"https:\/\/glamuur.ee\/et\/wp-json\/wp\/v2\/media\/293095"}],"wp:attachment":[{"href":"https:\/\/glamuur.ee\/et\/wp-json\/wp\/v2\/media?parent=293776"}],"wp:term":[{"taxonomy":"product_brand","embeddable":true,"href":"https:\/\/glamuur.ee\/et\/wp-json\/wp\/v2\/product_brand?post=293776"},{"taxonomy":"product_cat","embeddable":true,"href":"https:\/\/glamuur.ee\/et\/wp-json\/wp\/v2\/product_cat?post=293776"},{"taxonomy":"product_tag","embeddable":true,"href":"https:\/\/glamuur.ee\/et\/wp-json\/wp\/v2\/product_tag?post=293776"},{"taxonomy":"giftcard-category","embeddable":true,"href":"https:\/\/glamuur.ee\/et\/wp-json\/wp\/v2\/giftcard-category?post=293776"}],"curies":[{"name":"wp","href":"https:\/\/api.w.org\/{rel}","templated":true}]}}