{"id":293775,"date":"2025-09-11T17:42:20","date_gmt":"2025-09-11T14:42:20","guid":{"rendered":"https:\/\/glamuur.ee\/?post_type=product&#038;p=293775"},"modified":"2026-04-14T16:38:06","modified_gmt":"2026-04-14T13:38:06","slug":"ti-sento-ring-12398mw","status":"publish","type":"product","link":"https:\/\/glamuur.ee\/et\/product\/ti-sento-ring-12398mw\/","title":{"rendered":"TI SENTO Ring 12398MW"},"content":{"rendered":"<p>Lisage pehme s\u00e4ra selle TI SENTO kullatud h\u00f5bedast s\u00f5rmusega 12398MW.<br \/>\nSee 925 h\u00f5bedast valmistatud elegantne disain sisaldab padjakujulist p\u00e4rlmutterkivi, mis on asetatud sileda kollase kullaga kaetud \u00fcmbrisesse, mis suurendab selle loomulikku iirisatsiooni. Plaatinaga kaetud rihm on paveeritud \u00f5lgadel briljantse lihviga valgeid kuubikujulisi tsirkoone, mis loovad rafineeritud kontrasti s\u00e4ra ja s\u00e4deluse vahel. See s\u00f5rmus on \u00f5rn, kuid omap\u00e4rane, mist\u00f5ttu on see s\u00f5rmus h\u00f5lpsasti sobilik igap\u00e4evaseks kandmiseks ja \u00f5htuseks elegantsuseks. See on niklivaba ja h\u00fcpoallergeenne ning tagab luksusliku mugavuse iga kandmise korral.<\/p>","protected":false},"excerpt":{"rendered":"<p>TI SENTO s\u00f5rmus 12398MW Laius: 2 mm - Kivi l\u00e4bim\u00f5\u00f5t: 12 mm - Riba laius alla: 2 mm<\/p>","protected":false},"featured_media":293091,"comment_status":"open","ping_status":"closed","template":"","meta":{"jetpack_post_was_ever_published":false},"product_brand":[1063],"product_cat":[730,1062,145],"product_tag":[],"giftcard-category":[],"class_list":{"0":"post-293775","1":"product","2":"type-product","3":"status-publish","4":"has-post-thumbnail","6":"product_brand-ti-sento-milano","7":"product_cat-rings","8":"product_cat-ti-sento-milano-aw25","9":"product_cat-ti-sento-milano-rings","10":"pa_material-silver","11":"pa_metal-color-yellow-gold","12":"pa_product-brand-ti-sento-milano","13":"pa_size-48-1550","14":"pa_size-50-1600","15":"pa_size-52-1650","16":"pa_size-54-1725","17":"pa_size-56-1775","18":"pa_size-58-1850","19":"pa_size-60-1900","20":"pa_size-62-1950","21":"pa_stone-color-pearl","22":"pa_type-category-rings","24":"first","25":"instock","26":"taxable","27":"shipping-taxable","28":"purchasable","29":"product-type-variable"},"bundled_by":[],"bundle_stock_status":"instock","bundle_stock_quantity":null,"bundle_virtual":false,"bundle_layout":"","bundle_add_to_cart_form_location":"","bundle_editable_in_cart":false,"bundle_sold_individually_context":"","bundle_item_grouping":"","bundle_min_size":"","bundle_max_size":"","bundle_price":[],"bundled_items":[],"bundle_sell_ids":[],"etheme_brands":{"errors":{"invalid_taxonomy":["Lubamatu taksonoomia."]},"error_data":[]},"_links":{"self":[{"href":"https:\/\/glamuur.ee\/et\/wp-json\/wp\/v2\/product\/293775","targetHints":{"allow":["GET"]}}],"collection":[{"href":"https:\/\/glamuur.ee\/et\/wp-json\/wp\/v2\/product"}],"about":[{"href":"https:\/\/glamuur.ee\/et\/wp-json\/wp\/v2\/types\/product"}],"replies":[{"embeddable":true,"href":"https:\/\/glamuur.ee\/et\/wp-json\/wp\/v2\/comments?post=293775"}],"wp:featuredmedia":[{"embeddable":true,"href":"https:\/\/glamuur.ee\/et\/wp-json\/wp\/v2\/media\/293091"}],"wp:attachment":[{"href":"https:\/\/glamuur.ee\/et\/wp-json\/wp\/v2\/media?parent=293775"}],"wp:term":[{"taxonomy":"product_brand","embeddable":true,"href":"https:\/\/glamuur.ee\/et\/wp-json\/wp\/v2\/product_brand?post=293775"},{"taxonomy":"product_cat","embeddable":true,"href":"https:\/\/glamuur.ee\/et\/wp-json\/wp\/v2\/product_cat?post=293775"},{"taxonomy":"product_tag","embeddable":true,"href":"https:\/\/glamuur.ee\/et\/wp-json\/wp\/v2\/product_tag?post=293775"},{"taxonomy":"giftcard-category","embeddable":true,"href":"https:\/\/glamuur.ee\/et\/wp-json\/wp\/v2\/giftcard-category?post=293775"}],"curies":[{"name":"wp","href":"https:\/\/api.w.org\/{rel}","templated":true}]}}