{"id":293773,"date":"2025-09-11T17:41:39","date_gmt":"2025-09-11T14:41:39","guid":{"rendered":"https:\/\/glamuur.ee\/?post_type=product&#038;p=293773"},"modified":"2026-04-14T16:38:06","modified_gmt":"2026-04-14T13:38:06","slug":"ti-sento-ring-12397zi","status":"publish","type":"product","link":"https:\/\/glamuur.ee\/et\/product\/ti-sento-ring-12397zi\/","title":{"rendered":"TI SENTO ring 12397ZI"},"content":{"rendered":"<p>T\u00f5sta iga \u017eesti esile selle TI SENTO plaatinaga kaetud h\u00f5bedast s\u00f5rmusega 12397ZI.<br \/>\nSee rafineeritud disain on valmistatud esmaklassilisest 925 h\u00f5bedast ja viimistletud helendava plaatina pinnatusega ning selles on kihiline trio s\u00e4ra: keskne rida prongidega asetatud valgeid kuubilisi tsirkoone, mida \u00e4\u00e4ristavad pav\u00e9 detailid ja elegantsed raamitud aktsendid. Puhas koostis annab sellele bestsellerist inspireeritud stiilile \u00f5rna ja kaasaegse tunnetuse. Kandke seda vaikse luksuse lisamiseks igap\u00e4evastele hetkedele v\u00f5i lihvitud \u00f5htuseks aktsendiks. Niklivaba ja h\u00fcpoallergeenne, disainitud kestvaks mugavuseks.<\/p>","protected":false},"excerpt":{"rendered":"<p>TI SENTO s\u00f5rmus 12397ZI Laius: 8 mm - Riba laius alla: 2 mm<\/p>","protected":false},"featured_media":293083,"comment_status":"open","ping_status":"closed","template":"","meta":{"jetpack_post_was_ever_published":false},"product_brand":[1063],"product_cat":[730,1062,145],"product_tag":[],"giftcard-category":[],"class_list":{"0":"post-293773","1":"product","2":"type-product","3":"status-publish","4":"has-post-thumbnail","6":"product_brand-ti-sento-milano","7":"product_cat-rings","8":"product_cat-ti-sento-milano-aw25","9":"product_cat-ti-sento-milano-rings","10":"pa_material-silver","11":"pa_metal-color-silver","12":"pa_product-brand-ti-sento-milano","13":"pa_size-48-1550","14":"pa_size-50-1600","15":"pa_size-52-1650","16":"pa_size-54-1725","17":"pa_size-56-1775","18":"pa_size-58-1850","19":"pa_size-60-1900","20":"pa_size-62-1950","21":"pa_stone-color-white","22":"pa_type-category-rings","24":"first","25":"instock","26":"taxable","27":"shipping-taxable","28":"purchasable","29":"product-type-variable"},"bundled_by":[],"bundle_stock_status":"instock","bundle_stock_quantity":null,"bundle_virtual":false,"bundle_layout":"","bundle_add_to_cart_form_location":"","bundle_editable_in_cart":false,"bundle_sold_individually_context":"","bundle_item_grouping":"","bundle_min_size":"","bundle_max_size":"","bundle_price":[],"bundled_items":[],"bundle_sell_ids":[],"etheme_brands":{"errors":{"invalid_taxonomy":["Lubamatu taksonoomia."]},"error_data":[]},"_links":{"self":[{"href":"https:\/\/glamuur.ee\/et\/wp-json\/wp\/v2\/product\/293773","targetHints":{"allow":["GET"]}}],"collection":[{"href":"https:\/\/glamuur.ee\/et\/wp-json\/wp\/v2\/product"}],"about":[{"href":"https:\/\/glamuur.ee\/et\/wp-json\/wp\/v2\/types\/product"}],"replies":[{"embeddable":true,"href":"https:\/\/glamuur.ee\/et\/wp-json\/wp\/v2\/comments?post=293773"}],"wp:featuredmedia":[{"embeddable":true,"href":"https:\/\/glamuur.ee\/et\/wp-json\/wp\/v2\/media\/293083"}],"wp:attachment":[{"href":"https:\/\/glamuur.ee\/et\/wp-json\/wp\/v2\/media?parent=293773"}],"wp:term":[{"taxonomy":"product_brand","embeddable":true,"href":"https:\/\/glamuur.ee\/et\/wp-json\/wp\/v2\/product_brand?post=293773"},{"taxonomy":"product_cat","embeddable":true,"href":"https:\/\/glamuur.ee\/et\/wp-json\/wp\/v2\/product_cat?post=293773"},{"taxonomy":"product_tag","embeddable":true,"href":"https:\/\/glamuur.ee\/et\/wp-json\/wp\/v2\/product_tag?post=293773"},{"taxonomy":"giftcard-category","embeddable":true,"href":"https:\/\/glamuur.ee\/et\/wp-json\/wp\/v2\/giftcard-category?post=293773"}],"curies":[{"name":"wp","href":"https:\/\/api.w.org\/{rel}","templated":true}]}}