{"id":293771,"date":"2025-09-11T17:40:59","date_gmt":"2025-09-11T14:40:59","guid":{"rendered":"https:\/\/glamuur.ee\/?post_type=product&#038;p=293771"},"modified":"2026-03-09T17:07:47","modified_gmt":"2026-03-09T15:07:47","slug":"ti-sento-ring-12396zi","status":"publish","type":"product","link":"https:\/\/glamuur.ee\/et\/product\/ti-sento-ring-12396zi\/","title":{"rendered":"TI SENTO Ring 12396ZI"},"content":{"rendered":"<p>Hellitage skulptuurset s\u00e4ra selle TI SENTO plaatinaga kaetud h\u00f5bedast s\u00f5rmusega 12396ZI.<br \/>\nSee 925 sterlingh\u00f5bedast valmistatud helendava plaatina viimistlusega laia rihmaga disain sisaldab viit s\u00e4ravat rida k\u00e4sitsi paigaldatud kuubikulist tsirkooniat, mis on pav\u00e9-, raam- ja k\u00fc\u00fcnepaigaldistes. Iga rida pakub oma tekstuuri ja s\u00e4ra, luues r\u00fctmilise valguse harmoonia \u00fcle s\u00f5rme. See on julge, kuid samas rafineeritud, mis t\u00f5stab iga ansamblit enesekindlalt esile - ideaalne nii \u00fcksi kandmiseks kui ka koos elegantsete h\u00f5bedaste aktsentidega. See niklivaba ja h\u00fcpoallergeenne s\u00f5rmus tagab p\u00e4evast p\u00e4eva mugavuse ja kestva elegantsi.<\/p>","protected":false},"excerpt":{"rendered":"<p>TI SENTO Ring 12396ZI Laius: 14 mm - Riba laius alla: 3 mm<\/p>","protected":false},"featured_media":293075,"comment_status":"open","ping_status":"closed","template":"","meta":{"jetpack_post_was_ever_published":false},"product_brand":[1063],"product_cat":[730,1062,145],"product_tag":[],"giftcard-category":[],"class_list":{"0":"post-293771","1":"product","2":"type-product","3":"status-publish","4":"has-post-thumbnail","6":"product_brand-ti-sento-milano","7":"product_cat-rings","8":"product_cat-ti-sento-milano-aw25","9":"product_cat-ti-sento-milano-rings","10":"pa_material-silver","11":"pa_metal-color-silver","12":"pa_product-brand-ti-sento-milano","13":"pa_size-48-1550","14":"pa_size-50-1600","15":"pa_size-52-1650","16":"pa_size-54-1725","17":"pa_size-56-1775","18":"pa_size-58-1850","19":"pa_size-60-1900","20":"pa_size-62-1950","21":"pa_stone-color-white","22":"pa_type-category-rings","24":"first","25":"instock","26":"taxable","27":"shipping-taxable","28":"purchasable","29":"product-type-variable"},"bundled_by":[],"bundle_stock_status":"instock","bundle_stock_quantity":1,"bundle_virtual":false,"bundle_layout":"","bundle_add_to_cart_form_location":"","bundle_editable_in_cart":false,"bundle_sold_individually_context":"","bundle_item_grouping":"","bundle_min_size":"","bundle_max_size":"","bundle_price":[],"bundled_items":[],"bundle_sell_ids":[],"etheme_brands":{"errors":{"invalid_taxonomy":["Lubamatu taksonoomia."]},"error_data":[]},"_links":{"self":[{"href":"https:\/\/glamuur.ee\/et\/wp-json\/wp\/v2\/product\/293771","targetHints":{"allow":["GET"]}}],"collection":[{"href":"https:\/\/glamuur.ee\/et\/wp-json\/wp\/v2\/product"}],"about":[{"href":"https:\/\/glamuur.ee\/et\/wp-json\/wp\/v2\/types\/product"}],"replies":[{"embeddable":true,"href":"https:\/\/glamuur.ee\/et\/wp-json\/wp\/v2\/comments?post=293771"}],"wp:featuredmedia":[{"embeddable":true,"href":"https:\/\/glamuur.ee\/et\/wp-json\/wp\/v2\/media\/293075"}],"wp:attachment":[{"href":"https:\/\/glamuur.ee\/et\/wp-json\/wp\/v2\/media?parent=293771"}],"wp:term":[{"taxonomy":"product_brand","embeddable":true,"href":"https:\/\/glamuur.ee\/et\/wp-json\/wp\/v2\/product_brand?post=293771"},{"taxonomy":"product_cat","embeddable":true,"href":"https:\/\/glamuur.ee\/et\/wp-json\/wp\/v2\/product_cat?post=293771"},{"taxonomy":"product_tag","embeddable":true,"href":"https:\/\/glamuur.ee\/et\/wp-json\/wp\/v2\/product_tag?post=293771"},{"taxonomy":"giftcard-category","embeddable":true,"href":"https:\/\/glamuur.ee\/et\/wp-json\/wp\/v2\/giftcard-category?post=293771"}],"curies":[{"name":"wp","href":"https:\/\/api.w.org\/{rel}","templated":true}]}}