{"id":293769,"date":"2025-09-11T17:40:09","date_gmt":"2025-09-11T14:40:09","guid":{"rendered":"https:\/\/glamuur.ee\/?post_type=product&#038;p=293769"},"modified":"2026-02-11T16:07:31","modified_gmt":"2026-02-11T14:07:31","slug":"ti-sento-ring-12394zy","status":"publish","type":"product","link":"https:\/\/glamuur.ee\/et\/product\/ti-sento-ring-12394zy\/","title":{"rendered":"TI SENTO Ring 12394ZY"},"content":{"rendered":"<p>Skulptuurne elegantsus selle TI SENTO kullatud h\u00f5bedast s\u00f5rmusega 12394ZY.<br \/>\n925 h\u00f5bedast valmistatud disain p\u00f5imib kaks erinevat riba \u00fcheks voolavaks siluetiks: poleeritud kollase kullaga kaetud kaar keerleb \u00fcmber kahe plaatinaga kaetud paveeritud rea, mis on m\u00f5lemad kaunistatud briljantse l\u00f5ikega valgete kuubiliste tsirkooniatega. S\u00fcgavus ja m\u00f5\u00f5tmed tekitavad ulatusliku p\u00f6\u00f6rde, mis p\u00fc\u00fcab valgust iga nurga alt. Julge, kuid samas rafineeritud, on see t\u00f5eline keskpunkt, mis sobib suurep\u00e4raselt igap\u00e4evase v\u00e4limuse t\u00f5stmiseks v\u00f5i koosk\u00f5lastatud avalduse tegemiseks koos sobiva kaelakeelega. See niklivaba ja h\u00fcpoallergeenne s\u00f5rmus \u00fchendab p\u00fcsiva s\u00e4ra ja erakordse mugavuse tundlikule nahale.<\/p>","protected":false},"excerpt":{"rendered":"<p>TI SENTO Ring 12394ZY Laius: 8 mm - Riba laius alla: 3 mm<\/p>","protected":false},"featured_media":293067,"comment_status":"open","ping_status":"closed","template":"","meta":{"jetpack_post_was_ever_published":false},"product_brand":[1063],"product_cat":[730,1062,145],"product_tag":[],"giftcard-category":[],"class_list":{"0":"post-293769","1":"product","2":"type-product","3":"status-publish","4":"has-post-thumbnail","6":"product_brand-ti-sento-milano","7":"product_cat-rings","8":"product_cat-ti-sento-milano-aw25","9":"product_cat-ti-sento-milano-rings","10":"pa_material-silver","11":"pa_metal-color-yellow-gold","12":"pa_product-brand-ti-sento-milano","13":"pa_size-48-1550","14":"pa_size-50-1600","15":"pa_size-52-1650","16":"pa_size-54-1725","17":"pa_size-56-1775","18":"pa_size-58-1850","19":"pa_size-60-1900","20":"pa_size-62-1950","21":"pa_stone-color-white","22":"pa_type-category-rings","24":"first","25":"instock","26":"taxable","27":"shipping-taxable","28":"purchasable","29":"product-type-variable"},"bundled_by":[],"bundle_stock_status":"instock","bundle_stock_quantity":1,"bundle_virtual":false,"bundle_layout":"","bundle_add_to_cart_form_location":"","bundle_editable_in_cart":false,"bundle_sold_individually_context":"","bundle_item_grouping":"","bundle_min_size":"","bundle_max_size":"","bundle_price":[],"bundled_items":[],"bundle_sell_ids":[],"etheme_brands":{"errors":{"invalid_taxonomy":["Lubamatu taksonoomia."]},"error_data":[]},"_links":{"self":[{"href":"https:\/\/glamuur.ee\/et\/wp-json\/wp\/v2\/product\/293769","targetHints":{"allow":["GET"]}}],"collection":[{"href":"https:\/\/glamuur.ee\/et\/wp-json\/wp\/v2\/product"}],"about":[{"href":"https:\/\/glamuur.ee\/et\/wp-json\/wp\/v2\/types\/product"}],"replies":[{"embeddable":true,"href":"https:\/\/glamuur.ee\/et\/wp-json\/wp\/v2\/comments?post=293769"}],"wp:featuredmedia":[{"embeddable":true,"href":"https:\/\/glamuur.ee\/et\/wp-json\/wp\/v2\/media\/293067"}],"wp:attachment":[{"href":"https:\/\/glamuur.ee\/et\/wp-json\/wp\/v2\/media?parent=293769"}],"wp:term":[{"taxonomy":"product_brand","embeddable":true,"href":"https:\/\/glamuur.ee\/et\/wp-json\/wp\/v2\/product_brand?post=293769"},{"taxonomy":"product_cat","embeddable":true,"href":"https:\/\/glamuur.ee\/et\/wp-json\/wp\/v2\/product_cat?post=293769"},{"taxonomy":"product_tag","embeddable":true,"href":"https:\/\/glamuur.ee\/et\/wp-json\/wp\/v2\/product_tag?post=293769"},{"taxonomy":"giftcard-category","embeddable":true,"href":"https:\/\/glamuur.ee\/et\/wp-json\/wp\/v2\/giftcard-category?post=293769"}],"curies":[{"name":"wp","href":"https:\/\/api.w.org\/{rel}","templated":true}]}}