{"id":293766,"date":"2025-09-11T17:38:47","date_gmt":"2025-09-11T14:38:47","guid":{"rendered":"https:\/\/glamuur.ee\/?post_type=product&#038;p=293766"},"modified":"2026-04-15T17:05:13","modified_gmt":"2026-04-15T14:05:13","slug":"ti-sento-ring-12391zy","status":"publish","type":"product","link":"https:\/\/glamuur.ee\/et\/product\/ti-sento-ring-12391zy\/","title":{"rendered":"TI SENTO ring 12391ZY"},"content":{"rendered":"<p>See TI SENTO kullatud h\u00f5bedast s\u00f5rmus 12391ZY on elegantselt elegantse v\u00e4limusega. 925 sterlingh\u00f5bedast valmistatud s\u00f5rmus on viimistletud jaheda, peeglikiirgusega plaatina, samas kui julge avatud kolmnurkne disain, mis on kaetud s\u00e4rava kollase kullaga, on keskmes. Kaks plaatinaga kaetud korki, mis on varustatud s\u00e4ravate valgete kuubiliste tsirkooniumidega, kinnitavad vormi, lisades t\u00e4pse s\u00e4ra ja rafineeritud kontrasti. T\u00f5sta see r\u00e4tsepat\u00f6\u00f6na r\u00e4tsepat\u00f6\u00f6na v\u00f5i lase sellel r\u00f5hutada \u00f5htust v\u00e4limust skulpturaalse s\u00e4rmega. T\u00e4ielikult niklivaba ja h\u00fcpoallergeenne, see ese \u00fchendab galerii tasemel s\u00e4ra ja nahas\u00f5braliku mugavuse, millele v\u00f5ite loota.<\/p>","protected":false},"excerpt":{"rendered":"<p>TI SENTO s\u00f5rmus 12391ZY Laius: 2 mm - Kivi l\u00e4bim\u00f5\u00f5t: 17 mm - Riba laius alla: 2 mm<\/p>","protected":false},"featured_media":293055,"comment_status":"open","ping_status":"closed","template":"","meta":{"jetpack_post_was_ever_published":false},"product_brand":[1063],"product_cat":[730,1062,145],"product_tag":[],"giftcard-category":[],"class_list":{"0":"post-293766","1":"product","2":"type-product","3":"status-publish","4":"has-post-thumbnail","6":"product_brand-ti-sento-milano","7":"product_cat-rings","8":"product_cat-ti-sento-milano-aw25","9":"product_cat-ti-sento-milano-rings","10":"pa_material-silver","11":"pa_metal-color-yellow-gold","12":"pa_product-brand-ti-sento-milano","13":"pa_size-48-1550","14":"pa_size-50-1600","15":"pa_size-52-1650","16":"pa_size-54-1725","17":"pa_size-56-1775","18":"pa_size-58-1850","19":"pa_size-60-1900","20":"pa_size-62-1950","21":"pa_stone-color-white","22":"pa_type-category-rings","24":"first","25":"instock","26":"taxable","27":"shipping-taxable","28":"purchasable","29":"product-type-variable"},"bundled_by":[],"bundle_stock_status":"instock","bundle_stock_quantity":1,"bundle_virtual":false,"bundle_layout":"","bundle_add_to_cart_form_location":"","bundle_editable_in_cart":false,"bundle_sold_individually_context":"","bundle_item_grouping":"","bundle_min_size":"","bundle_max_size":"","bundle_price":[],"bundled_items":[],"bundle_sell_ids":[],"etheme_brands":{"errors":{"invalid_taxonomy":["Lubamatu taksonoomia."]},"error_data":[]},"_links":{"self":[{"href":"https:\/\/glamuur.ee\/et\/wp-json\/wp\/v2\/product\/293766","targetHints":{"allow":["GET"]}}],"collection":[{"href":"https:\/\/glamuur.ee\/et\/wp-json\/wp\/v2\/product"}],"about":[{"href":"https:\/\/glamuur.ee\/et\/wp-json\/wp\/v2\/types\/product"}],"replies":[{"embeddable":true,"href":"https:\/\/glamuur.ee\/et\/wp-json\/wp\/v2\/comments?post=293766"}],"wp:featuredmedia":[{"embeddable":true,"href":"https:\/\/glamuur.ee\/et\/wp-json\/wp\/v2\/media\/293055"}],"wp:attachment":[{"href":"https:\/\/glamuur.ee\/et\/wp-json\/wp\/v2\/media?parent=293766"}],"wp:term":[{"taxonomy":"product_brand","embeddable":true,"href":"https:\/\/glamuur.ee\/et\/wp-json\/wp\/v2\/product_brand?post=293766"},{"taxonomy":"product_cat","embeddable":true,"href":"https:\/\/glamuur.ee\/et\/wp-json\/wp\/v2\/product_cat?post=293766"},{"taxonomy":"product_tag","embeddable":true,"href":"https:\/\/glamuur.ee\/et\/wp-json\/wp\/v2\/product_tag?post=293766"},{"taxonomy":"giftcard-category","embeddable":true,"href":"https:\/\/glamuur.ee\/et\/wp-json\/wp\/v2\/giftcard-category?post=293766"}],"curies":[{"name":"wp","href":"https:\/\/api.w.org\/{rel}","templated":true}]}}