{"id":293764,"date":"2025-09-11T17:37:53","date_gmt":"2025-09-11T14:37:53","guid":{"rendered":"https:\/\/glamuur.ee\/?post_type=product&#038;p=293764"},"modified":"2025-11-16T13:48:47","modified_gmt":"2025-11-16T11:48:47","slug":"ti-sento-ring-12390zi","status":"publish","type":"product","link":"https:\/\/glamuur.ee\/et\/product\/ti-sento-ring-12390zi\/","title":{"rendered":"TI SENTO Ring 12390ZI"},"content":{"rendered":"<p>See TI SENTO plaatinaga kaetud h\u00f5bedast s\u00f5rmus 12390ZI on ajatu s\u00e4ra.<br \/>\n925 sterlingh\u00f5bedast valmistatud s\u00f5rmus sisaldab keskmisena raamistikku, mille keskmes on valge kuubiline tsirkoonium, mis on t\u00f5stetud ja avatud valguse suhtes, et saavutada maksimaalne s\u00e4ra. Rihm on piki \u00f5lgasid briljantkividega paavereeritud, luues rafineeritud s\u00e4deluse, mis suurendab s\u00f5rmuse klassikalist elegantsi. Tasakaalustatud proportsioonid ja sujuv kinnitus muudavad s\u00f5rmuse h\u00f5lpsasti kantavaks - p\u00e4evast \u00f5htuni, hooajast aastaaega. See niklivaba ja h\u00fcpoallergeenne s\u00f5rmus pakub p\u00fcsivat s\u00e4ra ja mugavust kogu p\u00e4eva jooksul.<\/p>","protected":false},"excerpt":{"rendered":"<p>TI SENTO s\u00f5rmus 12390ZI Laius: 2 mm - Kivi l\u00e4bim\u00f5\u00f5t: 7 mm - Riba laius alla: 2 mm<\/p>","protected":false},"featured_media":293047,"comment_status":"open","ping_status":"closed","template":"","meta":{"jetpack_post_was_ever_published":false},"product_brand":[1063],"product_cat":[730,1062,145],"product_tag":[],"giftcard-category":[],"class_list":{"0":"post-293764","1":"product","2":"type-product","3":"status-publish","4":"has-post-thumbnail","6":"product_brand-ti-sento-milano","7":"product_cat-rings","8":"product_cat-ti-sento-milano-aw25","9":"product_cat-ti-sento-milano-rings","10":"pa_material-silver","11":"pa_metal-color-silver","12":"pa_product-brand-ti-sento-milano","13":"pa_size-48-1550","14":"pa_size-50-1600","15":"pa_size-52-1650","16":"pa_size-54-1725","17":"pa_size-56-1775","18":"pa_size-58-1850","19":"pa_size-60-1900","20":"pa_size-62-1950","21":"pa_stone-color-white","22":"pa_type-category-rings","24":"first","25":"instock","26":"taxable","27":"shipping-taxable","28":"purchasable","29":"product-type-variable"},"bundled_by":[],"bundle_stock_status":"instock","bundle_stock_quantity":1,"bundle_virtual":false,"bundle_layout":"","bundle_add_to_cart_form_location":"","bundle_editable_in_cart":false,"bundle_sold_individually_context":"","bundle_item_grouping":"","bundle_min_size":"","bundle_max_size":"","bundle_price":[],"bundled_items":[],"bundle_sell_ids":[],"etheme_brands":{"errors":{"invalid_taxonomy":["Lubamatu taksonoomia."]},"error_data":[]},"_links":{"self":[{"href":"https:\/\/glamuur.ee\/et\/wp-json\/wp\/v2\/product\/293764","targetHints":{"allow":["GET"]}}],"collection":[{"href":"https:\/\/glamuur.ee\/et\/wp-json\/wp\/v2\/product"}],"about":[{"href":"https:\/\/glamuur.ee\/et\/wp-json\/wp\/v2\/types\/product"}],"replies":[{"embeddable":true,"href":"https:\/\/glamuur.ee\/et\/wp-json\/wp\/v2\/comments?post=293764"}],"wp:featuredmedia":[{"embeddable":true,"href":"https:\/\/glamuur.ee\/et\/wp-json\/wp\/v2\/media\/293047"}],"wp:attachment":[{"href":"https:\/\/glamuur.ee\/et\/wp-json\/wp\/v2\/media?parent=293764"}],"wp:term":[{"taxonomy":"product_brand","embeddable":true,"href":"https:\/\/glamuur.ee\/et\/wp-json\/wp\/v2\/product_brand?post=293764"},{"taxonomy":"product_cat","embeddable":true,"href":"https:\/\/glamuur.ee\/et\/wp-json\/wp\/v2\/product_cat?post=293764"},{"taxonomy":"product_tag","embeddable":true,"href":"https:\/\/glamuur.ee\/et\/wp-json\/wp\/v2\/product_tag?post=293764"},{"taxonomy":"giftcard-category","embeddable":true,"href":"https:\/\/glamuur.ee\/et\/wp-json\/wp\/v2\/giftcard-category?post=293764"}],"curies":[{"name":"wp","href":"https:\/\/api.w.org\/{rel}","templated":true}]}}