{"id":293762,"date":"2025-09-11T17:36:59","date_gmt":"2025-09-11T14:36:59","guid":{"rendered":"https:\/\/glamuur.ee\/?post_type=product&#038;p=293762"},"modified":"2026-01-23T12:55:22","modified_gmt":"2026-01-23T10:55:22","slug":"ti-sento-ring-12388zy","status":"publish","type":"product","link":"https:\/\/glamuur.ee\/et\/product\/ti-sento-ring-12388zy\/","title":{"rendered":"TI SENTO Ring 12388ZY"},"content":{"rendered":"<p>T\u00f5sta igap\u00e4evast elegantsust selle TI SENTO kullatud h\u00f5bedast s\u00f5rmusega 12388ZY.<br \/>\n925 sterlingh\u00f5bedast valmistatud s\u00f5rmus \u00fchendab endas kaks viimistlust: s\u00e4rava kollase kulla pealispinna ja peeglik\u00fcllase plaatina pealispinna, mis loob rafineeritud soojuse ja jaheda l\u00e4ike m\u00e4ngu. S\u00f5rmuse keskel asub 7 mm suurune valge kuubiline tsirkoonium, mida \u00fcmbritseb pav\u00e9-kividest koosnev mikrohalo, mis v\u00f5imendab kalliskivi helendavat s\u00fcgavust. \u00d5huke profiil liibub h\u00f5lpsasti teiste korterite k\u00f5rvale, kuid teeb \u00fcksinda kandes vaikselt enesekindla avalduse. Niklivaba ja h\u00fcpoallergeenne s\u00f5rmus \u00fchendab p\u00fcsiva s\u00e4ra ja mugava, kogu p\u00e4eva kestva kandmise.<\/p>","protected":false},"excerpt":{"rendered":"<p> TI SENTO s\u00f5rmus 12388ZY Laius: 2 mm - Kivi l\u00e4bim\u00f5\u00f5t: 8 mm - Riba laius alla: 2 mm <\/p>","protected":false},"featured_media":293039,"comment_status":"open","ping_status":"closed","template":"","meta":{"jetpack_post_was_ever_published":false},"product_brand":[1063],"product_cat":[730,1062,145],"product_tag":[],"giftcard-category":[],"class_list":{"0":"post-293762","1":"product","2":"type-product","3":"status-publish","4":"has-post-thumbnail","6":"product_brand-ti-sento-milano","7":"product_cat-rings","8":"product_cat-ti-sento-milano-aw25","9":"product_cat-ti-sento-milano-rings","10":"pa_material-silver","11":"pa_metal-color-yellow-gold","12":"pa_product-brand-ti-sento-milano","13":"pa_size-48-1550","14":"pa_size-50-1600","15":"pa_size-52-1650","16":"pa_size-54-1725","17":"pa_size-56-1775","18":"pa_size-58-1850","19":"pa_size-60-1900","20":"pa_size-62-1950","21":"pa_stone-color-white","22":"pa_type-category-rings","24":"first","25":"instock","26":"taxable","27":"shipping-taxable","28":"purchasable","29":"product-type-variable"},"bundled_by":[],"bundle_stock_status":"instock","bundle_stock_quantity":1,"bundle_virtual":false,"bundle_layout":"","bundle_add_to_cart_form_location":"","bundle_editable_in_cart":false,"bundle_sold_individually_context":"","bundle_item_grouping":"","bundle_min_size":"","bundle_max_size":"","bundle_price":[],"bundled_items":[],"bundle_sell_ids":[],"etheme_brands":{"errors":{"invalid_taxonomy":["Lubamatu taksonoomia."]},"error_data":[]},"_links":{"self":[{"href":"https:\/\/glamuur.ee\/et\/wp-json\/wp\/v2\/product\/293762","targetHints":{"allow":["GET"]}}],"collection":[{"href":"https:\/\/glamuur.ee\/et\/wp-json\/wp\/v2\/product"}],"about":[{"href":"https:\/\/glamuur.ee\/et\/wp-json\/wp\/v2\/types\/product"}],"replies":[{"embeddable":true,"href":"https:\/\/glamuur.ee\/et\/wp-json\/wp\/v2\/comments?post=293762"}],"wp:featuredmedia":[{"embeddable":true,"href":"https:\/\/glamuur.ee\/et\/wp-json\/wp\/v2\/media\/293039"}],"wp:attachment":[{"href":"https:\/\/glamuur.ee\/et\/wp-json\/wp\/v2\/media?parent=293762"}],"wp:term":[{"taxonomy":"product_brand","embeddable":true,"href":"https:\/\/glamuur.ee\/et\/wp-json\/wp\/v2\/product_brand?post=293762"},{"taxonomy":"product_cat","embeddable":true,"href":"https:\/\/glamuur.ee\/et\/wp-json\/wp\/v2\/product_cat?post=293762"},{"taxonomy":"product_tag","embeddable":true,"href":"https:\/\/glamuur.ee\/et\/wp-json\/wp\/v2\/product_tag?post=293762"},{"taxonomy":"giftcard-category","embeddable":true,"href":"https:\/\/glamuur.ee\/et\/wp-json\/wp\/v2\/giftcard-category?post=293762"}],"curies":[{"name":"wp","href":"https:\/\/api.w.org\/{rel}","templated":true}]}}