{"id":293760,"date":"2025-09-11T17:35:51","date_gmt":"2025-09-11T14:35:51","guid":{"rendered":"https:\/\/glamuur.ee\/?post_type=product&#038;p=293760"},"modified":"2025-11-27T15:35:13","modified_gmt":"2025-11-27T13:35:13","slug":"ti-sento-ring-12386mw","status":"publish","type":"product","link":"https:\/\/glamuur.ee\/et\/product\/ti-sento-ring-12386mw\/","title":{"rendered":"TI SENTO Ring 12386MW"},"content":{"rendered":"<p>V\u00f5tke omaks s\u00e4ravat rahulikkust selle TI SENTO kullatud h\u00f5bedast s\u00f5rmusega 12386MW. 925 sterlingh\u00f5bedast valmistatud ja peeglikiirgusega plaatina viimistlusega pitseeritud \u00f5huke rihm juhib pilgu ebaregulaarsele, piimjasvalgele kivile, mille lihvitud \"kividega\" pind helendab pehmelt iga liigutusega. Soe kollakuldne \u00e4\u00e4rik \u00fcmbritseb kivi, lisades sellele \u00f5rna kontrasti, samas kui m\u00f6\u00f6da rihma \u00fchte k\u00fclge jookseb tagasihoidliku s\u00e4ra tekitamiseks kooniline rida paveeritud valgeid kuubikujulisi tsirkoone. Kandke seda \u00fcksi, et saavutada kaasaegne minimalism, v\u00f5i pange see kokku sihvakate metalls\u00f5rmustega, et luua oma s\u00e4ra. See on niklivaba ja h\u00fcpoallergeenne ning lubab luksuslikku mugavust.<\/p>","protected":false},"excerpt":{"rendered":"<p> TI SENTO s\u00f5rmus 12386MW Laius: 2 mm - Kivi l\u00e4bim\u00f5\u00f5t: 16 mm - Riba laius alla: 2 mm <\/p>","protected":false},"featured_media":293031,"comment_status":"open","ping_status":"closed","template":"","meta":{"jetpack_post_was_ever_published":false},"product_brand":[1063],"product_cat":[730,1062,145],"product_tag":[],"giftcard-category":[],"class_list":{"0":"post-293760","1":"product","2":"type-product","3":"status-publish","4":"has-post-thumbnail","6":"product_brand-ti-sento-milano","7":"product_cat-rings","8":"product_cat-ti-sento-milano-aw25","9":"product_cat-ti-sento-milano-rings","10":"pa_material-silver","11":"pa_metal-color-yellow-gold","12":"pa_product-brand-ti-sento-milano","13":"pa_size-48-1550","14":"pa_size-50-1600","15":"pa_size-52-1650","16":"pa_size-54-1725","17":"pa_size-56-1775","18":"pa_size-58-1850","19":"pa_size-60-1900","20":"pa_size-62-1950","21":"pa_stone-color-pearl","22":"pa_type-category-rings","24":"first","25":"instock","26":"taxable","27":"shipping-taxable","28":"purchasable","29":"product-type-variable"},"bundled_by":[],"bundle_stock_status":"instock","bundle_stock_quantity":1,"bundle_virtual":false,"bundle_layout":"","bundle_add_to_cart_form_location":"","bundle_editable_in_cart":false,"bundle_sold_individually_context":"","bundle_item_grouping":"","bundle_min_size":"","bundle_max_size":"","bundle_price":[],"bundled_items":[],"bundle_sell_ids":[],"etheme_brands":{"errors":{"invalid_taxonomy":["Lubamatu taksonoomia."]},"error_data":[]},"_links":{"self":[{"href":"https:\/\/glamuur.ee\/et\/wp-json\/wp\/v2\/product\/293760","targetHints":{"allow":["GET"]}}],"collection":[{"href":"https:\/\/glamuur.ee\/et\/wp-json\/wp\/v2\/product"}],"about":[{"href":"https:\/\/glamuur.ee\/et\/wp-json\/wp\/v2\/types\/product"}],"replies":[{"embeddable":true,"href":"https:\/\/glamuur.ee\/et\/wp-json\/wp\/v2\/comments?post=293760"}],"wp:featuredmedia":[{"embeddable":true,"href":"https:\/\/glamuur.ee\/et\/wp-json\/wp\/v2\/media\/293031"}],"wp:attachment":[{"href":"https:\/\/glamuur.ee\/et\/wp-json\/wp\/v2\/media?parent=293760"}],"wp:term":[{"taxonomy":"product_brand","embeddable":true,"href":"https:\/\/glamuur.ee\/et\/wp-json\/wp\/v2\/product_brand?post=293760"},{"taxonomy":"product_cat","embeddable":true,"href":"https:\/\/glamuur.ee\/et\/wp-json\/wp\/v2\/product_cat?post=293760"},{"taxonomy":"product_tag","embeddable":true,"href":"https:\/\/glamuur.ee\/et\/wp-json\/wp\/v2\/product_tag?post=293760"},{"taxonomy":"giftcard-category","embeddable":true,"href":"https:\/\/glamuur.ee\/et\/wp-json\/wp\/v2\/giftcard-category?post=293760"}],"curies":[{"name":"wp","href":"https:\/\/api.w.org\/{rel}","templated":true}]}}