{"id":293759,"date":"2025-09-11T17:35:13","date_gmt":"2025-09-11T14:35:13","guid":{"rendered":"https:\/\/glamuur.ee\/?post_type=product&#038;p=293759"},"modified":"2025-11-16T13:48:35","modified_gmt":"2025-11-16T11:48:35","slug":"ti-sento-ring-12386by","status":"publish","type":"product","link":"https:\/\/glamuur.ee\/et\/product\/ti-sento-ring-12386by\/","title":{"rendered":"TI SENTO Ring 12386BY"},"content":{"rendered":"<p>Avastage kesk\u00f6ine v\u00f5lu selle TI SENTO kullatud h\u00f5bedast s\u00f5rmusega 12386BY. 925 sterlingh\u00f5bedast valmistatud ja peeglikiirgusega plaatina viimistlusega pitseeritud sihvakas rihm juhib pilgu orgaanilise kujuga reaktiivmustale kivile, mille lihvitud \"kivikliblikate\" pind v\u00e4releb peente valgusvihkudega. Siledast kollasest kullast \u00e4\u00e4ristatud \u00e4\u00e4ris raamib kalliskivi, samal ajal kui kooniline rida paveeritud valgeid kuubilisi tsirkoone piki \u00fchte \u00f5lga lisab rafineeritud s\u00e4ra, varastamata t\u00e4helepanu. Kandke seda \u00fcksi, et saavutada julge kontrast v\u00f5i kuhjake seda koos sihvakate metalls\u00f5rmustega, et luua kureeritud s\u00e4ra. See niklivaba ja h\u00fcpoallergeenne toode on nahas\u00f5bralik kogu p\u00e4eva.<\/p>","protected":false},"excerpt":{"rendered":"<p> TI SENTO s\u00f5rmus 12386BY Laius: 2 mm - Kivi l\u00e4bim\u00f5\u00f5t: 16 mm - Riba laius alla: 2 mm <\/p>","protected":false},"featured_media":293027,"comment_status":"open","ping_status":"closed","template":"","meta":{"jetpack_post_was_ever_published":false},"product_brand":[1063],"product_cat":[730,1062,145],"product_tag":[],"giftcard-category":[],"class_list":{"0":"post-293759","1":"product","2":"type-product","3":"status-publish","4":"has-post-thumbnail","6":"product_brand-ti-sento-milano","7":"product_cat-rings","8":"product_cat-ti-sento-milano-aw25","9":"product_cat-ti-sento-milano-rings","10":"pa_material-silver","11":"pa_metal-color-yellow-gold","12":"pa_product-brand-ti-sento-milano","13":"pa_size-48-1550","14":"pa_size-50-1600","15":"pa_size-52-1650","16":"pa_size-54-1725","17":"pa_size-56-1775","18":"pa_size-58-1850","19":"pa_size-60-1900","20":"pa_size-62-1950","21":"pa_stone-color-black","22":"pa_type-category-rings","24":"first","25":"instock","26":"taxable","27":"shipping-taxable","28":"purchasable","29":"product-type-variable"},"bundled_by":[],"bundle_stock_status":"instock","bundle_stock_quantity":1,"bundle_virtual":false,"bundle_layout":"","bundle_add_to_cart_form_location":"","bundle_editable_in_cart":false,"bundle_sold_individually_context":"","bundle_item_grouping":"","bundle_min_size":"","bundle_max_size":"","bundle_price":[],"bundled_items":[],"bundle_sell_ids":[],"etheme_brands":{"errors":{"invalid_taxonomy":["Lubamatu taksonoomia."]},"error_data":[]},"_links":{"self":[{"href":"https:\/\/glamuur.ee\/et\/wp-json\/wp\/v2\/product\/293759","targetHints":{"allow":["GET"]}}],"collection":[{"href":"https:\/\/glamuur.ee\/et\/wp-json\/wp\/v2\/product"}],"about":[{"href":"https:\/\/glamuur.ee\/et\/wp-json\/wp\/v2\/types\/product"}],"replies":[{"embeddable":true,"href":"https:\/\/glamuur.ee\/et\/wp-json\/wp\/v2\/comments?post=293759"}],"wp:featuredmedia":[{"embeddable":true,"href":"https:\/\/glamuur.ee\/et\/wp-json\/wp\/v2\/media\/293027"}],"wp:attachment":[{"href":"https:\/\/glamuur.ee\/et\/wp-json\/wp\/v2\/media?parent=293759"}],"wp:term":[{"taxonomy":"product_brand","embeddable":true,"href":"https:\/\/glamuur.ee\/et\/wp-json\/wp\/v2\/product_brand?post=293759"},{"taxonomy":"product_cat","embeddable":true,"href":"https:\/\/glamuur.ee\/et\/wp-json\/wp\/v2\/product_cat?post=293759"},{"taxonomy":"product_tag","embeddable":true,"href":"https:\/\/glamuur.ee\/et\/wp-json\/wp\/v2\/product_tag?post=293759"},{"taxonomy":"giftcard-category","embeddable":true,"href":"https:\/\/glamuur.ee\/et\/wp-json\/wp\/v2\/giftcard-category?post=293759"}],"curies":[{"name":"wp","href":"https:\/\/api.w.org\/{rel}","templated":true}]}}