{"id":293756,"date":"2025-09-11T17:33:29","date_gmt":"2025-09-11T14:33:29","guid":{"rendered":"https:\/\/glamuur.ee\/?post_type=product&#038;p=293756"},"modified":"2026-03-24T16:45:04","modified_gmt":"2026-03-24T14:45:04","slug":"ti-sento-ring-12383zy","status":"publish","type":"product","link":"https:\/\/glamuur.ee\/et\/product\/ti-sento-ring-12383zy\/","title":{"rendered":"TI SENTO Ring 12383ZY"},"content":{"rendered":"<p>Nautige skulptuurset s\u00e4ra selle TI SENTO kullatud h\u00f5bedast s\u00f5rmusega 12383ZY.<br \/>\n925 sterlingh\u00f5bedast sepistatud rihmaga vahelduvad peegelrikkad plaatinaosad s\u00e4ravate kollakuldsete l\u00fclidega, luues d\u00fcnaamilise r\u00fctmi \u00fcmber s\u00f5rme. Dispetseeritud valge kuubilise tsirkooniumiga paneel kroonib disaini, lisades sellele rafineeritud s\u00e4ra, mis t\u00f5stab soojade ja jahedate toonide m\u00e4ngu. See on piisavalt julge, et seista \u00fcksinda, kuid piisavalt \u00f5huke, et seda kokku panna, ning sobib sujuvalt kontorir\u00f5ivaste ja tumeda siidi vahele. See on niklivaba ja h\u00fcpoallergeenne ning pakub luksuslikku mugavust iga kandmisega.<\/p>","protected":false},"excerpt":{"rendered":"<p> TI SENTO s\u00f5rmus 12383ZY Laius: 6 mm - Riba laius alla: 2 mm <\/p>","protected":false},"featured_media":293016,"comment_status":"open","ping_status":"closed","template":"","meta":{"jetpack_post_was_ever_published":false},"product_brand":[1063],"product_cat":[730,1062,145],"product_tag":[],"giftcard-category":[],"class_list":{"0":"post-293756","1":"product","2":"type-product","3":"status-publish","4":"has-post-thumbnail","6":"product_brand-ti-sento-milano","7":"product_cat-rings","8":"product_cat-ti-sento-milano-aw25","9":"product_cat-ti-sento-milano-rings","10":"pa_material-silver","11":"pa_metal-color-yellow-gold","12":"pa_product-brand-ti-sento-milano","13":"pa_size-48-1550","14":"pa_size-50-1600","15":"pa_size-52-1650","16":"pa_size-54-1725","17":"pa_size-56-1775","18":"pa_size-58-1850","19":"pa_size-60-1900","20":"pa_size-62-1950","21":"pa_stone-color-white","22":"pa_type-category-rings","24":"first","25":"instock","26":"taxable","27":"shipping-taxable","28":"purchasable","29":"product-type-variable"},"bundled_by":[],"bundle_stock_status":"instock","bundle_stock_quantity":null,"bundle_virtual":false,"bundle_layout":"","bundle_add_to_cart_form_location":"","bundle_editable_in_cart":false,"bundle_sold_individually_context":"","bundle_item_grouping":"","bundle_min_size":"","bundle_max_size":"","bundle_price":[],"bundled_items":[],"bundle_sell_ids":[],"etheme_brands":{"errors":{"invalid_taxonomy":["Lubamatu taksonoomia."]},"error_data":[]},"_links":{"self":[{"href":"https:\/\/glamuur.ee\/et\/wp-json\/wp\/v2\/product\/293756","targetHints":{"allow":["GET"]}}],"collection":[{"href":"https:\/\/glamuur.ee\/et\/wp-json\/wp\/v2\/product"}],"about":[{"href":"https:\/\/glamuur.ee\/et\/wp-json\/wp\/v2\/types\/product"}],"replies":[{"embeddable":true,"href":"https:\/\/glamuur.ee\/et\/wp-json\/wp\/v2\/comments?post=293756"}],"wp:featuredmedia":[{"embeddable":true,"href":"https:\/\/glamuur.ee\/et\/wp-json\/wp\/v2\/media\/293016"}],"wp:attachment":[{"href":"https:\/\/glamuur.ee\/et\/wp-json\/wp\/v2\/media?parent=293756"}],"wp:term":[{"taxonomy":"product_brand","embeddable":true,"href":"https:\/\/glamuur.ee\/et\/wp-json\/wp\/v2\/product_brand?post=293756"},{"taxonomy":"product_cat","embeddable":true,"href":"https:\/\/glamuur.ee\/et\/wp-json\/wp\/v2\/product_cat?post=293756"},{"taxonomy":"product_tag","embeddable":true,"href":"https:\/\/glamuur.ee\/et\/wp-json\/wp\/v2\/product_tag?post=293756"},{"taxonomy":"giftcard-category","embeddable":true,"href":"https:\/\/glamuur.ee\/et\/wp-json\/wp\/v2\/giftcard-category?post=293756"}],"curies":[{"name":"wp","href":"https:\/\/api.w.org\/{rel}","templated":true}]}}