{"id":293755,"date":"2025-09-11T17:32:45","date_gmt":"2025-09-11T14:32:45","guid":{"rendered":"https:\/\/glamuur.ee\/?post_type=product&#038;p=293755"},"modified":"2026-04-14T16:38:06","modified_gmt":"2026-04-14T13:38:06","slug":"ti-sento-ring-12382zy","status":"publish","type":"product","link":"https:\/\/glamuur.ee\/et\/product\/ti-sento-ring-12382zy\/","title":{"rendered":"TI SENTO Ring 12382ZY"},"content":{"rendered":"<p>See TI SENTO kullatud h\u00f5bedast s\u00f5rmus 12382ZY on ajatu rafineerimine. 925 sterlingh\u00f5bedast valmistatud ja h\u00f5\u00f5guva kollase kullaga kaetud s\u00f5rmust kroonib \u00f5rn pael, mis koosneb peenikestest briljantl\u00f5ikega valgetest kuubikutest tsirkooniatest. Nende peene profiiliga meenutab klassikalise igavikus\u00f5rmuse elegantsi, lisades sellele valguse sosinat, mis sobitub sujuvalt nii vintage p\u00e4randite kui ka moodsate korstnatega. Kandke seda igap\u00e4evaselt v\u00f5i kinkige see diskreetseks p\u00fcsiva kiindumuse s\u00fcmboliks. See on niklivaba ja h\u00fcpoallergeenne, mis lubab luksuslikku mugavust p\u00e4evast p\u00e4eva.<\/p>","protected":false},"excerpt":{"rendered":"<p> TI SENTO s\u00f5rmus 12382ZY Laius: 2 mm - Kivi l\u00e4bim\u00f5\u00f5t: 2 mm - Riba laius alla: 2 mm <\/p>","protected":false},"featured_media":293012,"comment_status":"open","ping_status":"closed","template":"","meta":{"jetpack_post_was_ever_published":false},"product_brand":[1063],"product_cat":[730,1062,145],"product_tag":[],"giftcard-category":[],"class_list":{"0":"post-293755","1":"product","2":"type-product","3":"status-publish","4":"has-post-thumbnail","6":"product_brand-ti-sento-milano","7":"product_cat-rings","8":"product_cat-ti-sento-milano-aw25","9":"product_cat-ti-sento-milano-rings","10":"pa_material-silver","11":"pa_metal-color-yellow-gold","12":"pa_product-brand-ti-sento-milano","13":"pa_size-48-1550","14":"pa_size-50-1600","15":"pa_size-52-1650","16":"pa_size-54-1725","17":"pa_size-56-1775","18":"pa_size-58-1850","19":"pa_size-60-1900","20":"pa_size-62-1950","21":"pa_stone-color-white","22":"pa_type-category-rings","24":"first","25":"instock","26":"taxable","27":"shipping-taxable","28":"purchasable","29":"product-type-variable"},"bundled_by":[],"bundle_stock_status":"instock","bundle_stock_quantity":1,"bundle_virtual":false,"bundle_layout":"","bundle_add_to_cart_form_location":"","bundle_editable_in_cart":false,"bundle_sold_individually_context":"","bundle_item_grouping":"","bundle_min_size":"","bundle_max_size":"","bundle_price":[],"bundled_items":[],"bundle_sell_ids":[],"etheme_brands":{"errors":{"invalid_taxonomy":["Lubamatu taksonoomia."]},"error_data":[]},"_links":{"self":[{"href":"https:\/\/glamuur.ee\/et\/wp-json\/wp\/v2\/product\/293755","targetHints":{"allow":["GET"]}}],"collection":[{"href":"https:\/\/glamuur.ee\/et\/wp-json\/wp\/v2\/product"}],"about":[{"href":"https:\/\/glamuur.ee\/et\/wp-json\/wp\/v2\/types\/product"}],"replies":[{"embeddable":true,"href":"https:\/\/glamuur.ee\/et\/wp-json\/wp\/v2\/comments?post=293755"}],"wp:featuredmedia":[{"embeddable":true,"href":"https:\/\/glamuur.ee\/et\/wp-json\/wp\/v2\/media\/293012"}],"wp:attachment":[{"href":"https:\/\/glamuur.ee\/et\/wp-json\/wp\/v2\/media?parent=293755"}],"wp:term":[{"taxonomy":"product_brand","embeddable":true,"href":"https:\/\/glamuur.ee\/et\/wp-json\/wp\/v2\/product_brand?post=293755"},{"taxonomy":"product_cat","embeddable":true,"href":"https:\/\/glamuur.ee\/et\/wp-json\/wp\/v2\/product_cat?post=293755"},{"taxonomy":"product_tag","embeddable":true,"href":"https:\/\/glamuur.ee\/et\/wp-json\/wp\/v2\/product_tag?post=293755"},{"taxonomy":"giftcard-category","embeddable":true,"href":"https:\/\/glamuur.ee\/et\/wp-json\/wp\/v2\/giftcard-category?post=293755"}],"curies":[{"name":"wp","href":"https:\/\/api.w.org\/{rel}","templated":true}]}}