{"id":293753,"date":"2025-09-11T17:28:39","date_gmt":"2025-09-11T14:28:39","guid":{"rendered":"https:\/\/glamuur.ee\/?post_type=product&#038;p=293753"},"modified":"2026-04-15T17:05:13","modified_gmt":"2026-04-15T14:05:13","slug":"ti-sento-ring-12381zy","status":"publish","type":"product","link":"https:\/\/glamuur.ee\/et\/product\/ti-sento-ring-12381zy\/","title":{"rendered":"TI SENTO Ring 12381ZY"},"content":{"rendered":"<p>T\u00f5sta igap\u00e4evast elegantsust selle TI SENTO kullatud h\u00f5bedast s\u00f5rmusega 12381ZY. 925 sterlingh\u00f5bedast valmistatud ja s\u00e4rava kollase kullaga kaetud sihvakas rihm on kaunistatud seitsme peene briljantl\u00f5ikega valge tsirkooniumiga, mis joonistavad \u00f5rna valguskaare \u00fcle s\u00f5rme. Nende rafineeritud skaala annab sosinal s\u00e4ra, mis on t\u00e4iuslik, et lisada s\u00e4ra, ilma et teie v\u00e4limus oleks \u00fcle j\u00f5u k\u00e4iv. Kandke seda \u00fcksi, et saavutada tagasihoidlik rafineeritus, v\u00f5i \u00fchendage see eri laiusega rihmadega, et luua isikup\u00e4rane s\u00e4ra. See on niklivaba ja h\u00fcpoallergeenne ning pakub luksuslikku mugavust hommikust \u00f5htuni.<\/p>","protected":false},"excerpt":{"rendered":"<p> TI SENTO s\u00f5rmus 12381ZY Laius: 2 mm - Kivi l\u00e4bim\u00f5\u00f5t: 3 mm - Riba laius alla: 2 mm <\/p>","protected":false},"featured_media":293004,"comment_status":"open","ping_status":"closed","template":"","meta":{"jetpack_post_was_ever_published":false},"product_brand":[1063],"product_cat":[730,1062,145],"product_tag":[],"giftcard-category":[],"class_list":{"0":"post-293753","1":"product","2":"type-product","3":"status-publish","4":"has-post-thumbnail","6":"product_brand-ti-sento-milano","7":"product_cat-rings","8":"product_cat-ti-sento-milano-aw25","9":"product_cat-ti-sento-milano-rings","10":"pa_material-silver","11":"pa_metal-color-yellow-gold","12":"pa_product-brand-ti-sento-milano","13":"pa_size-48-1550","14":"pa_size-50-1600","15":"pa_size-52-1650","16":"pa_size-54-1725","17":"pa_size-56-1775","18":"pa_size-58-1850","19":"pa_size-60-1900","20":"pa_size-62-1950","21":"pa_stone-color-white","22":"pa_type-category-rings","24":"first","25":"instock","26":"taxable","27":"shipping-taxable","28":"purchasable","29":"product-type-variable"},"bundled_by":[],"bundle_stock_status":"instock","bundle_stock_quantity":1,"bundle_virtual":false,"bundle_layout":"","bundle_add_to_cart_form_location":"","bundle_editable_in_cart":false,"bundle_sold_individually_context":"","bundle_item_grouping":"","bundle_min_size":"","bundle_max_size":"","bundle_price":[],"bundled_items":[],"bundle_sell_ids":[],"etheme_brands":{"errors":{"invalid_taxonomy":["Lubamatu taksonoomia."]},"error_data":[]},"_links":{"self":[{"href":"https:\/\/glamuur.ee\/et\/wp-json\/wp\/v2\/product\/293753","targetHints":{"allow":["GET"]}}],"collection":[{"href":"https:\/\/glamuur.ee\/et\/wp-json\/wp\/v2\/product"}],"about":[{"href":"https:\/\/glamuur.ee\/et\/wp-json\/wp\/v2\/types\/product"}],"replies":[{"embeddable":true,"href":"https:\/\/glamuur.ee\/et\/wp-json\/wp\/v2\/comments?post=293753"}],"wp:featuredmedia":[{"embeddable":true,"href":"https:\/\/glamuur.ee\/et\/wp-json\/wp\/v2\/media\/293004"}],"wp:attachment":[{"href":"https:\/\/glamuur.ee\/et\/wp-json\/wp\/v2\/media?parent=293753"}],"wp:term":[{"taxonomy":"product_brand","embeddable":true,"href":"https:\/\/glamuur.ee\/et\/wp-json\/wp\/v2\/product_brand?post=293753"},{"taxonomy":"product_cat","embeddable":true,"href":"https:\/\/glamuur.ee\/et\/wp-json\/wp\/v2\/product_cat?post=293753"},{"taxonomy":"product_tag","embeddable":true,"href":"https:\/\/glamuur.ee\/et\/wp-json\/wp\/v2\/product_tag?post=293753"},{"taxonomy":"giftcard-category","embeddable":true,"href":"https:\/\/glamuur.ee\/et\/wp-json\/wp\/v2\/giftcard-category?post=293753"}],"curies":[{"name":"wp","href":"https:\/\/api.w.org\/{rel}","templated":true}]}}