{"id":293751,"date":"2025-09-11T17:28:31","date_gmt":"2025-09-11T14:28:31","guid":{"rendered":"https:\/\/glamuur.ee\/?post_type=product&#038;p=293751"},"modified":"2025-11-16T13:48:15","modified_gmt":"2025-11-16T11:48:15","slug":"ti-sento-ring-12380zy","status":"publish","type":"product","link":"https:\/\/glamuur.ee\/et\/product\/ti-sento-ring-12380zy\/","title":{"rendered":"TI SENTO Ring 12380ZY"},"content":{"rendered":"<p>Nautige s\u00e4ravat rafineeritust selle TI SENTO kullatud h\u00f5bedast s\u00f5rmusega 12380ZY. 925 sterlingh\u00f5bedast valmistatud ja helendava kollase kullaga kaetud rihm kujutab endast seitset suurendatud briljantl\u00f5ikega valget tsirkooniumi, mis moodustavad s\u00e4rava kaare \u00fcle s\u00f5rme. Nende suurejooneline suurus ja \u00f5mblusteta kinnitus viitavad vintage glamuuri kaasaegsele versioonile, v\u00f5imendades samal ajal valgust igast nurgast. Pange see \u00fcksi silmatorkava elegantsi saavutamiseks laua ja \u00f5htus\u00f6\u00f6gi vahel v\u00f5i \u00fchendage see \u00f5hukeste kullast rihmadega, et saavutada kureeritav s\u00e4ra. See on niklivaba ja h\u00fcpoallergeenne, mis lubab luksuslikku mugavust iga kandmisega.<\/p>","protected":false},"excerpt":{"rendered":"<p> TI SENTO s\u00f5rmus 12380ZY Laius: 2 mm - Kivi l\u00e4bim\u00f5\u00f5t: 4 mm - Riba laius alla: 2 mm <\/p>","protected":false},"featured_media":292996,"comment_status":"open","ping_status":"closed","template":"","meta":{"jetpack_post_was_ever_published":false},"product_brand":[1063],"product_cat":[730,1062,145],"product_tag":[],"giftcard-category":[],"class_list":{"0":"post-293751","1":"product","2":"type-product","3":"status-publish","4":"has-post-thumbnail","6":"product_brand-ti-sento-milano","7":"product_cat-rings","8":"product_cat-ti-sento-milano-aw25","9":"product_cat-ti-sento-milano-rings","10":"pa_material-silver","11":"pa_metal-color-yellow-gold","12":"pa_product-brand-ti-sento-milano","13":"pa_size-48-1550","14":"pa_size-50-1600","15":"pa_size-52-1650","16":"pa_size-54-1725","17":"pa_size-56-1775","18":"pa_size-58-1850","19":"pa_size-60-1900","20":"pa_size-62-1950","21":"pa_stone-color-white","22":"pa_type-category-rings","24":"first","25":"instock","26":"taxable","27":"shipping-taxable","28":"purchasable","29":"product-type-variable"},"bundled_by":[],"bundle_stock_status":"instock","bundle_stock_quantity":1,"bundle_virtual":false,"bundle_layout":"","bundle_add_to_cart_form_location":"","bundle_editable_in_cart":false,"bundle_sold_individually_context":"","bundle_item_grouping":"","bundle_min_size":"","bundle_max_size":"","bundle_price":[],"bundled_items":[],"bundle_sell_ids":[],"etheme_brands":{"errors":{"invalid_taxonomy":["Lubamatu taksonoomia."]},"error_data":[]},"_links":{"self":[{"href":"https:\/\/glamuur.ee\/et\/wp-json\/wp\/v2\/product\/293751","targetHints":{"allow":["GET"]}}],"collection":[{"href":"https:\/\/glamuur.ee\/et\/wp-json\/wp\/v2\/product"}],"about":[{"href":"https:\/\/glamuur.ee\/et\/wp-json\/wp\/v2\/types\/product"}],"replies":[{"embeddable":true,"href":"https:\/\/glamuur.ee\/et\/wp-json\/wp\/v2\/comments?post=293751"}],"wp:featuredmedia":[{"embeddable":true,"href":"https:\/\/glamuur.ee\/et\/wp-json\/wp\/v2\/media\/292996"}],"wp:attachment":[{"href":"https:\/\/glamuur.ee\/et\/wp-json\/wp\/v2\/media?parent=293751"}],"wp:term":[{"taxonomy":"product_brand","embeddable":true,"href":"https:\/\/glamuur.ee\/et\/wp-json\/wp\/v2\/product_brand?post=293751"},{"taxonomy":"product_cat","embeddable":true,"href":"https:\/\/glamuur.ee\/et\/wp-json\/wp\/v2\/product_cat?post=293751"},{"taxonomy":"product_tag","embeddable":true,"href":"https:\/\/glamuur.ee\/et\/wp-json\/wp\/v2\/product_tag?post=293751"},{"taxonomy":"giftcard-category","embeddable":true,"href":"https:\/\/glamuur.ee\/et\/wp-json\/wp\/v2\/giftcard-category?post=293751"}],"curies":[{"name":"wp","href":"https:\/\/api.w.org\/{rel}","templated":true}]}}