{"id":293746,"date":"2025-09-11T17:28:10","date_gmt":"2025-09-11T14:28:10","guid":{"rendered":"https:\/\/glamuur.ee\/?post_type=product&#038;p=293746"},"modified":"2026-04-13T21:02:11","modified_gmt":"2026-04-13T18:02:11","slug":"ti-sento-ring-12318zt","status":"publish","type":"product","link":"https:\/\/glamuur.ee\/et\/product\/ti-sento-ring-12318zt\/","title":{"rendered":"TI SENTO Ring 12318ZT"},"content":{"rendered":"<p>Kaasaegne harmoonia, mille tagab see TI SENTO kolmev\u00e4rviline h\u00f5bedane s\u00f5rmus 12318ZT. \u00dcksteisega p\u00f5imunud rihmad loovad kunstliku r\u00fctmi, mis koosneb kiirgavast kollasest kullast, pehmest roosast kullast, esmaklassilisest h\u00f5bedast ja pimestavast tsirkooniumist, mis k\u00f5ik on valmistatud 925 sterlingh\u00f5bedast. \u00dchel rihmaga on briljantseid valgeid kuubikujulisi tsirkoone, mis lisavad valgust ja m\u00f5\u00f5det, ilma et see liigselt r\u00f5huks disainile. Kandke see iseseisva avaldusena v\u00f5i kihistage see \u00f5hukeste korstnatega, et luua oma lugu. See niklivaba, h\u00fcpoallergeenne s\u00f5rmus on valmistatud tundliku naha jaoks, mis tagab p\u00fcsiva mugavuse ja kvaliteedi.<\/p>","protected":false},"excerpt":{"rendered":"<p>TI SENTO Ring 12318ZT Laius: 9 mm - Riba laius alla: 7 mm<\/p>","protected":false},"featured_media":292976,"comment_status":"open","ping_status":"closed","template":"","meta":{"jetpack_post_was_ever_published":false},"product_brand":[1063],"product_cat":[943,730,1062,145],"product_tag":[],"giftcard-category":[],"class_list":{"0":"post-293746","1":"product","2":"type-product","3":"status-publish","4":"has-post-thumbnail","6":"product_brand-ti-sento-milano","7":"product_cat-outlet-2","8":"product_cat-rings","9":"product_cat-ti-sento-milano-aw25","10":"product_cat-ti-sento-milano-rings","11":"pa_material-silver","12":"pa_metal-color-yellow-gold","13":"pa_product-brand-ti-sento-milano","14":"pa_size-48-1550","15":"pa_size-50-1600","16":"pa_size-52-1650","17":"pa_size-54-1725","18":"pa_size-56-1775","19":"pa_size-58-1850","20":"pa_size-60-1900","21":"pa_size-62-1950","22":"pa_stone-color-white","23":"pa_type-category-rings","25":"first","26":"instock","27":"taxable","28":"shipping-taxable","29":"purchasable","30":"product-type-variable"},"bundled_by":[],"bundle_stock_status":"instock","bundle_stock_quantity":1,"bundle_virtual":false,"bundle_layout":"","bundle_add_to_cart_form_location":"","bundle_editable_in_cart":false,"bundle_sold_individually_context":"","bundle_item_grouping":"","bundle_min_size":"","bundle_max_size":"","bundle_price":[],"bundled_items":[],"bundle_sell_ids":[],"etheme_brands":{"errors":{"invalid_taxonomy":["Lubamatu taksonoomia."]},"error_data":[]},"_links":{"self":[{"href":"https:\/\/glamuur.ee\/et\/wp-json\/wp\/v2\/product\/293746","targetHints":{"allow":["GET"]}}],"collection":[{"href":"https:\/\/glamuur.ee\/et\/wp-json\/wp\/v2\/product"}],"about":[{"href":"https:\/\/glamuur.ee\/et\/wp-json\/wp\/v2\/types\/product"}],"replies":[{"embeddable":true,"href":"https:\/\/glamuur.ee\/et\/wp-json\/wp\/v2\/comments?post=293746"}],"wp:featuredmedia":[{"embeddable":true,"href":"https:\/\/glamuur.ee\/et\/wp-json\/wp\/v2\/media\/292976"}],"wp:attachment":[{"href":"https:\/\/glamuur.ee\/et\/wp-json\/wp\/v2\/media?parent=293746"}],"wp:term":[{"taxonomy":"product_brand","embeddable":true,"href":"https:\/\/glamuur.ee\/et\/wp-json\/wp\/v2\/product_brand?post=293746"},{"taxonomy":"product_cat","embeddable":true,"href":"https:\/\/glamuur.ee\/et\/wp-json\/wp\/v2\/product_cat?post=293746"},{"taxonomy":"product_tag","embeddable":true,"href":"https:\/\/glamuur.ee\/et\/wp-json\/wp\/v2\/product_tag?post=293746"},{"taxonomy":"giftcard-category","embeddable":true,"href":"https:\/\/glamuur.ee\/et\/wp-json\/wp\/v2\/giftcard-category?post=293746"}],"curies":[{"name":"wp","href":"https:\/\/api.w.org\/{rel}","templated":true}]}}