{"id":293459,"date":"2025-09-11T13:46:08","date_gmt":"2025-09-11T10:46:08","guid":{"rendered":"https:\/\/glamuur.ee\/?post_type=product&#038;p=293459"},"modified":"2026-03-16T18:30:11","modified_gmt":"2026-03-16T16:30:11","slug":"https-glamuur-ee-wp-content-uploads-2025-09-7857zt_1-scaled-jpg","status":"publish","type":"product","link":"https:\/\/glamuur.ee\/et\/product\/https-glamuur-ee-wp-content-uploads-2025-09-7857zt_1-scaled-jpg\/","title":{"rendered":"TI SENTO k\u00f5rvar\u00f5ngad 7857ZT"},"content":{"rendered":"<p>Avastage s\u00e4ravat harmooniat nende TI SENTO kolmev\u00e4rviliste h\u00f5bedast k\u00f5rvar\u00f5ngaste 7857ZT abil. Iga 925 h\u00f5bedast valmistatud r\u00f5ngas on oma isikup\u00e4ra: \u00fcks on kaetud helendava kollase kullaga, teine poleeritud roosa kullaga ja kolmas plaatinaga ning t\u00e4ielikult paveeritud s\u00e4rava valge tsirkooniumiga. Liigendatud disain laseb s\u00f5rmustel s\u00f5ltumatult k\u00f5iguda, p\u00fc\u00fcdes valgust ja luues peene m\u00e4ngu soojuse, punetuse ja jaheda l\u00e4ike vahel. T\u00f5sta need igap\u00e4evaste r\u00f5ivaste esilet\u00f5stmiseks, seej\u00e4rel kihista neid \u00f5hukeste kallistustega, et p\u00e4rast pimedat kureerida k\u00f5rvade virna. Niklivabad ja h\u00fcpoallergeensed, lubavad nad luksuslikku mugavust hommikust \u00f5htuni.<\/p>","protected":false},"excerpt":{"rendered":"<p>TI SENTO k\u00f5rvar\u00f5ngad 7857ZT. Pikkus: 20,5 mm - Laius: 12 mm - Kivi l\u00e4bim\u00f5\u00f5t: 12 mm - K\u00f5rvar\u00f5nga v\u00e4lisl\u00e4bim\u00f5\u00f5t: 13 mm<\/p>","protected":false},"featured_media":292968,"comment_status":"open","ping_status":"closed","template":"","meta":{"jetpack_post_was_ever_published":false},"product_brand":[1063],"product_cat":[725,1062,143],"product_tag":[],"giftcard-category":[],"class_list":{"0":"post-293459","1":"product","2":"type-product","3":"status-publish","4":"has-post-thumbnail","6":"product_brand-ti-sento-milano","7":"product_cat-earrings","8":"product_cat-ti-sento-milano-aw25","9":"product_cat-ti-sento-milano-earrings","10":"pa_material-silver","11":"pa_metal-color-yellow-gold","12":"pa_product-brand-ti-sento-milano","13":"pa_stone-color-white","14":"pa_type-category-earrings","16":"first","17":"instock","18":"taxable","19":"shipping-taxable","20":"purchasable","21":"product-type-simple"},"bundled_by":[],"bundle_stock_status":"instock","bundle_stock_quantity":1,"bundle_virtual":false,"bundle_layout":"","bundle_add_to_cart_form_location":"","bundle_editable_in_cart":false,"bundle_sold_individually_context":"","bundle_item_grouping":"","bundle_min_size":"","bundle_max_size":"","bundle_price":[],"bundled_items":[],"bundle_sell_ids":[],"etheme_brands":{"errors":{"invalid_taxonomy":["Lubamatu taksonoomia."]},"error_data":[]},"_links":{"self":[{"href":"https:\/\/glamuur.ee\/et\/wp-json\/wp\/v2\/product\/293459","targetHints":{"allow":["GET"]}}],"collection":[{"href":"https:\/\/glamuur.ee\/et\/wp-json\/wp\/v2\/product"}],"about":[{"href":"https:\/\/glamuur.ee\/et\/wp-json\/wp\/v2\/types\/product"}],"replies":[{"embeddable":true,"href":"https:\/\/glamuur.ee\/et\/wp-json\/wp\/v2\/comments?post=293459"}],"wp:featuredmedia":[{"embeddable":true,"href":"https:\/\/glamuur.ee\/et\/wp-json\/wp\/v2\/media\/292968"}],"wp:attachment":[{"href":"https:\/\/glamuur.ee\/et\/wp-json\/wp\/v2\/media?parent=293459"}],"wp:term":[{"taxonomy":"product_brand","embeddable":true,"href":"https:\/\/glamuur.ee\/et\/wp-json\/wp\/v2\/product_brand?post=293459"},{"taxonomy":"product_cat","embeddable":true,"href":"https:\/\/glamuur.ee\/et\/wp-json\/wp\/v2\/product_cat?post=293459"},{"taxonomy":"product_tag","embeddable":true,"href":"https:\/\/glamuur.ee\/et\/wp-json\/wp\/v2\/product_tag?post=293459"},{"taxonomy":"giftcard-category","embeddable":true,"href":"https:\/\/glamuur.ee\/et\/wp-json\/wp\/v2\/giftcard-category?post=293459"}],"curies":[{"name":"wp","href":"https:\/\/api.w.org\/{rel}","templated":true}]}}