{"id":293456,"date":"2025-09-11T13:45:58","date_gmt":"2025-09-11T10:45:58","guid":{"rendered":"https:\/\/glamuur.ee\/?post_type=product&#038;p=293456"},"modified":"2026-04-15T17:05:10","modified_gmt":"2026-04-15T14:05:10","slug":"https-glamuur-ee-wp-content-uploads-2025-09-78044yp_1-scaled-jpg","status":"publish","type":"product","link":"https:\/\/glamuur.ee\/et\/product\/https-glamuur-ee-wp-content-uploads-2025-09-78044yp_1-scaled-jpg\/","title":{"rendered":"TI SENTO k\u00f5rvar\u00f5ngad 78044YP"},"content":{"rendered":"<p>Hellitage helendavat kunsti nende TI SENTO kullatud h\u00f5bedast k\u00f5rvar\u00f5ngaste 78044YP abil. 925 sterlingh\u00f5bedast k\u00e4sitsi valmistatud ja s\u00e4rava kollase kullaga kaetud \u00f5rnad r\u00f5ngad riputavad orgaanilise, vabakujulise l\u00f5ikega valge p\u00e4rli, mis m\u00e4ngib valguse ja varjudega. \u00d5rn ebakorrap\u00e4rasus annab igale p\u00e4rlile oma iseloomu, \u00fchendades vintage'i v\u00f5lu rafineeritud modernsusega. Kandke seda paari \u00fcksi, et teha vaikselt lihvitud avaldus, v\u00f5i \u00fchendage need kureeritavasse k\u00f5rvade virna, et lisada pehmust ja m\u00f5\u00f5det. Niklivabad ja h\u00fcpoallergeensed, lubavad nad luksuslikku mugavust hommikust \u00f5htuni.<\/p>","protected":false},"excerpt":{"rendered":"<p>TI SENTO k\u00f5rvar\u00f5ngad 78044YP. Pikkus: 24,5 mm - Laius: 12 mm<\/p>","protected":false},"featured_media":292830,"comment_status":"open","ping_status":"closed","template":"","meta":{"jetpack_post_was_ever_published":false},"product_brand":[1063],"product_cat":[725,1062,143],"product_tag":[],"giftcard-category":[],"class_list":{"0":"post-293456","1":"product","2":"type-product","3":"status-publish","4":"has-post-thumbnail","6":"product_brand-ti-sento-milano","7":"product_cat-earrings","8":"product_cat-ti-sento-milano-aw25","9":"product_cat-ti-sento-milano-earrings","10":"pa_material-silver","11":"pa_metal-color-yellow-gold","12":"pa_product-brand-ti-sento-milano","13":"pa_stone-color-pearl","14":"pa_type-category-earrings","16":"first","17":"instock","18":"taxable","19":"shipping-taxable","20":"purchasable","21":"product-type-simple"},"bundled_by":[],"bundle_stock_status":"instock","bundle_stock_quantity":4,"bundle_virtual":false,"bundle_layout":"","bundle_add_to_cart_form_location":"","bundle_editable_in_cart":false,"bundle_sold_individually_context":"","bundle_item_grouping":"","bundle_min_size":"","bundle_max_size":"","bundle_price":[],"bundled_items":[],"bundle_sell_ids":[],"etheme_brands":{"errors":{"invalid_taxonomy":["Lubamatu taksonoomia."]},"error_data":[]},"_links":{"self":[{"href":"https:\/\/glamuur.ee\/et\/wp-json\/wp\/v2\/product\/293456","targetHints":{"allow":["GET"]}}],"collection":[{"href":"https:\/\/glamuur.ee\/et\/wp-json\/wp\/v2\/product"}],"about":[{"href":"https:\/\/glamuur.ee\/et\/wp-json\/wp\/v2\/types\/product"}],"replies":[{"embeddable":true,"href":"https:\/\/glamuur.ee\/et\/wp-json\/wp\/v2\/comments?post=293456"}],"wp:featuredmedia":[{"embeddable":true,"href":"https:\/\/glamuur.ee\/et\/wp-json\/wp\/v2\/media\/292830"}],"wp:attachment":[{"href":"https:\/\/glamuur.ee\/et\/wp-json\/wp\/v2\/media?parent=293456"}],"wp:term":[{"taxonomy":"product_brand","embeddable":true,"href":"https:\/\/glamuur.ee\/et\/wp-json\/wp\/v2\/product_brand?post=293456"},{"taxonomy":"product_cat","embeddable":true,"href":"https:\/\/glamuur.ee\/et\/wp-json\/wp\/v2\/product_cat?post=293456"},{"taxonomy":"product_tag","embeddable":true,"href":"https:\/\/glamuur.ee\/et\/wp-json\/wp\/v2\/product_tag?post=293456"},{"taxonomy":"giftcard-category","embeddable":true,"href":"https:\/\/glamuur.ee\/et\/wp-json\/wp\/v2\/giftcard-category?post=293456"}],"curies":[{"name":"wp","href":"https:\/\/api.w.org\/{rel}","templated":true}]}}