{"id":293454,"date":"2025-09-11T13:45:54","date_gmt":"2025-09-11T10:45:54","guid":{"rendered":"https:\/\/glamuur.ee\/?post_type=product&#038;p=293454"},"modified":"2026-04-02T14:51:45","modified_gmt":"2026-04-02T11:51:45","slug":"https-glamuur-ee-wp-content-uploads-2025-09-78042gg_1-scaled-jpg","status":"publish","type":"product","link":"https:\/\/glamuur.ee\/et\/product\/https-glamuur-ee-wp-content-uploads-2025-09-78042gg_1-scaled-jpg\/","title":{"rendered":"TI SENTO k\u00f5rvar\u00f5ngad 78042GG"},"content":{"rendered":"<p>Lisage neile TI SENTO kullatud h\u00f5bedast k\u00f5rvar\u00f5ngastele 78042GG pisut moodsat p\u00e4randit.<br \/>\nNeed 925 h\u00f5bedast valmistatud k\u00f5rvar\u00f5ngad on valmistatud 925 h\u00f5bedast ja neis on pehmete, suitsuse s\u00e4ra tekitavate, peenelt lihvitud hallide kividega kaetud padjakujulised kivid. Iga kivi on paigal keeratud kollakuldses pringifikseeringus, mis annab struktuuri ja vintage-t\u00fc\u00fcpi iseloomu. Plaatinaga kaetud konksud on paveeritud briljantse lihviga valge tsirkooniumiga, mis pakub rafineeritud kontrasti toonide ja tekstuuride vahel. Need on tagasihoidlikud, kuid omap\u00e4rased ja toovad peent dramaatilisust nii p\u00e4evar\u00f5ivaste kui ka \u00f5htuste r\u00f5ivaste juurde. Niklivabad ja h\u00fcpoallergeensed, pakuvad need ajatu elegantsi ja mugavust kogu p\u00e4eva jooksul.<\/p>","protected":false},"excerpt":{"rendered":"<p>TI SENTO k\u00f5rvar\u00f5ngad 78042GG. Pikkus: 20 mm - Laius: 10 mm - Kivi l\u00e4bim\u00f5\u00f5t: 11,5 mm.<\/p>","protected":false},"featured_media":293304,"comment_status":"open","ping_status":"closed","template":"","meta":{"jetpack_post_was_ever_published":false},"product_brand":[1063],"product_cat":[725,1062,143],"product_tag":[],"giftcard-category":[],"class_list":{"0":"post-293454","1":"product","2":"type-product","3":"status-publish","4":"has-post-thumbnail","6":"product_brand-ti-sento-milano","7":"product_cat-earrings","8":"product_cat-ti-sento-milano-aw25","9":"product_cat-ti-sento-milano-earrings","10":"pa_material-silver","11":"pa_metal-color-yellow-gold","12":"pa_product-brand-ti-sento-milano","13":"pa_stone-color-green","14":"pa_type-category-earrings","16":"first","17":"instock","18":"taxable","19":"shipping-taxable","20":"purchasable","21":"product-type-simple"},"bundled_by":[],"bundle_stock_status":"instock","bundle_stock_quantity":3,"bundle_virtual":false,"bundle_layout":"","bundle_add_to_cart_form_location":"","bundle_editable_in_cart":false,"bundle_sold_individually_context":"","bundle_item_grouping":"","bundle_min_size":"","bundle_max_size":"","bundle_price":[],"bundled_items":[],"bundle_sell_ids":[],"etheme_brands":{"errors":{"invalid_taxonomy":["Lubamatu taksonoomia."]},"error_data":[]},"_links":{"self":[{"href":"https:\/\/glamuur.ee\/et\/wp-json\/wp\/v2\/product\/293454","targetHints":{"allow":["GET"]}}],"collection":[{"href":"https:\/\/glamuur.ee\/et\/wp-json\/wp\/v2\/product"}],"about":[{"href":"https:\/\/glamuur.ee\/et\/wp-json\/wp\/v2\/types\/product"}],"replies":[{"embeddable":true,"href":"https:\/\/glamuur.ee\/et\/wp-json\/wp\/v2\/comments?post=293454"}],"wp:featuredmedia":[{"embeddable":true,"href":"https:\/\/glamuur.ee\/et\/wp-json\/wp\/v2\/media\/293304"}],"wp:attachment":[{"href":"https:\/\/glamuur.ee\/et\/wp-json\/wp\/v2\/media?parent=293454"}],"wp:term":[{"taxonomy":"product_brand","embeddable":true,"href":"https:\/\/glamuur.ee\/et\/wp-json\/wp\/v2\/product_brand?post=293454"},{"taxonomy":"product_cat","embeddable":true,"href":"https:\/\/glamuur.ee\/et\/wp-json\/wp\/v2\/product_cat?post=293454"},{"taxonomy":"product_tag","embeddable":true,"href":"https:\/\/glamuur.ee\/et\/wp-json\/wp\/v2\/product_tag?post=293454"},{"taxonomy":"giftcard-category","embeddable":true,"href":"https:\/\/glamuur.ee\/et\/wp-json\/wp\/v2\/giftcard-category?post=293454"}],"curies":[{"name":"wp","href":"https:\/\/api.w.org\/{rel}","templated":true}]}}