{"id":293452,"date":"2025-09-11T13:45:49","date_gmt":"2025-09-11T10:45:49","guid":{"rendered":"https:\/\/glamuur.ee\/?post_type=product&#038;p=293452"},"modified":"2026-04-02T14:51:44","modified_gmt":"2026-04-02T11:51:44","slug":"https-glamuur-ee-wp-content-uploads-2025-09-78041sq_1-scaled-jpg","status":"publish","type":"product","link":"https:\/\/glamuur.ee\/et\/product\/https-glamuur-ee-wp-content-uploads-2025-09-78041sq_1-scaled-jpg\/","title":{"rendered":"TI SENTO k\u00f5rvar\u00f5ngad 78041SQ"},"content":{"rendered":"<p>Hellitage pehmet kontrasti nende TI SENTO kullatud h\u00f5bedast k\u00f5rvar\u00f5ngastega 78041SQ.<br \/>\nNeed 925 h\u00f5bedast valmistatud rafineeritud k\u00f5rvar\u00f5ngad on valmistatud 925 sterlingh\u00f5bedast ja neis on l\u00e4bipaistev suitsukaskaspruun padjakujuline kivi, mis on \u00f5rnalt lihvitud, et tekitada sooja, valgust p\u00fc\u00fcdvat s\u00e4ra. Kivi on \u00fcmbritsetud sileda kollase kuldse raamiga ja riputatud plaatinaga kaetud konksu k\u00fclge, mis on paveeritud briljantse lihviga valge tsirkooniumiga. Maheda tooni ja s\u00e4rava s\u00e4ra kombinatsioon muudab need elegantseks valikuks nii igap\u00e4evaseks kandmiseks kui ka \u00f5htuks. Niklivabad ja h\u00fcpoallergeensed, lubavad nad p\u00fcsivat mugavust ja luksuslikku viimistlust.<\/p>","protected":false},"excerpt":{"rendered":"<p>TI SENTO k\u00f5rvar\u00f5ngad 78041SQ. Pikkus: 21 mm - Laius: 9,5 mm - Kivi l\u00e4bim\u00f5\u00f5t: 12 mm.<\/p>","protected":false},"featured_media":293298,"comment_status":"open","ping_status":"closed","template":"","meta":{"jetpack_post_was_ever_published":false},"product_brand":[1063],"product_cat":[725,1062,143],"product_tag":[],"giftcard-category":[],"class_list":{"0":"post-293452","1":"product","2":"type-product","3":"status-publish","4":"has-post-thumbnail","6":"product_brand-ti-sento-milano","7":"product_cat-earrings","8":"product_cat-ti-sento-milano-aw25","9":"product_cat-ti-sento-milano-earrings","10":"pa_material-silver","11":"pa_metal-color-yellow-gold","12":"pa_product-brand-ti-sento-milano","13":"pa_stone-color-brown","14":"pa_type-category-earrings","16":"first","17":"instock","18":"sale","19":"taxable","20":"shipping-taxable","21":"purchasable","22":"product-type-simple"},"bundled_by":[],"bundle_stock_status":"instock","bundle_stock_quantity":2,"bundle_virtual":false,"bundle_layout":"","bundle_add_to_cart_form_location":"","bundle_editable_in_cart":false,"bundle_sold_individually_context":"","bundle_item_grouping":"","bundle_min_size":"","bundle_max_size":"","bundle_price":[],"bundled_items":[],"bundle_sell_ids":[],"etheme_brands":{"errors":{"invalid_taxonomy":["Lubamatu taksonoomia."]},"error_data":[]},"_links":{"self":[{"href":"https:\/\/glamuur.ee\/et\/wp-json\/wp\/v2\/product\/293452","targetHints":{"allow":["GET"]}}],"collection":[{"href":"https:\/\/glamuur.ee\/et\/wp-json\/wp\/v2\/product"}],"about":[{"href":"https:\/\/glamuur.ee\/et\/wp-json\/wp\/v2\/types\/product"}],"replies":[{"embeddable":true,"href":"https:\/\/glamuur.ee\/et\/wp-json\/wp\/v2\/comments?post=293452"}],"wp:featuredmedia":[{"embeddable":true,"href":"https:\/\/glamuur.ee\/et\/wp-json\/wp\/v2\/media\/293298"}],"wp:attachment":[{"href":"https:\/\/glamuur.ee\/et\/wp-json\/wp\/v2\/media?parent=293452"}],"wp:term":[{"taxonomy":"product_brand","embeddable":true,"href":"https:\/\/glamuur.ee\/et\/wp-json\/wp\/v2\/product_brand?post=293452"},{"taxonomy":"product_cat","embeddable":true,"href":"https:\/\/glamuur.ee\/et\/wp-json\/wp\/v2\/product_cat?post=293452"},{"taxonomy":"product_tag","embeddable":true,"href":"https:\/\/glamuur.ee\/et\/wp-json\/wp\/v2\/product_tag?post=293452"},{"taxonomy":"giftcard-category","embeddable":true,"href":"https:\/\/glamuur.ee\/et\/wp-json\/wp\/v2\/giftcard-category?post=293452"}],"curies":[{"name":"wp","href":"https:\/\/api.w.org\/{rel}","templated":true}]}}