{"id":293451,"date":"2025-09-11T13:45:47","date_gmt":"2025-09-11T10:45:47","guid":{"rendered":"https:\/\/glamuur.ee\/?post_type=product&#038;p=293451"},"modified":"2026-04-14T16:38:05","modified_gmt":"2026-04-14T13:38:05","slug":"https-glamuur-ee-wp-content-uploads-2025-09-78041mw_1-scaled-jpg","status":"publish","type":"product","link":"https:\/\/glamuur.ee\/et\/product\/https-glamuur-ee-wp-content-uploads-2025-09-78041mw_1-scaled-jpg\/","title":{"rendered":"TI SENTO k\u00f5rvar\u00f5ngad 78041MW"},"content":{"rendered":"<p>S\u00e4ravad need TI SENTO kullatud h\u00f5bedast k\u00f5rvar\u00f5ngad 78041MW ajatu elegantsiga.<br \/>\nNeed 925 h\u00f5bedast valmistatud graatsilised k\u00f5rvar\u00f5ngad on valmistatud helendavate p\u00e4rlmutterkividega, mis on l\u00f5igatud pehmendatud padjakujuliseks ja raamitud sileda kollase kuldse raamiga. Plaatinaga kaetud konksud on paveeritud briljantidega, mis lisavad s\u00e4ra, mis t\u00e4iendab kivide p\u00e4rlendavat s\u00e4ra. \u00d5rnade liigutuste ja valgust peegeldava viimistlusega sobivad need ideaalselt p\u00e4evase v\u00e4limuse kaunistamiseks v\u00f5i \u00f5htuse riietuse rafineerimiseks. Need niklivabad ja h\u00fcpoallergeensed k\u00f5rvar\u00f5ngad on valmistatud tundliku naha ja kestva elegantsi jaoks.<\/p>","protected":false},"excerpt":{"rendered":"<p>TI SENTO k\u00f5rvar\u00f5ngad 78041MW. Pikkus: 21 mm - Laius: 9,5 mm - Kivi l\u00e4bim\u00f5\u00f5t: 12 mm.<\/p>","protected":false},"featured_media":293295,"comment_status":"open","ping_status":"closed","template":"","meta":{"jetpack_post_was_ever_published":false},"product_brand":[1063],"product_cat":[725,1062,143],"product_tag":[],"giftcard-category":[],"class_list":{"0":"post-293451","1":"product","2":"type-product","3":"status-publish","4":"has-post-thumbnail","6":"product_brand-ti-sento-milano","7":"product_cat-earrings","8":"product_cat-ti-sento-milano-aw25","9":"product_cat-ti-sento-milano-earrings","10":"pa_material-silver","11":"pa_metal-color-yellow-gold","12":"pa_product-brand-ti-sento-milano","13":"pa_stone-color-pearl","14":"pa_type-category-earrings","16":"first","17":"outofstock","18":"sale","19":"taxable","20":"shipping-taxable","21":"purchasable","22":"product-type-simple"},"bundled_by":[],"bundle_stock_status":"outofstock","bundle_stock_quantity":0,"bundle_virtual":false,"bundle_layout":"","bundle_add_to_cart_form_location":"","bundle_editable_in_cart":false,"bundle_sold_individually_context":"","bundle_item_grouping":"","bundle_min_size":"","bundle_max_size":"","bundle_price":[],"bundled_items":[],"bundle_sell_ids":[],"etheme_brands":{"errors":{"invalid_taxonomy":["Lubamatu taksonoomia."]},"error_data":[]},"_links":{"self":[{"href":"https:\/\/glamuur.ee\/et\/wp-json\/wp\/v2\/product\/293451","targetHints":{"allow":["GET"]}}],"collection":[{"href":"https:\/\/glamuur.ee\/et\/wp-json\/wp\/v2\/product"}],"about":[{"href":"https:\/\/glamuur.ee\/et\/wp-json\/wp\/v2\/types\/product"}],"replies":[{"embeddable":true,"href":"https:\/\/glamuur.ee\/et\/wp-json\/wp\/v2\/comments?post=293451"}],"wp:featuredmedia":[{"embeddable":true,"href":"https:\/\/glamuur.ee\/et\/wp-json\/wp\/v2\/media\/293295"}],"wp:attachment":[{"href":"https:\/\/glamuur.ee\/et\/wp-json\/wp\/v2\/media?parent=293451"}],"wp:term":[{"taxonomy":"product_brand","embeddable":true,"href":"https:\/\/glamuur.ee\/et\/wp-json\/wp\/v2\/product_brand?post=293451"},{"taxonomy":"product_cat","embeddable":true,"href":"https:\/\/glamuur.ee\/et\/wp-json\/wp\/v2\/product_cat?post=293451"},{"taxonomy":"product_tag","embeddable":true,"href":"https:\/\/glamuur.ee\/et\/wp-json\/wp\/v2\/product_tag?post=293451"},{"taxonomy":"giftcard-category","embeddable":true,"href":"https:\/\/glamuur.ee\/et\/wp-json\/wp\/v2\/giftcard-category?post=293451"}],"curies":[{"name":"wp","href":"https:\/\/api.w.org\/{rel}","templated":true}]}}